{"id":9269,"date":"2017-07-07T13:14:32","date_gmt":"2017-07-07T13:14:32","guid":{"rendered":"https:\/\/rauchlosefreiheit.de\/?post_type=product&#038;p=9269"},"modified":"2023-04-12T06:41:36","modified_gmt":"2023-04-12T06:41:36","slug":"fly-me-to-mars-e-liquid-aroma-besonders-konzentriert","status":"publish","type":"product","link":"https:\/\/rauchlosefreiheit.de\/it\/shop\/fly-me-to-mars-e-liquid-aroma\/","title":{"rendered":"Portami su Marte E. Aroma liquido particolarmente concentrato"},"content":{"rendered":"<strong><a target=\"_blank\" href=\"https:\/\/rauchlosefreiheit.de\/it\/il-mio-conto-3\/\">Entrare<\/a> Accesso al concessionario<\/strong>","protected":false},"excerpt":{"rendered":"<p>Fly me to Mars sapori sono soprattutto concentrati sapori della migliore qualit\u00e0, sono leggermente pi\u00f9 costosi, ma alla fine pi\u00f9 economico perch\u00e9 si tratta di sapori molto concentrati. Hai bisogno di meno, solo la met\u00e0 circa. Il rapporto di miscelazione \u00e8 di circa 5%.<\/p>\n<p>Fly me to Mars \u00e8 un nuovo fornitore sul mercato di E Liquid, i gusti sono accuratamente selezionati e pi\u00f9 forti dei liquidi di un concorrente medio. \u00c8 un grande vantaggio che \u00e8 necessario meno, quindi si ha anche pi\u00f9 spazio nella fiala per altre sostanze come nicotina, PG e\/o VG. Oltre a questi vantaggi c'\u00e8 anche un guadagno di sapore. <em>messa a punto<\/em> \u00e8 molto pi\u00f9 facile e con un risultato finale migliore.<\/p>","protected":false},"featured_media":39390,"comment_status":"open","ping_status":"closed","template":"","meta":{"_acf_changed":false,"_genesis_hide_title":false,"_genesis_hide_breadcrumbs":false,"_genesis_hide_singular_image":false,"_genesis_hide_footer_widgets":false,"_genesis_custom_body_class":"","_genesis_custom_post_class":"","_genesis_layout":""},"product_brand":[],"product_cat":[1585],"product_tag":[],"class_list":{"1":"product","2":"type-product","6":"product_cat-fly-me-to-mars-aromen","7":"pa_inhalt-ml-liter-30-ml","8":"entry","10":"first","11":"outofstock","12":"taxable","13":"shipping-taxable","14":"product-type-variable"},"acf":[],"_links":{"self":[{"href":"https:\/\/rauchlosefreiheit.de\/it\/wp-json\/wp\/v2\/product\/9269","targetHints":{"allow":["GET"]}}],"collection":[{"href":"https:\/\/rauchlosefreiheit.de\/it\/wp-json\/wp\/v2\/product"}],"about":[{"href":"https:\/\/rauchlosefreiheit.de\/it\/wp-json\/wp\/v2\/types\/product"}],"replies":[{"embeddable":true,"href":"https:\/\/rauchlosefreiheit.de\/it\/wp-json\/wp\/v2\/comments?post=9269"}],"wp:featuredmedia":[{"embeddable":true,"href":"https:\/\/rauchlosefreiheit.de\/it\/wp-json\/wp\/v2\/media\/39390"}],"wp:attachment":[{"href":"https:\/\/rauchlosefreiheit.de\/it\/wp-json\/wp\/v2\/media?parent=9269"}],"wp:term":[{"taxonomy":"product_brand","embeddable":true,"href":"https:\/\/rauchlosefreiheit.de\/it\/wp-json\/wp\/v2\/product_brand?post=9269"},{"taxonomy":"product_cat","embeddable":true,"href":"https:\/\/rauchlosefreiheit.de\/it\/wp-json\/wp\/v2\/product_cat?post=9269"},{"taxonomy":"product_tag","embeddable":true,"href":"https:\/\/rauchlosefreiheit.de\/it\/wp-json\/wp\/v2\/product_tag?post=9269"}],"curies":[{"name":"wp","href":"https:\/\/api.w.org\/{rel}","templated":true}]}}