{"id":794,"date":"2015-02-09T20:42:12","date_gmt":"2015-02-09T20:42:12","guid":{"rendered":"https:\/\/rauchlosefreiheit.de\/?post_type=product&#038;p=794"},"modified":"2019-03-05T11:28:55","modified_gmt":"2019-03-05T11:28:55","slug":"tesla-spider","status":"publish","type":"product","link":"https:\/\/rauchlosefreiheit.de\/it\/shop\/tesla-spider\/","title":{"rendered":"Ragno Tesla"},"content":{"rendered":"","protected":false},"excerpt":{"rendered":"<h2>TESLA Spider Battery - 100% autentico!<\/h2>\n<p>La batteria a tensione variabile TESLA Spider 1300mAh - NUOVO e CALDO!<\/p>\n<p>Il TESLA Spider \u00e8 l'ultima batteria a vite per la regolazione del livello di tensione, circondata da uno speciale strato - tra l'altro nei colori pi\u00f9 diversi e belli - che garantisce un aspetto speciale e una lunga durata. Questa batteria robusta e sagomata permette di vaporizzare per giorni senza doversi ricaricare. La piccola manopola di regolazione nella parte inferiore della batteria permette di regolare il livello di tensione individualmente, a seconda del tipo di filtro utilizzato, semplicemente ruotandola.<\/p>\n<p>Svitando il tappo superiore, sia il 510 che l'eGo possono essere alimentati da questa batteria. In realt\u00e0, questa pratica batteria funziona con quasi tutti i modelli presenti sul mercato.<\/p>\n<p>Lo Spider pu\u00f2 essere ricaricato con il caricabatterie standard eGo 420, che offriamo in questa pagina. Le istruzioni sono anche incluse.<\/p>\n<p>Anche in questo caso i punti pi\u00f9 importanti riassunti:<\/p>\n<ul>\n<li>La batteria \u00e8 disponibile in molti colori diversi<\/li>\n<li>Indicatore di alimentazione a LED bianco<\/li>\n<li>Impostazione tensione variabile tra 3,3V - 4,8V<\/li>\n<li>Anello di lusso a vite per eGo per allungare l'evaporatore (disponibile solo per TESLA Spider)<\/li>\n<li>Lunghezza 132 mm<\/li>\n<li>Diametro 5 mm<\/li>\n<li>Il TESLA Spider \u00e8 pi\u00f9 sicuro delle normali batterie perch\u00e9 ha tre funzioni protettive aggiuntive:<\/li>\n<li>Protezione da cortocircuito: se si verifica un cortocircuito, la batteria si spegne automaticamente e non pu\u00f2 essere utilizzata finch\u00e9 il problema non viene risolto.<\/li>\n<li>Spegnimento sicuro e protezione dell'evaporatore: se il pulsante viene tenuto premuto per 8 secondi, l'evaporatore si spegne completamente fino a quando il pulsante viene premuto di nuovo.<\/li>\n<li>Protezione bassa tensione: se la tensione \u00e8 inferiore a 3,2 volt, la batteria si spegne automaticamente.<\/li>\n<li>5-Click funzione di blocco: se il pulsante viene premuto 5 volte di seguito, la batteria viene accesa o spenta.<\/li>\n<\/ul>\n<p>Se la batteria funziona ad una tensione pi\u00f9 alta, si scarica pi\u00f9 velocemente, quindi si consiglia di iniziare con una bassa tensione e di aumentare lentamente la tensione fino a trovare la tensione ottimale per l'evaporatore.<\/p>","protected":false},"featured_media":0,"comment_status":"open","ping_status":"closed","template":"","meta":{"_acf_changed":false,"_genesis_hide_title":false,"_genesis_hide_breadcrumbs":false,"_genesis_hide_singular_image":false,"_genesis_hide_footer_widgets":false,"_genesis_custom_body_class":"","_genesis_custom_post_class":"","_genesis_layout":""},"product_brand":[],"product_cat":[2625],"product_tag":[],"class_list":{"1":"product","2":"type-product","5":"product_cat-senza-categoria","6":"entry","8":"first","9":"instock","10":"sale","11":"taxable","12":"shipping-taxable","13":"purchasable","14":"product-type-simple"},"acf":[],"_links":{"self":[{"href":"https:\/\/rauchlosefreiheit.de\/it\/wp-json\/wp\/v2\/product\/794","targetHints":{"allow":["GET"]}}],"collection":[{"href":"https:\/\/rauchlosefreiheit.de\/it\/wp-json\/wp\/v2\/product"}],"about":[{"href":"https:\/\/rauchlosefreiheit.de\/it\/wp-json\/wp\/v2\/types\/product"}],"replies":[{"embeddable":true,"href":"https:\/\/rauchlosefreiheit.de\/it\/wp-json\/wp\/v2\/comments?post=794"}],"wp:attachment":[{"href":"https:\/\/rauchlosefreiheit.de\/it\/wp-json\/wp\/v2\/media?parent=794"}],"wp:term":[{"taxonomy":"product_brand","embeddable":true,"href":"https:\/\/rauchlosefreiheit.de\/it\/wp-json\/wp\/v2\/product_brand?post=794"},{"taxonomy":"product_cat","embeddable":true,"href":"https:\/\/rauchlosefreiheit.de\/it\/wp-json\/wp\/v2\/product_cat?post=794"},{"taxonomy":"product_tag","embeddable":true,"href":"https:\/\/rauchlosefreiheit.de\/it\/wp-json\/wp\/v2\/product_tag?post=794"}],"curies":[{"name":"wp","href":"https:\/\/api.w.org\/{rel}","templated":true}]}}