{"id":59710,"date":"2024-01-29T11:27:12","date_gmt":"2024-01-29T11:27:12","guid":{"rendered":"https:\/\/rauchlosefreiheit.de\/?post_type=product&#038;p=59710"},"modified":"2024-09-18T11:32:23","modified_gmt":"2024-09-18T11:32:23","slug":"the-crystal-cp600","status":"publish","type":"product","link":"https:\/\/rauchlosefreiheit.de\/it\/shop\/il-cristallo-cp600\/","title":{"rendered":"Il cristallo CP600"},"content":{"rendered":"<p>Sensazioni di gusto ineguagliabili<\/p>\n<p>Intraprendete un viaggio di sapori con la penna da svapo monouso Crystal CP600. La nostra penna da svapo, sapientemente realizzata, \u00e8 stata progettata per offrire una delizia sensoriale, offrendo una gamma di sapori in grado di soddisfare ogni palato. Dalle deliziose miscele di frutta alle decadenti miscele di dessert, ogni inalazione \u00e8 un'avventura stuzzicante. Il nostro impegno per l'eccellenza dei sapori garantisce che ogni aroma sia distintivo, vibrante e altamente soddisfacente. Elevate la vostra esperienza di svapo e assaporate ogni momento con The Crystal CP600.<\/p>\n<p>La semplicit\u00e0 incontra l'eleganza<\/p>\n<p>Provate l'eleganza nel palmo della mano. La penna monouso Crystal CP600 combina una tecnologia all'avanguardia con un design minimalista ed elegante. Progettata all'insegna della facilit\u00e0 d'uso, questa penna monouso non richiede alcun assemblaggio o ricarica. Basta aprire la confezione per immergersi nel mondo del vaping di alta qualit\u00e0. Dietro l'esterno elegante si nasconde una potente batteria che assicura un'esperienza di svapo fluida e piacevole dalla prima all'ultima boccata. Con Crystal CP600, la convenienza incontra la raffinatezza.<\/p>\n<p>Un impegno per la qualit\u00e0<\/p>\n<p>Elevate la vostra esperienza di svapo con un prodotto progettato per ottenere le massime prestazioni. La penna da svapo monouso Crystal CP600 \u00e8 stata accuratamente realizzata per soddisfare i pi\u00f9 elevati standard di qualit\u00e0 e sicurezza. Ogni componente \u00e8 stato selezionato con precisione per garantire un funzionamento regolare e un'estrazione sempre soddisfacente. Che siate vaper esperti o neofiti del mondo del vaping, la nostra penna monouso vi offre la possibilit\u00e0 di intraprendere un viaggio straordinario. Unitevi alla schiera di coloro che vogliono solo il meglio e regalatevi la Crystal CP600.<\/p>\n<p>Propriet\u00e0<\/p>\n<p>Dimensione: 67,58 mm*39,2 mm*15 mm<br \/>\nVolume del liquido: 2 ml<br \/>\nNumero totale di treni: \u2248 600 treni<br \/>\nIntensit\u00e0 di nicotina: 2%<br \/>\nResistenza della bobina: 1,05\u00b10,1\u03a9<br \/>\nComposizione della bobina: FeCrAl MESH<br \/>\nCapacit\u00e0 della batteria: 500mAh<\/p>","protected":false},"excerpt":{"rendered":"<p>Svelare lo splendore: il Crystal CP600 monouso<\/p>\n<p>Illuminate ogni momento con la penna per vape monouso Crystal CP600<\/p>\n<p>Elevate la vostra esperienza di vaping con la Crystal CP600 Disposable Vape Pen, progettata per darvi un tocco di lusso e comfort a ogni boccata. Scatenate la potenza della tecnologia avanzata dei vaporizzatori in una forma elegante e compatta che si adatta perfettamente al vostro stile di vita. Godetevi la sinfonia di sapori, la facilit\u00e0 d'uso e il design intrigante che distinguono la Crystal CP600 da tutte le altre.<\/p>","protected":false},"featured_media":59703,"comment_status":"closed","ping_status":"closed","template":"","meta":{"_acf_changed":false,"_genesis_hide_title":false,"_genesis_hide_breadcrumbs":false,"_genesis_hide_singular_image":false,"_genesis_hide_footer_widgets":false,"_genesis_custom_body_class":"","_genesis_custom_post_class":"","_genesis_layout":""},"product_brand":[],"product_cat":[3110,3151],"product_tag":[],"class_list":{"1":"product","2":"type-product","6":"product_cat-einweggeraete","7":"product_cat-the-crystal-cp-600","8":"entry","10":"first","11":"outofstock","12":"taxable","13":"shipping-taxable","14":"purchasable","15":"product-type-variable"},"acf":[],"_links":{"self":[{"href":"https:\/\/rauchlosefreiheit.de\/it\/wp-json\/wp\/v2\/product\/59710","targetHints":{"allow":["GET"]}}],"collection":[{"href":"https:\/\/rauchlosefreiheit.de\/it\/wp-json\/wp\/v2\/product"}],"about":[{"href":"https:\/\/rauchlosefreiheit.de\/it\/wp-json\/wp\/v2\/types\/product"}],"replies":[{"embeddable":true,"href":"https:\/\/rauchlosefreiheit.de\/it\/wp-json\/wp\/v2\/comments?post=59710"}],"wp:featuredmedia":[{"embeddable":true,"href":"https:\/\/rauchlosefreiheit.de\/it\/wp-json\/wp\/v2\/media\/59703"}],"wp:attachment":[{"href":"https:\/\/rauchlosefreiheit.de\/it\/wp-json\/wp\/v2\/media?parent=59710"}],"wp:term":[{"taxonomy":"product_brand","embeddable":true,"href":"https:\/\/rauchlosefreiheit.de\/it\/wp-json\/wp\/v2\/product_brand?post=59710"},{"taxonomy":"product_cat","embeddable":true,"href":"https:\/\/rauchlosefreiheit.de\/it\/wp-json\/wp\/v2\/product_cat?post=59710"},{"taxonomy":"product_tag","embeddable":true,"href":"https:\/\/rauchlosefreiheit.de\/it\/wp-json\/wp\/v2\/product_tag?post=59710"}],"curies":[{"name":"wp","href":"https:\/\/api.w.org\/{rel}","templated":true}]}}