{"id":59704,"date":"2024-01-29T11:19:45","date_gmt":"2024-01-29T11:19:45","guid":{"rendered":"https:\/\/rauchlosefreiheit.de\/?post_type=product&#038;p=59704"},"modified":"2024-09-18T11:32:23","modified_gmt":"2024-09-18T11:32:23","slug":"crystal-pro","status":"publish","type":"product","link":"https:\/\/rauchlosefreiheit.de\/it\/shop\/cristallo-pro\/","title":{"rendered":"Cristallo Pro"},"content":{"rendered":"","protected":false},"excerpt":{"rendered":"<p>Il Crystal Vape \u00e8 compatto, portatile e semplice, mentre il Crystal Pro Vape \u00e8 pi\u00f9 grande, pi\u00f9 personalizzabile e offre una maggiore durata della batteria. Considerate le vostre priorit\u00e0, le vostre preferenze di vaping e il vostro budget per decidere quale dispositivo \u00e8 pi\u00f9 adatto alle vostre esigenze.<\/p>","protected":false},"featured_media":59697,"comment_status":"closed","ping_status":"closed","template":"","meta":{"_acf_changed":false,"_genesis_hide_title":false,"_genesis_hide_breadcrumbs":false,"_genesis_hide_singular_image":false,"_genesis_hide_footer_widgets":false,"_genesis_custom_body_class":"","_genesis_custom_post_class":"","_genesis_layout":""},"product_brand":[],"product_cat":[3145,3110],"product_tag":[],"class_list":{"1":"product","2":"type-product","6":"product_cat-crystal-pro","7":"product_cat-einweggeraete","8":"entry","10":"first","11":"outofstock","12":"taxable","13":"shipping-taxable","14":"purchasable","15":"product-type-variable"},"acf":[],"_links":{"self":[{"href":"https:\/\/rauchlosefreiheit.de\/it\/wp-json\/wp\/v2\/product\/59704","targetHints":{"allow":["GET"]}}],"collection":[{"href":"https:\/\/rauchlosefreiheit.de\/it\/wp-json\/wp\/v2\/product"}],"about":[{"href":"https:\/\/rauchlosefreiheit.de\/it\/wp-json\/wp\/v2\/types\/product"}],"replies":[{"embeddable":true,"href":"https:\/\/rauchlosefreiheit.de\/it\/wp-json\/wp\/v2\/comments?post=59704"}],"wp:featuredmedia":[{"embeddable":true,"href":"https:\/\/rauchlosefreiheit.de\/it\/wp-json\/wp\/v2\/media\/59697"}],"wp:attachment":[{"href":"https:\/\/rauchlosefreiheit.de\/it\/wp-json\/wp\/v2\/media?parent=59704"}],"wp:term":[{"taxonomy":"product_brand","embeddable":true,"href":"https:\/\/rauchlosefreiheit.de\/it\/wp-json\/wp\/v2\/product_brand?post=59704"},{"taxonomy":"product_cat","embeddable":true,"href":"https:\/\/rauchlosefreiheit.de\/it\/wp-json\/wp\/v2\/product_cat?post=59704"},{"taxonomy":"product_tag","embeddable":true,"href":"https:\/\/rauchlosefreiheit.de\/it\/wp-json\/wp\/v2\/product_tag?post=59704"}],"curies":[{"name":"wp","href":"https:\/\/api.w.org\/{rel}","templated":true}]}}