{"id":59525,"date":"2024-01-24T09:16:48","date_gmt":"2024-01-24T09:16:48","guid":{"rendered":"https:\/\/rauchlosefreiheit.de\/?post_type=product&#038;p=59525"},"modified":"2025-01-09T14:33:58","modified_gmt":"2025-01-09T14:33:58","slug":"hhc-patrone-oder-starter-kit","status":"publish","type":"product","link":"https:\/\/rauchlosefreiheit.de\/it\/shop\/cartuccia-hhc-o-starter-kit\/","title":{"rendered":"Cartuccia HHC o starter kit"},"content":{"rendered":"<p>Il vaping \u00e8 popolare. Abbiamo sviluppato un vape legale alla cannabis unico nel suo genere. Il liquido contiene la sostanza legale HHC. L'HHC \u00e8 una sostanza psicoattiva proveniente dalla pianta di cannabis.<\/p>\n<p>Questo \u00e8 il prodotto con la pi\u00f9 alta qualit\u00e0 e concentrazione di cannabinoidi sul mercato europeo. Bastano poche boccate per provare in prima persona tutti i benefici della pianta di Cannabis Sativa L.<\/p>","protected":false},"excerpt":{"rendered":"<p>Starter Kit HHC da 1ml completo o solo la cartuccia per chi ha gi\u00e0 una batteria.<\/p>","protected":false},"featured_media":59524,"comment_status":"closed","ping_status":"closed","template":"","meta":{"_acf_changed":false,"_genesis_hide_title":false,"_genesis_hide_breadcrumbs":false,"_genesis_hide_singular_image":false,"_genesis_hide_footer_widgets":false,"_genesis_custom_body_class":"","_genesis_custom_post_class":"","_genesis_layout":""},"product_brand":[],"product_cat":[2625],"product_tag":[],"class_list":{"1":"product","2":"type-product","6":"product_cat-senza-categoria","7":"entry","9":"first","10":"outofstock","11":"taxable","12":"shipping-taxable","13":"purchasable","14":"product-type-variable"},"acf":[],"_links":{"self":[{"href":"https:\/\/rauchlosefreiheit.de\/it\/wp-json\/wp\/v2\/product\/59525","targetHints":{"allow":["GET"]}}],"collection":[{"href":"https:\/\/rauchlosefreiheit.de\/it\/wp-json\/wp\/v2\/product"}],"about":[{"href":"https:\/\/rauchlosefreiheit.de\/it\/wp-json\/wp\/v2\/types\/product"}],"replies":[{"embeddable":true,"href":"https:\/\/rauchlosefreiheit.de\/it\/wp-json\/wp\/v2\/comments?post=59525"}],"wp:featuredmedia":[{"embeddable":true,"href":"https:\/\/rauchlosefreiheit.de\/it\/wp-json\/wp\/v2\/media\/59524"}],"wp:attachment":[{"href":"https:\/\/rauchlosefreiheit.de\/it\/wp-json\/wp\/v2\/media?parent=59525"}],"wp:term":[{"taxonomy":"product_brand","embeddable":true,"href":"https:\/\/rauchlosefreiheit.de\/it\/wp-json\/wp\/v2\/product_brand?post=59525"},{"taxonomy":"product_cat","embeddable":true,"href":"https:\/\/rauchlosefreiheit.de\/it\/wp-json\/wp\/v2\/product_cat?post=59525"},{"taxonomy":"product_tag","embeddable":true,"href":"https:\/\/rauchlosefreiheit.de\/it\/wp-json\/wp\/v2\/product_tag?post=59525"}],"curies":[{"name":"wp","href":"https:\/\/api.w.org\/{rel}","templated":true}]}}