{"id":5712,"date":"2016-12-04T15:37:51","date_gmt":"2016-12-04T15:37:51","guid":{"rendered":"https:\/\/rauchlosefreiheit.de\/?post_type=product&#038;p=5712"},"modified":"2021-01-17T11:33:38","modified_gmt":"2021-01-17T11:33:38","slug":"black-note-purer-tabak-premium-e-liquid","status":"publish","type":"product","link":"https:\/\/rauchlosefreiheit.de\/it\/shop\/black-note-tabacco-puro-premium\/","title":{"rendered":"Nero Nota nera puro tabacco premio e liquido"},"content":{"rendered":"","protected":false},"excerpt":{"rendered":"<h2>Das Notebook von Black Note ist jetzt vorr\u00e4tig<\/h2>\n<p>4 mal 10ml E-liquid in gl\u00e4sernen Tropffl\u00e4schchen. Die Aromen sind Prelude, Forte, Sonata, Legato. Als Aroma benutzt Black Note ausschlie\u00dflich puren Extrakt der Tabaksbl\u00e4tter. Die Fl\u00e4schchen sind 50\/50\/PG\/VG. Nur bei Rauchlosefreiheit.de erh\u00e4ltlich. Diese E-liquids sind teurer als Sie gewohnt sind, aber es sind auch die einzigen mit Extrakt von echten Tabaksbl\u00e4ttern. Momentan haben wir nur das Notebook von Black Note, sodass Sie sofort mehrere Geschmacksrichtungen probieren k\u00f6nnen und herausfinden k\u00f6nnen welches Ihnen am besten gef\u00e4llt. Das Notebook ist sehr sch\u00f6n verpackt und ist deswegen auch als Geschenk sehr geeignet. Momentan haben wir die 0 mg Version. Sie k\u00f6nnen selbstverst\u00e4ndlich immer ihr Nikotingehalt erh\u00f6hen, bei Rauchlosefreiheit.de kaufen Sie ja eine gute Nikotinmixtur. Genie\u00dfen Sie als einer der Ersten in Deutschland dieses E-liquid. Wir w\u00fcnschen Ihnen viel Dampfspa\u00df<\/p>\n<h2>100% reiner Tabakextrakt E-liquid<\/h2>\n<p>Black Note reiner Tabakextrakt E-liquid ist 100% biologisch und tats\u00e4chlich von Tabaksbl\u00e4ttern \u201e<em>gezogen<\/em>\u201c. Die \u201enormalen\u201c E-Liquidgeschmacksrichtungen sind k\u00fcnstlich und sicher nicht schlecht. Aber sie werden nicht direkt von Tabaksbl\u00e4ttern hergestellt. Rauchlosefreiheit.de hat jetzt eine neue Produktlinie \u00a0E-liquids die v\u00f6llig von Tabaksbl\u00e4ttern hergestellt ist. Diese E-liquids kommen aus Amerika. Es ist ein bisschen so wie mit Wein. Es gibt verschiedene Arten Trauben, aber sie werden \u00fcber der ganzen Welt angepflanzt. Das gleiche gilt auch f\u00fcr Tabak. Virginia ist eine bekannte Sorte und selbstverst\u00e4ndlich kommt sie aus dem Staat Virginia, aus den Vereinigten Staaten. Aber sie wird auch in vielen anderen L\u00e4ndern genutzt f\u00fcr die Herstellung von Tabak. \u201cBlack Note vapor liquid does not contain any laboratory-made, synthetic compounds associated with artificial flavors and sweeteners or chemical additives. These include the likes of Diacetyl, Acetyl Propionyl, Ethylene Glycol, Diethylene Glycol, Acrolein and Acetoin, all of which have been shown to be harmful to health. We do not use any artificial or synthetic flavors, colors, dyes or chemical additives\u201d. Frei \u00fcbersetzt k\u00f6nnte man sagen, dass diese E-liquids ausschlie\u00dflich von nat\u00fcrlichen Stoffen gemacht sind, und nicht von den hier oben beschriebenen Komponenten.<\/p>\n<p>Rauchlosefreiheit.de startet den Verkauf des \u201eNotebook\u201c, eine Auswahl von 4 \u201eNotes\u201c. Alle 4 Geschmacksrichtungen sind in einer sehr sch\u00f6nen Kiste zusammengebracht, jedes \u201eNote\u201c ist mit der gr\u00f6\u00dften Sorgfalt zusammengestellt, K\u00f6nnen und Leidenschaft kommen bei dieser Sammlung purer Tabaksgeschmacksrichtungen zusammen. \u00a0Inhalt: 40 ml, pro Flasche 10 ml. Bald werden wir das ganze Assortiment von Black Note pure Tabak E-liquids verkaufen. Wir fangen an mit dem Notebook, so k\u00f6nnen Sie nach Ihren eigenen Erfahrungen Ihr Lieblingsaroma w\u00e4hlen. Sie k\u00f6nnen diese hervorragenden E-liquids sofort dampfen.<\/p>\n[gallery link=\"none\" ids=\"5672,5645,5669\"]\n<h3><strong>La Tabaccheria<\/strong><\/h3>\n<p>Nebst dem Notebook von Black Note wird Rauchlosefreiheit.de auch eine italienische Variante\u00a0 purer Tabak E-liquids Aromen anbieten. Diese kommen von <a href=\"https:\/\/rauchlosefreiheit.de\/shop\/tabaksgeschmack-direkt-von-der-pflanze\/\"><strong>La Tabaccheria<\/strong><\/a>, einer der Marktf\u00fchrer auf dem Gebiet der Tabakextrakte f\u00fcr E-liquid Aromen. La Tabaccheria ist einer der wenigen europ\u00e4ischen Hersteller dieser exklusiven Aromen. Genau das richtige f\u00fcr Raucher die nur noch dampfen wollen oder zu rauchen aufh\u00f6ren wollen, aber doch noch ihren vertrauten Geschmack schmecken wollen. Rauchlosefreiheit.de f\u00fchrt drei Produktlinien dieser Aromen, \u201eEstratti di tabacco\u201c, \u201eLinea Miscele Barrique\u201c \u00a0und \u201eLinea Elite\u201c, zusammen 15 Aromen, also nicht zum sofortigen Dampfen, diese Aromen m\u00fcssen erst mit PG und\/oder VG und eventuellem Nikotin gemischt werden.<\/p>\n[gallery link=\"none\" ids=\"5711,5710,5709\"]\n<h3>Aufl\u00f6sen und reifen:<\/h3>\n<p>Welche Menge Sie benutzen wollen in einem E-liquid d\u00fcrfen Sie selbstverst\u00e4ndlich selber entscheiden. Rauchlosefreiheit.de empfiehlt 10 bis 15%, dies ist eine allgemeine Richtlinie. Die Aromen wurden hergestellt mithilfe einer Technologie die es m\u00f6glich macht, dass man das Konzentrat sofort nutzen kann. Reifen ist nicht notwendig. Es ist empfehlenswert eine Verd\u00fcnnung nahe 15% f\u00fcr leichten Tabak (Virginia, Burley) und nahe 10% f\u00fcr dunklen Tabak (Kentucky, Latakia) anzuhalten. Bei Latakia reichen 10% weil es sich hier um eine starke und intensive Tabaksgeschmacksrichtung handelt. \u00a0Viele empfinden 10% als zu stark bei diesem spezifischen Aroma. Im allgemeinen kann man zwischen 10 und 15% anhalten, aber Sie selber entscheiden was Sie gerne m\u00f6chten oder wollen. Geschmack ist v\u00f6llig subjektiv. Das gleiche gilt auch f\u00fcr die Reife. Manche lassen ihre Fl\u00fcssigkeit immer reifen, weil sie meinen dass dies besser sei. Aber auch das ist subjektiv.<\/p>\n<h3>Biologischer Tabak:<\/h3>\n<p>Wenn wir reden von 100% biologisch, dann beziehen wir uns auf unsere Extrakte. Unbearbeiteter Tabak, ohne chemische Zus\u00e4tze oder Hilfsmittel. Das bedeutet aber nicht, dass die genutzten Pflanzen ohne D\u00fcngung gez\u00fcchtet sind. Das ist n\u00e4mlich unm\u00f6glich.<\/p>\n<h3>Nikotin:<\/h3>\n<p>Von Natur aus ist Nikotin im Tabak anwesend und deswegen befinden sich in den Aromen auch Nikotinspurenelemente. Diese sind aber zu vernachl\u00e4ssigen. Wenn wir ein E-liquid herstellen w\u00fcrden mit 15% Aroma, w\u00fcrde letztendlich weniger als ein Sechstel\u00a0 von 0,15% Nikotin im liquid anwesend sein, also 0,025%, also fast gar nichts.<\/p>\n<p>Black note Notebook<\/p>\n","protected":false},"featured_media":5669,"comment_status":"open","ping_status":"closed","template":"","meta":{"_acf_changed":false,"_genesis_hide_title":false,"_genesis_hide_breadcrumbs":false,"_genesis_hide_singular_image":false,"_genesis_hide_footer_widgets":false,"_genesis_custom_body_class":"","_genesis_custom_post_class":"","_genesis_layout":""},"product_brand":[],"product_cat":[1584],"product_tag":[],"class_list":{"1":"product","2":"type-product","6":"product_cat-tabak-aroma-direkt-von-der-pflanze","7":"entry","9":"first","10":"outofstock","11":"taxable","12":"shipping-taxable","13":"purchasable","14":"product-type-simple"},"acf":[],"_links":{"self":[{"href":"https:\/\/rauchlosefreiheit.de\/it\/wp-json\/wp\/v2\/product\/5712","targetHints":{"allow":["GET"]}}],"collection":[{"href":"https:\/\/rauchlosefreiheit.de\/it\/wp-json\/wp\/v2\/product"}],"about":[{"href":"https:\/\/rauchlosefreiheit.de\/it\/wp-json\/wp\/v2\/types\/product"}],"replies":[{"embeddable":true,"href":"https:\/\/rauchlosefreiheit.de\/it\/wp-json\/wp\/v2\/comments?post=5712"}],"wp:featuredmedia":[{"embeddable":true,"href":"https:\/\/rauchlosefreiheit.de\/it\/wp-json\/wp\/v2\/media\/5669"}],"wp:attachment":[{"href":"https:\/\/rauchlosefreiheit.de\/it\/wp-json\/wp\/v2\/media?parent=5712"}],"wp:term":[{"taxonomy":"product_brand","embeddable":true,"href":"https:\/\/rauchlosefreiheit.de\/it\/wp-json\/wp\/v2\/product_brand?post=5712"},{"taxonomy":"product_cat","embeddable":true,"href":"https:\/\/rauchlosefreiheit.de\/it\/wp-json\/wp\/v2\/product_cat?post=5712"},{"taxonomy":"product_tag","embeddable":true,"href":"https:\/\/rauchlosefreiheit.de\/it\/wp-json\/wp\/v2\/product_tag?post=5712"}],"curies":[{"name":"wp","href":"https:\/\/api.w.org\/{rel}","templated":true}]}}