{"id":48869,"date":"2023-01-06T11:57:30","date_gmt":"2023-01-06T11:57:30","guid":{"rendered":"https:\/\/rauchlosefreiheit.de\/?post_type=product&#038;p=48869"},"modified":"2024-09-18T11:32:23","modified_gmt":"2024-09-18T11:32:23","slug":"crystal-bar-blue-fusion","status":"publish","type":"product","link":"https:\/\/rauchlosefreiheit.de\/it\/shop\/crystal-bar-blue-fusion\/","title":{"rendered":"Crystal Bar Blue Fusion"},"content":{"rendered":"<p>Specifiche tecniche Modello: SKE Crystal Bar Usa e getta Tipo: sigaretta elettronica usa e getta Power puff Materiali: lega di alluminio + PCTG Dimensioni: 16,25 x 16 x 110mm Capacit\u00e0 della batteria: 500 mAh Capacit\u00e0 del serbatoio: 2ml Puff: 600 puff Tipo di bobina: Mesh Coil - per un'esperienza di gusto definitiva Resistenza della bobina: 1,2ohm Tensione \/ wattaggio: 11W Potenza della nicotina: 2% (20mg sale di nicotina)<\/p>","protected":false},"excerpt":{"rendered":"<p>La SKE Crystal Bar Blue Fusion \u00e8 una sigaretta elettronica monouso che contiene 600 boccate (3 pacchetti di sigarette). L'effetto della Crystal Bar pu\u00f2 essere paragonato a quello di una sigaretta. La variet\u00e0 Blue Fusion ha il sapore di una miscela di more, lamponi e mirtilli.<\/p>","protected":false},"featured_media":49027,"comment_status":"open","ping_status":"closed","template":"","meta":{"_acf_changed":false,"_genesis_hide_title":false,"_genesis_hide_breadcrumbs":false,"_genesis_hide_singular_image":false,"_genesis_hide_footer_widgets":false,"_genesis_custom_body_class":"","_genesis_custom_post_class":"","_genesis_layout":""},"product_brand":[],"product_cat":[3126,3110],"product_tag":[],"class_list":{"1":"product","2":"type-product","6":"product_cat-crystal-bar","7":"product_cat-einweggeraete","8":"entry","10":"first","11":"outofstock","12":"taxable","13":"shipping-taxable","14":"purchasable","15":"product-type-variable"},"acf":[],"_links":{"self":[{"href":"https:\/\/rauchlosefreiheit.de\/it\/wp-json\/wp\/v2\/product\/48869","targetHints":{"allow":["GET"]}}],"collection":[{"href":"https:\/\/rauchlosefreiheit.de\/it\/wp-json\/wp\/v2\/product"}],"about":[{"href":"https:\/\/rauchlosefreiheit.de\/it\/wp-json\/wp\/v2\/types\/product"}],"replies":[{"embeddable":true,"href":"https:\/\/rauchlosefreiheit.de\/it\/wp-json\/wp\/v2\/comments?post=48869"}],"wp:featuredmedia":[{"embeddable":true,"href":"https:\/\/rauchlosefreiheit.de\/it\/wp-json\/wp\/v2\/media\/49027"}],"wp:attachment":[{"href":"https:\/\/rauchlosefreiheit.de\/it\/wp-json\/wp\/v2\/media?parent=48869"}],"wp:term":[{"taxonomy":"product_brand","embeddable":true,"href":"https:\/\/rauchlosefreiheit.de\/it\/wp-json\/wp\/v2\/product_brand?post=48869"},{"taxonomy":"product_cat","embeddable":true,"href":"https:\/\/rauchlosefreiheit.de\/it\/wp-json\/wp\/v2\/product_cat?post=48869"},{"taxonomy":"product_tag","embeddable":true,"href":"https:\/\/rauchlosefreiheit.de\/it\/wp-json\/wp\/v2\/product_tag?post=48869"}],"curies":[{"name":"wp","href":"https:\/\/api.w.org\/{rel}","templated":true}]}}