{"id":48560,"date":"2022-12-24T10:56:13","date_gmt":"2022-12-24T10:56:13","guid":{"rendered":"https:\/\/rauchlosefreiheit.de\/?post_type=product&#038;p=48560"},"modified":"2024-02-15T12:41:24","modified_gmt":"2024-02-15T12:41:24","slug":"elfbar-1500-cherry","status":"publish","type":"product","link":"https:\/\/rauchlosefreiheit.de\/it\/shop\/elfbar-1500-ciliegia\/","title":{"rendered":"Elfbar 1500 Ciliegia"},"content":{"rendered":"<p>Il dispositivo a cialde monouso Elf Bar 1500 \u00e8 l'ultimo nato della nostra gamma e presenta una vivace grafica sfumata. Ha una potente batteria da 850 mAh che consente fino a 1500 boccate ed \u00e8 riempita con 4,8 ml di succo senza nicotina. Assaporate un gusto delizioso con la comodit\u00e0 di una cialda monouso. \u00c8 sufficiente acquistare una cialda monouso Elf Bar per godere della soddisfacente esperienza di vapore di Elf Bar 1500.<\/p>","protected":false},"excerpt":{"rendered":"<p>La Cherry Disposable Vape di Elf Bar 1500 \u00e8 un lussuoso aroma di frutti di bosco. Assaporate il gusto delle ciliegie mature e dolci dall'inspirazione all'espirazione.<\/p>","protected":false},"featured_media":48573,"comment_status":"open","ping_status":"closed","template":"","meta":{"_acf_changed":false,"_genesis_hide_title":false,"_genesis_hide_breadcrumbs":false,"_genesis_hide_singular_image":false,"_genesis_hide_footer_widgets":false,"_genesis_custom_body_class":"","_genesis_custom_post_class":"","_genesis_layout":""},"product_brand":[],"product_cat":[3110,3115,3127],"product_tag":[],"class_list":{"1":"product","2":"type-product","6":"product_cat-einweggeraete","7":"product_cat-elfbar","8":"product_cat-elfbar-1500-0-nikotin","9":"entry","11":"first","12":"outofstock","13":"taxable","14":"shipping-taxable","15":"purchasable","16":"product-type-variable"},"acf":[],"_links":{"self":[{"href":"https:\/\/rauchlosefreiheit.de\/it\/wp-json\/wp\/v2\/product\/48560","targetHints":{"allow":["GET"]}}],"collection":[{"href":"https:\/\/rauchlosefreiheit.de\/it\/wp-json\/wp\/v2\/product"}],"about":[{"href":"https:\/\/rauchlosefreiheit.de\/it\/wp-json\/wp\/v2\/types\/product"}],"replies":[{"embeddable":true,"href":"https:\/\/rauchlosefreiheit.de\/it\/wp-json\/wp\/v2\/comments?post=48560"}],"wp:featuredmedia":[{"embeddable":true,"href":"https:\/\/rauchlosefreiheit.de\/it\/wp-json\/wp\/v2\/media\/48573"}],"wp:attachment":[{"href":"https:\/\/rauchlosefreiheit.de\/it\/wp-json\/wp\/v2\/media?parent=48560"}],"wp:term":[{"taxonomy":"product_brand","embeddable":true,"href":"https:\/\/rauchlosefreiheit.de\/it\/wp-json\/wp\/v2\/product_brand?post=48560"},{"taxonomy":"product_cat","embeddable":true,"href":"https:\/\/rauchlosefreiheit.de\/it\/wp-json\/wp\/v2\/product_cat?post=48560"},{"taxonomy":"product_tag","embeddable":true,"href":"https:\/\/rauchlosefreiheit.de\/it\/wp-json\/wp\/v2\/product_tag?post=48560"}],"curies":[{"name":"wp","href":"https:\/\/api.w.org\/{rel}","templated":true}]}}