{"id":48526,"date":"2022-11-28T13:32:09","date_gmt":"2022-11-28T13:32:09","guid":{"rendered":"https:\/\/rauchlosefreiheit.de\/?post_type=product&#038;p=48526"},"modified":"2025-01-09T14:34:40","modified_gmt":"2025-01-09T14:34:40","slug":"elfbull-strawberry","status":"publish","type":"product","link":"https:\/\/rauchlosefreiheit.de\/it\/shop\/elfo-fragola\/","title":{"rendered":"Fragola Elfbull"},"content":{"rendered":"<p>Il vaporizzatore monouso Strawberry Elfbull Bar imita la sensazione di una sigaretta. Per utilizzare la Elf Bar non \u00e8 necessaria alcuna esperienza di vaporizzazione, quindi \u00e8 ideale per i principianti e per i vapers che desiderano un prodotto senza problemi. Non \u00e8 necessario preoccuparsi della manutenzione o della sostituzione di bobine disordinate, in quanto \u00e8 destinato a essere sostituito quando \u00e8 esaurito. Pur essendo abbastanza piccolo da stare in tasca, questo dispositivo eroga fino a 600 boccate, sufficienti per 20 sigarette.<\/p>","protected":false},"excerpt":{"rendered":"<p>Se le fragole mature e succose su un letto di bevanda energetica ghiacciata sono la vostra idea di paradiso, allora amerete la barretta Elfbull alla fragola!<\/p>","protected":false},"featured_media":48525,"comment_status":"open","ping_status":"closed","template":"","meta":{"_acf_changed":false,"_genesis_hide_title":false,"_genesis_hide_breadcrumbs":false,"_genesis_hide_singular_image":false,"_genesis_hide_footer_widgets":false,"_genesis_custom_body_class":"","_genesis_custom_post_class":"","_genesis_layout":""},"product_brand":[],"product_cat":[3110,3115],"product_tag":[],"class_list":{"1":"product","2":"type-product","6":"product_cat-einweggeraete","7":"product_cat-elfbar","8":"entry","10":"first","11":"outofstock","12":"taxable","13":"shipping-taxable","14":"purchasable","15":"product-type-variable"},"acf":[],"_links":{"self":[{"href":"https:\/\/rauchlosefreiheit.de\/it\/wp-json\/wp\/v2\/product\/48526","targetHints":{"allow":["GET"]}}],"collection":[{"href":"https:\/\/rauchlosefreiheit.de\/it\/wp-json\/wp\/v2\/product"}],"about":[{"href":"https:\/\/rauchlosefreiheit.de\/it\/wp-json\/wp\/v2\/types\/product"}],"replies":[{"embeddable":true,"href":"https:\/\/rauchlosefreiheit.de\/it\/wp-json\/wp\/v2\/comments?post=48526"}],"wp:featuredmedia":[{"embeddable":true,"href":"https:\/\/rauchlosefreiheit.de\/it\/wp-json\/wp\/v2\/media\/48525"}],"wp:attachment":[{"href":"https:\/\/rauchlosefreiheit.de\/it\/wp-json\/wp\/v2\/media?parent=48526"}],"wp:term":[{"taxonomy":"product_brand","embeddable":true,"href":"https:\/\/rauchlosefreiheit.de\/it\/wp-json\/wp\/v2\/product_brand?post=48526"},{"taxonomy":"product_cat","embeddable":true,"href":"https:\/\/rauchlosefreiheit.de\/it\/wp-json\/wp\/v2\/product_cat?post=48526"},{"taxonomy":"product_tag","embeddable":true,"href":"https:\/\/rauchlosefreiheit.de\/it\/wp-json\/wp\/v2\/product_tag?post=48526"}],"curies":[{"name":"wp","href":"https:\/\/api.w.org\/{rel}","templated":true}]}}