{"id":47932,"date":"2022-11-18T15:53:15","date_gmt":"2022-11-18T15:53:15","guid":{"rendered":"https:\/\/rauchlosefreiheit.de\/?post_type=product&#038;p=47932"},"modified":"2024-09-18T11:32:23","modified_gmt":"2024-09-18T11:32:23","slug":"crystal-bar-bull-ice","status":"publish","type":"product","link":"https:\/\/rauchlosefreiheit.de\/it\/shop\/crystal-bar-bull-ice\/","title":{"rendered":"Ghiaccio di cristallo Bar Bull"},"content":{"rendered":"<p>Specifiche tecniche<\/p>\n<p>Modello: SKE Crystal Bar usa e getta<br \/>\nTipo: sigaretta elettronica monouso Power puff<br \/>\nMateriali: Lega di alluminio + PCTG<br \/>\nDimensioni: 16,25 x 16 x 110 mm<br \/>\nCapacit\u00e0 della batteria: 500 mAh<br \/>\nCapacit\u00e0 del serbatoio: 2 ml<br \/>\nTreni: 600 treni<br \/>\nTipo di bobina: bobina a rete - per un'esperienza di gusto ottimale<br \/>\nResistenza della bobina: 1,2ohm<br \/>\nTensione \/ potenza: 11W<br \/>\nIntensit\u00e0 di nicotina: 2% (sale di nicotina da 20 mg)<\/p>","protected":false},"excerpt":{"rendered":"<p>La SKE Crystal Bar Bull Ice \u00e8 una sigaretta elettronica monouso che contiene 600 boccate (3 pacchetti di sigarette). L'effetto della Crystal Bar pu\u00f2 essere paragonato a quello di una sigaretta. La variet\u00e0 Bull Ice ha il sapore di una bevanda energetica con un retrogusto fresco.<\/p>","protected":false},"featured_media":48388,"comment_status":"open","ping_status":"closed","template":"","meta":{"_acf_changed":false,"_genesis_hide_title":false,"_genesis_hide_breadcrumbs":false,"_genesis_hide_singular_image":false,"_genesis_hide_footer_widgets":false,"_genesis_custom_body_class":"","_genesis_custom_post_class":"","_genesis_layout":""},"product_brand":[],"product_cat":[3126,3110],"product_tag":[],"class_list":{"1":"product","2":"type-product","6":"product_cat-crystal-bar","7":"product_cat-einweggeraete","8":"entry","10":"first","11":"outofstock","12":"taxable","13":"shipping-taxable","14":"purchasable","15":"product-type-variable"},"acf":[],"_links":{"self":[{"href":"https:\/\/rauchlosefreiheit.de\/it\/wp-json\/wp\/v2\/product\/47932","targetHints":{"allow":["GET"]}}],"collection":[{"href":"https:\/\/rauchlosefreiheit.de\/it\/wp-json\/wp\/v2\/product"}],"about":[{"href":"https:\/\/rauchlosefreiheit.de\/it\/wp-json\/wp\/v2\/types\/product"}],"replies":[{"embeddable":true,"href":"https:\/\/rauchlosefreiheit.de\/it\/wp-json\/wp\/v2\/comments?post=47932"}],"wp:featuredmedia":[{"embeddable":true,"href":"https:\/\/rauchlosefreiheit.de\/it\/wp-json\/wp\/v2\/media\/48388"}],"wp:attachment":[{"href":"https:\/\/rauchlosefreiheit.de\/it\/wp-json\/wp\/v2\/media?parent=47932"}],"wp:term":[{"taxonomy":"product_brand","embeddable":true,"href":"https:\/\/rauchlosefreiheit.de\/it\/wp-json\/wp\/v2\/product_brand?post=47932"},{"taxonomy":"product_cat","embeddable":true,"href":"https:\/\/rauchlosefreiheit.de\/it\/wp-json\/wp\/v2\/product_cat?post=47932"},{"taxonomy":"product_tag","embeddable":true,"href":"https:\/\/rauchlosefreiheit.de\/it\/wp-json\/wp\/v2\/product_tag?post=47932"}],"curies":[{"name":"wp","href":"https:\/\/api.w.org\/{rel}","templated":true}]}}