{"id":47756,"date":"2022-11-18T16:32:19","date_gmt":"2022-11-18T16:32:19","guid":{"rendered":"https:\/\/rauchlosefreiheit.de\/?post_type=product&#038;p=47756"},"modified":"2024-07-18T12:08:11","modified_gmt":"2024-07-18T12:08:11","slug":"elfbar-kiwi-passion-guava","status":"publish","type":"product","link":"https:\/\/rauchlosefreiheit.de\/it\/shop\/elfbar-kiwi-passione-guava\/","title":{"rendered":"ElfBar Kiwi Passione Guava"},"content":{"rendered":"<div style=\"direction: ltr; border-width: 100%;\">\n<div style=\"direction: ltr; margin-top: 0in; margin-left: 0in; width: 6.109in;\">\n<div style=\"direction: ltr; margin-top: 0in; margin-left: 0in; width: 6.109in;\">\n<p style=\"margin: 0in; font-family: Calibri; font-size: 11.0pt;\">ElfBar<\/p>\n<p style=\"margin: 0in; font-family: Calibri; font-size: 11.0pt;\">Elf Bar \u00e8 stata fondata nel 2018 e da allora ha lanciato prodotti sempre pi\u00f9 innovativi con un sistema di riscaldamento intelligente. Rispondono alla crescente esigenza di aromi naturali e di forme di vaping sempre pi\u00f9 salutari. Le parole chiave di Elf Bar sono quindi: pi\u00f9 sano e pi\u00f9 buono.<\/p>\n<p style=\"margin: 0in; font-family: Calibri; font-size: 11.0pt;\">Dopo migliaia di esperimenti, Elf Bar ha trovato il modo di realizzare i suoi prodotti con i materiali meno nocivi, il gusto pi\u00f9 puro e un design pulito, per poi presentarvi prodotti che soddisfino le vostre aspettative.<\/p>\n<p style=\"margin: 0in; font-family: Calibri; font-size: 11.0pt;\">Elf Bar \u00e8 conosciuta soprattutto per le sue eccellenti sigarette elettroniche monouso, ampiamente utilizzate e popolari in tutto il mondo. Le sigarette elettroniche monouso sono pronte all'uso e non devono essere ricaricate, sostituite o ricaricate. La sigaretta elettronica ideale per lo svapatore che vuole essere semplice. \u00c8 sufficiente inalare per vaporizzare. Dopo un certo numero di soffi, che dipende dal dispositivo, il prodotto monouso \u00e8 esaurito e deve essere sostituito.<\/p>\n<p style=\"margin: 0in; font-family: Calibri; font-size: 11.0pt;\">Eleven Bar offre diversi tipi di sigarette elettroniche monouso e un'ampia gamma di gusti. Di seguito troverete una piccola panoramica delle sigarette elettroniche monouso pi\u00f9 popolari di Eleven Bar.<\/p>\n<\/div>\n<\/div>\n<\/div>","protected":false},"excerpt":{"rendered":"<p>Elf Bar Kiwi Passion Fruit Guava \u00e8 una sigaretta elettronica monouso che contiene 600 boccate (3 pacchetti di sigarette). L'effetto della Elf Bar pu\u00f2 essere paragonato a quello di una sigaretta. La variante Kiwi Passion Fruit Guava ha un sapore di kiwi con frutto della passione e guava.<\/p>","protected":false},"featured_media":47758,"comment_status":"open","ping_status":"closed","template":"","meta":{"_acf_changed":false,"_genesis_hide_title":false,"_genesis_hide_breadcrumbs":false,"_genesis_hide_singular_image":false,"_genesis_hide_footer_widgets":false,"_genesis_custom_body_class":"","_genesis_custom_post_class":"","_genesis_layout":""},"product_brand":[],"product_cat":[3110,3115],"product_tag":[],"class_list":{"1":"product","2":"type-product","6":"product_cat-einweggeraete","7":"product_cat-elfbar","8":"entry","10":"first","11":"outofstock","12":"taxable","13":"shipping-taxable","14":"purchasable","15":"product-type-variable"},"acf":[],"_links":{"self":[{"href":"https:\/\/rauchlosefreiheit.de\/it\/wp-json\/wp\/v2\/product\/47756","targetHints":{"allow":["GET"]}}],"collection":[{"href":"https:\/\/rauchlosefreiheit.de\/it\/wp-json\/wp\/v2\/product"}],"about":[{"href":"https:\/\/rauchlosefreiheit.de\/it\/wp-json\/wp\/v2\/types\/product"}],"replies":[{"embeddable":true,"href":"https:\/\/rauchlosefreiheit.de\/it\/wp-json\/wp\/v2\/comments?post=47756"}],"wp:featuredmedia":[{"embeddable":true,"href":"https:\/\/rauchlosefreiheit.de\/it\/wp-json\/wp\/v2\/media\/47758"}],"wp:attachment":[{"href":"https:\/\/rauchlosefreiheit.de\/it\/wp-json\/wp\/v2\/media?parent=47756"}],"wp:term":[{"taxonomy":"product_brand","embeddable":true,"href":"https:\/\/rauchlosefreiheit.de\/it\/wp-json\/wp\/v2\/product_brand?post=47756"},{"taxonomy":"product_cat","embeddable":true,"href":"https:\/\/rauchlosefreiheit.de\/it\/wp-json\/wp\/v2\/product_cat?post=47756"},{"taxonomy":"product_tag","embeddable":true,"href":"https:\/\/rauchlosefreiheit.de\/it\/wp-json\/wp\/v2\/product_tag?post=47756"}],"curies":[{"name":"wp","href":"https:\/\/api.w.org\/{rel}","templated":true}]}}