{"id":47643,"date":"2022-10-12T10:37:00","date_gmt":"2022-10-12T10:37:00","guid":{"rendered":"https:\/\/rauchlosefreiheit.de\/?post_type=product&#038;p=47643"},"modified":"2024-04-10T06:56:17","modified_gmt":"2024-04-10T06:56:17","slug":"dvtch-red-light-chloe","status":"publish","type":"product","link":"https:\/\/rauchlosefreiheit.de\/it\/shop\/dvtch-red-light-chloe\/","title":{"rendered":"DVTCH Cloe a luci rosse"},"content":{"rendered":"<p>DVTCH Red Light Chloe Disposable \u00e8 una sigaretta elettronica monouso. La confezione di ricarica di e-liquid (2ml) produce circa 30 sigarette o 650 boccate insieme. Una volta esaurito, il kit pu\u00f2 essere gettato via. L'effetto e il peso del DVTCH Disposable lo fanno assomigliare a una sigaretta. Viene fornito carico e non pu\u00f2 essere ricaricato in seguito.<\/p>\n<p>La sigaretta elettronica monouso Red Light Chloe di DVTCH ha un sapore di melone con bacche rosse e frutto del drago.<\/p>\n<p>Inoltre, il DVTCH Red Light Chlo\u00eb Disposable funziona con un sistema di inalazione automatica. Quando si tira una boccata, la sigaretta elettronica emette vapore. Questo DVTCH monouso ha il sapore della ciliegia e un dosaggio di 20 mg di sale Nik. Con la sigaretta elettronica monouso di DVTCH, non \u00e8 necessario cambiare la bobina o ricaricare il liquido. La cialda \u00e8 pre-riempita con l'aroma prescelto e la batteria \u00e8 completamente carica, quindi \u00e8 possibile utilizzare la sigaretta elettronica fino a quando non \u00e8 scarica.<\/p>\n<p>La batteria del DVTCH viene fornita carica. La batteria completamente carica, in combinazione con la capacit\u00e0 di 2 ml, \u00e8 sufficiente per oltre 650 boccate, che equivalgono a 30 sigarette. Quando la batteria \u00e8 scarica, \u00e8 possibile gettarla via, quindi non \u00e8 ricaricabile. La batteria \u00e8 dotata di tutte le protezioni necessarie.<\/p>\n<p>&nbsp;<\/p>","protected":false},"excerpt":{"rendered":"<p>Il DVTCH Red Light Chloe ha il sapore di melone, bacche rosse e frutto del drago. La batteria completamente carica, in combinazione con la capacit\u00e0 di 2 ml, \u00e8 sufficiente per oltre 650 boccate.<\/p>","protected":false},"featured_media":47793,"comment_status":"open","ping_status":"closed","template":"","meta":{"_acf_changed":false,"_genesis_hide_title":false,"_genesis_hide_breadcrumbs":false,"_genesis_hide_singular_image":false,"_genesis_hide_footer_widgets":false,"_genesis_custom_body_class":"","_genesis_custom_post_class":"","_genesis_layout":""},"product_brand":[],"product_cat":[3111,3110],"product_tag":[],"class_list":{"1":"product","2":"type-product","6":"product_cat-dvtch-amsterdam-einwegartikel","7":"product_cat-einweggeraete","8":"entry","10":"first","11":"outofstock","12":"taxable","13":"shipping-taxable","14":"purchasable","15":"product-type-variable"},"acf":[],"_links":{"self":[{"href":"https:\/\/rauchlosefreiheit.de\/it\/wp-json\/wp\/v2\/product\/47643","targetHints":{"allow":["GET"]}}],"collection":[{"href":"https:\/\/rauchlosefreiheit.de\/it\/wp-json\/wp\/v2\/product"}],"about":[{"href":"https:\/\/rauchlosefreiheit.de\/it\/wp-json\/wp\/v2\/types\/product"}],"replies":[{"embeddable":true,"href":"https:\/\/rauchlosefreiheit.de\/it\/wp-json\/wp\/v2\/comments?post=47643"}],"wp:featuredmedia":[{"embeddable":true,"href":"https:\/\/rauchlosefreiheit.de\/it\/wp-json\/wp\/v2\/media\/47793"}],"wp:attachment":[{"href":"https:\/\/rauchlosefreiheit.de\/it\/wp-json\/wp\/v2\/media?parent=47643"}],"wp:term":[{"taxonomy":"product_brand","embeddable":true,"href":"https:\/\/rauchlosefreiheit.de\/it\/wp-json\/wp\/v2\/product_brand?post=47643"},{"taxonomy":"product_cat","embeddable":true,"href":"https:\/\/rauchlosefreiheit.de\/it\/wp-json\/wp\/v2\/product_cat?post=47643"},{"taxonomy":"product_tag","embeddable":true,"href":"https:\/\/rauchlosefreiheit.de\/it\/wp-json\/wp\/v2\/product_tag?post=47643"}],"curies":[{"name":"wp","href":"https:\/\/api.w.org\/{rel}","templated":true}]}}