{"id":47070,"date":"2022-10-19T14:20:46","date_gmt":"2022-10-19T14:20:46","guid":{"rendered":"https:\/\/rauchlosefreiheit.de\/?post_type=product&#038;p=47070"},"modified":"2024-08-13T08:50:12","modified_gmt":"2024-08-13T08:50:12","slug":"wpuff-600-big-strawberry","status":"publish","type":"product","link":"https:\/\/rauchlosefreiheit.de\/it\/shop\/wpuff-600-grande-fragola\/","title":{"rendered":"Wpuff 600 Grande Fragola"},"content":{"rendered":"<p><strong>PUFF LIQUIDEO: LA PIPA AD ACQUA TASCABILE DA BUTTARE VIA<\/strong><\/p>\n<p>Una piccola rivoluzione che non passer\u00e0 inosservata! Liquideo, marchio francese specializzato in e-liquid per sigarette elettroniche, mette il suo know-how al servizio dei fumatori e degli appassionati di narghil\u00e8 con un piccolo, ma bellissimo accessorio: il PUFF.<\/p>\n<p>Simile a una Avape Pen, il suo aspetto ricorda quello di una sigaretta elettronica, ma molto pi\u00f9 sottile. Il design colorato e soprattutto ultrasottile del PUFF in alluminio consente di portarlo ovunque. Il tubo dell'acqua: dove vuoi, quando vuoi!<\/p>\n<p>Grazie alla sua maneggevolezza, questo piccolo narghil\u00e8 \u00e8 adatto a tutti. Principianti, fumatori esperti, forti fumatori o fumatori occasionali di narghil\u00e8: tutti troveranno qualcosa di adatto a loro. Questa nuova generazione di Hookahelectronic \u00e8 particolarmente adatta ai fumatori insoddisfatti della classica sigaretta elettronica, il cui funzionamento o la forte sensazione in gola possono rallentarli.<\/p>\n<p><strong>Come funziona il PUFF Liquideo?<\/strong><\/p>\n<p>Questo accessorio ha la forma di una capsula che contiene tutto ci\u00f2 che serve per gustare deliziosi aromi: una cartuccia di liquido aromatizzato integrata nel dispositivo e una batteria, anch'essa nascosta all'interno, che fa funzionare il dispositivo.<\/p>\n<p>Per il resto, lasciatevi guidare: Il pouf monouso non richiede alcuna preparazione o configurazione speciale da parte dell'operatore. Non ci sono nemmeno pulsanti o manopole.<\/p>\n<p>\u00c8 sufficiente disegnare sul narghil\u00e8 elettronico per attivare sofort sincronizzato quando si disegna. Il design di una sigaretta elettronica usa e getta abbinato a un funzionamento che ricorda quello di una sigaretta classica!<\/p>\n<p>Gli appassionati di sigarette tradizionali o gli amanti delle sessioni di narghil\u00e8 con tabacco classico noteranno la presenza di nicotina nell'e-liquid. Sotto forma di sali di nicotina, \u00e8 meno irritante della nicotina vera e propria e viene assorbita pi\u00f9 facilmente dall'organismo. Fornisce una sensazione simile, ma pi\u00f9 morbida, con un minor impatto in gola, per cui potrete godere di tutti i sapori della vostra e-HookahWPUFF!<\/p>\n<p>Attualmente sono disponibili tre diversi livelli di nicotina: 1,7 % di nicotina, 0,9 % di nicotina e una versione senza nicotina. Tutte queste versioni sono adatte ai fumatori che vogliono ridurre il consumo di nicotina, ma l'ultima versione \u00e8 specificamente dedicata a chi vuole smettere di fumare. Una versione a bassa nicotina, ma non certo nel gusto!<\/p>\n<p>Frutti rossi, cioccolato o menta fresca: i diversi sapori vi trasporteranno in un attimo ai tropici. Sviluppati con cura in laboratorio, sono il risultato di una sapiente miscelazione per ottenere un risultato unico, dolce e intenso, che non si ottiene con nessun altro aroma. Combinazioni aspre e golose che possono ricordare il lato esotico dei sapori del narghil\u00e8.<\/p>\n<p><strong>Il Wpuff Liquideo \u00e8 ricaricabile?<\/strong><\/p>\n<p>Questa sigaretta usa e getta preriempita vi accompagner\u00e0 per un po' di tempo: Contiene circa 600 bign\u00e8 freschi. Gli amanti del vapore denso, caratteristico di una sessione di narghil\u00e8 gustosa e perfettamente preparata, saranno deliziati dalla densa nuvola creata durante le sessioni.<\/p>\n<p>Una luce lampeggiante indica che la cartuccia di e-liquid del narghil\u00e8 \u00e8 vuota. La cartuccia diventa quindi inutilizzabile e deve essere sostituita.<\/p>\n<p>Sebbene questo narghil\u00e8 sia un accessorio monouso e non ricaricabile, \u00e8 riciclabile per oltre il 95 %. Sia il tubo di alluminio che la batteria possono essere riciclati. Fate qualcosa per l'ambiente e date una seconda vita al vostro Pod WPUFF Liquideo! Riciclare la batteria come le pile.<\/p>\n<p><strong>Qual \u00e8 la differenza tra un puff e un narghil\u00e8?<\/strong><\/p>\n<p>Hookahdisposable \u00e8 perfetto per i dipendenti dal narghil\u00e8 grazie al suo vapore intenso e piacevolmente profumato e ha molte altre qualit\u00e0 da offrire. Grazie alle sue dimensioni compatte di pochi centimetri, il WPUFF in formato Hookahpocket \u00e8 facile da trasportare e consente di risparmiare.<\/p>\n<p>Grazie alla sua facilit\u00e0 d'uso, offre un elevato livello di comfort e consente di godersi le sessioni a un costo inferiore.<\/p>\n<p>Un altro vantaggio di questo narghil\u00e8 portatile \u00e8 la possibilit\u00e0 di godere di pi\u00f9 sessioni a piacere, senza bisogno di carboni o tabacco. Non \u00e8 necessaria alcuna preparazione per gustare questi sapori deliziosi, ideali per i nomadi o per chi va di fretta.<\/p>\n<p>Inoltre, non richiede manutenzione o pulizia rispetto a un narghil\u00e8 tradizionale. In questo modo si risparmia tempo e si possono fare pause pi\u00f9 lunghe con il narghil\u00e8, in modo da poter gustare i sapori pi\u00f9 a lungo!<\/p>\n<p>Dati tecnici<\/p>\n<p>- Lunghezza: circa 11,5 cm<\/p>\n<p>- Diametro: circa 1,5 cm<\/p>\n<p>- Tre versioni: Senza nicotina \/ 0,9 % Nicotina \/ 1,7 % Nicotina<\/p>\n<p>- Dispositivo monouso, non ricaricabile<\/p>\n<p>- Manicotto riutilizzabile<\/p>","protected":false},"excerpt":{"rendered":"<p>Siete amanti dei frutti rossi? Allora provate il nostro Wpuff Big Strawberry con il suo aroma forte per un piacere di svapo intenso e originale!<\/p>","protected":false},"featured_media":47391,"comment_status":"open","ping_status":"closed","template":"","meta":{"_acf_changed":false,"_genesis_hide_title":false,"_genesis_hide_breadcrumbs":false,"_genesis_hide_singular_image":false,"_genesis_hide_footer_widgets":false,"_genesis_custom_body_class":"","_genesis_custom_post_class":"","_genesis_layout":""},"product_brand":[],"product_cat":[3110,3117],"product_tag":[],"class_list":{"1":"product","2":"type-product","6":"product_cat-einweggeraete","7":"product_cat-liquideo-600-puff","8":"entry","10":"first","11":"outofstock","12":"taxable","13":"shipping-taxable","14":"purchasable","15":"product-type-variable"},"acf":[],"_links":{"self":[{"href":"https:\/\/rauchlosefreiheit.de\/it\/wp-json\/wp\/v2\/product\/47070","targetHints":{"allow":["GET"]}}],"collection":[{"href":"https:\/\/rauchlosefreiheit.de\/it\/wp-json\/wp\/v2\/product"}],"about":[{"href":"https:\/\/rauchlosefreiheit.de\/it\/wp-json\/wp\/v2\/types\/product"}],"replies":[{"embeddable":true,"href":"https:\/\/rauchlosefreiheit.de\/it\/wp-json\/wp\/v2\/comments?post=47070"}],"wp:featuredmedia":[{"embeddable":true,"href":"https:\/\/rauchlosefreiheit.de\/it\/wp-json\/wp\/v2\/media\/47391"}],"wp:attachment":[{"href":"https:\/\/rauchlosefreiheit.de\/it\/wp-json\/wp\/v2\/media?parent=47070"}],"wp:term":[{"taxonomy":"product_brand","embeddable":true,"href":"https:\/\/rauchlosefreiheit.de\/it\/wp-json\/wp\/v2\/product_brand?post=47070"},{"taxonomy":"product_cat","embeddable":true,"href":"https:\/\/rauchlosefreiheit.de\/it\/wp-json\/wp\/v2\/product_cat?post=47070"},{"taxonomy":"product_tag","embeddable":true,"href":"https:\/\/rauchlosefreiheit.de\/it\/wp-json\/wp\/v2\/product_tag?post=47070"}],"curies":[{"name":"wp","href":"https:\/\/api.w.org\/{rel}","templated":true}]}}