{"id":46421,"date":"2022-07-03T10:27:04","date_gmt":"2022-07-03T10:27:04","guid":{"rendered":"https:\/\/rauchlosefreiheit.de\/?post_type=product&#038;p=46421"},"modified":"2023-08-14T09:53:18","modified_gmt":"2023-08-14T09:53:18","slug":"frunk-bar-orange-breeze","status":"publish","type":"product","link":"https:\/\/rauchlosefreiheit.de\/it\/shop\/frunk-bar-orange-breeze\/","title":{"rendered":"Frunk Bar Brezza d'arancia"},"content":{"rendered":"<p>Nel mondo dei prodotti per lo svapo, Frunk Bar \u00e8 un nome che gli utenti hanno imparato a conoscere e amare. Da quando sono state introdotte le grandi innovazioni che hanno portato alle barre di svapo usa e getta, Frunk Bar \u00e8 sempre stata al top, offrendo barre di svapo usa e getta ad alte prestazioni che non sono solo comode, ma anche molto convenienti. Continuando a offrire un'incredibile gamma di prodotti nel proprio portafoglio, Frunk Bar, un nome che esiste da anni, si \u00e8 riunito per creare la migliore esperienza di vape bar usa e getta, combinando sia un ottimo dispositivo usa e getta che una deliziosa gamma di aromi di uno dei marchi pi\u00f9 riconosciuti del settore.<\/p>\n<p>La Frunk Bar ha un design portatile e sottile, perfetto per chi \u00e8 in viaggio o vuole svapare di nascosto. Ha un design all-in-one ed \u00e8 usa e getta, quindi potete semplicemente godervelo e gettarlo via quando avete finito. Non ci sono pulsanti o istruzioni complicate, basta vaporizzare e divertirsi.<\/p>\n<p>Ogni Frunk Bar monouso presenta le seguenti caratteristiche:<\/p>\n<p>Disponibile in confezioni da 1.<br \/>\n2% (20 MG) Sale di nicotina in volume.<br \/>\n2 ml di e-liquid per unit\u00e0.<br \/>\nBatteria integrata precaricata da 420 mAh.<br \/>\nCirca 600+ mosse per unit\u00e0.<\/p>","protected":false},"excerpt":{"rendered":"<p>Orange Breeze di Frunk Bar 600 puff. Un sapore rinfrescante e succoso di arancia con una piacevole brezza fresca, il dolce sapore di agrumi con sfumature di mentolo rende una grande svapata per tutto il giorno! Perfetto per le serate fuori casa quando non si vuole portare con s\u00e9 le costose penne da svapo e le mod. Orange Breeze di Frunk Bar 600 puff \u00e8 sempre tra le barrette monouso pi\u00f9 popolari in circolazione.<\/p>","protected":false},"featured_media":46407,"comment_status":"open","ping_status":"closed","template":"","meta":{"_acf_changed":false,"_genesis_hide_title":false,"_genesis_hide_breadcrumbs":false,"_genesis_hide_singular_image":false,"_genesis_hide_footer_widgets":false,"_genesis_custom_body_class":"","_genesis_custom_post_class":"","_genesis_layout":""},"product_brand":[],"product_cat":[3110,3116],"product_tag":[],"class_list":{"1":"product","2":"type-product","6":"product_cat-einweggeraete","7":"product_cat-frunk-bar","8":"entry","10":"first","11":"outofstock","12":"taxable","13":"shipping-taxable","14":"purchasable","15":"product-type-variable"},"acf":[],"_links":{"self":[{"href":"https:\/\/rauchlosefreiheit.de\/it\/wp-json\/wp\/v2\/product\/46421","targetHints":{"allow":["GET"]}}],"collection":[{"href":"https:\/\/rauchlosefreiheit.de\/it\/wp-json\/wp\/v2\/product"}],"about":[{"href":"https:\/\/rauchlosefreiheit.de\/it\/wp-json\/wp\/v2\/types\/product"}],"replies":[{"embeddable":true,"href":"https:\/\/rauchlosefreiheit.de\/it\/wp-json\/wp\/v2\/comments?post=46421"}],"wp:featuredmedia":[{"embeddable":true,"href":"https:\/\/rauchlosefreiheit.de\/it\/wp-json\/wp\/v2\/media\/46407"}],"wp:attachment":[{"href":"https:\/\/rauchlosefreiheit.de\/it\/wp-json\/wp\/v2\/media?parent=46421"}],"wp:term":[{"taxonomy":"product_brand","embeddable":true,"href":"https:\/\/rauchlosefreiheit.de\/it\/wp-json\/wp\/v2\/product_brand?post=46421"},{"taxonomy":"product_cat","embeddable":true,"href":"https:\/\/rauchlosefreiheit.de\/it\/wp-json\/wp\/v2\/product_cat?post=46421"},{"taxonomy":"product_tag","embeddable":true,"href":"https:\/\/rauchlosefreiheit.de\/it\/wp-json\/wp\/v2\/product_tag?post=46421"}],"curies":[{"name":"wp","href":"https:\/\/api.w.org\/{rel}","templated":true}]}}