{"id":46420,"date":"2022-07-03T10:25:08","date_gmt":"2022-07-03T10:25:08","guid":{"rendered":"https:\/\/rauchlosefreiheit.de\/?post_type=product&#038;p=46420"},"modified":"2023-08-14T09:53:18","modified_gmt":"2023-08-14T09:53:18","slug":"frunk-bar-frozen-grape","status":"publish","type":"product","link":"https:\/\/rauchlosefreiheit.de\/it\/shop\/frunk-bar-uva-congelata\/","title":{"rendered":"Frunk Bar Uva ghiacciata"},"content":{"rendered":"<p>Nel mondo dei prodotti per lo svapo, Frunk Bar \u00e8 un nome che gli utenti hanno imparato a conoscere e amare. Da quando sono state introdotte le grandi innovazioni che hanno portato alle barre di svapo usa e getta, Frunk Bar \u00e8 sempre stata al top, offrendo barre di svapo usa e getta ad alte prestazioni che non sono solo comode, ma anche molto convenienti. Continuando a offrire un'incredibile gamma di prodotti nel proprio portafoglio, Frunk Bar, un nome che esiste da anni, si \u00e8 riunito per creare la migliore esperienza di vape bar usa e getta, combinando sia un ottimo dispositivo usa e getta che una deliziosa gamma di aromi di uno dei marchi pi\u00f9 riconosciuti del settore.<\/p>\n<p>La Frunk Bar ha un design portatile e sottile, perfetto per chi \u00e8 in viaggio o vuole svapare di nascosto. Ha un design all-in-one ed \u00e8 usa e getta, quindi potete semplicemente godervelo e gettarlo via quando avete finito. Non ci sono pulsanti o istruzioni complicate, basta vaporizzare e divertirsi.<\/p>\n<p>Ogni Frunk Bar monouso presenta le seguenti caratteristiche:<\/p>","protected":false},"excerpt":{"rendered":"<p>L'uva pi\u00f9 grooviale con una brezza ghiacciata da frunk bar, un'ottima svapata per tutto il giorno per gli amanti dell'uva!<\/p>\n<p>L'e-liquid all'uva \u00e8 uno degli aromi di succo di svapo pi\u00f9 popolari. L'uva \u00e8 disponibile in una variet\u00e0 di colori, dimensioni e sapori e viene coltivata da 8.000 anni. L'uva viene utilizzata anche in una serie di prodotti al di fuori del vaping, dal vino alla marmellata. L'uva \u00e8 da tempo una delle preferite dai vapers per il suo gusto ricco e dolce.<\/p>\n<p>Disponibile in confezioni da 1.<br \/>\n2% (20 MG\/ML) Sale di nicotina in volume.<br \/>\n2 ml di e-liquid per unit\u00e0.<br \/>\nBatteria integrata precaricata da 420 mAh.<br \/>\nCirca 600+ mosse per unit\u00e0.<\/p>","protected":false},"featured_media":46410,"comment_status":"open","ping_status":"closed","template":"","meta":{"_acf_changed":false,"_genesis_hide_title":false,"_genesis_hide_breadcrumbs":false,"_genesis_hide_singular_image":false,"_genesis_hide_footer_widgets":false,"_genesis_custom_body_class":"","_genesis_custom_post_class":"","_genesis_layout":""},"product_brand":[],"product_cat":[3110,3116],"product_tag":[],"class_list":{"1":"product","2":"type-product","6":"product_cat-einweggeraete","7":"product_cat-frunk-bar","8":"entry","10":"first","11":"outofstock","12":"taxable","13":"shipping-taxable","14":"purchasable","15":"product-type-variable"},"acf":[],"_links":{"self":[{"href":"https:\/\/rauchlosefreiheit.de\/it\/wp-json\/wp\/v2\/product\/46420","targetHints":{"allow":["GET"]}}],"collection":[{"href":"https:\/\/rauchlosefreiheit.de\/it\/wp-json\/wp\/v2\/product"}],"about":[{"href":"https:\/\/rauchlosefreiheit.de\/it\/wp-json\/wp\/v2\/types\/product"}],"replies":[{"embeddable":true,"href":"https:\/\/rauchlosefreiheit.de\/it\/wp-json\/wp\/v2\/comments?post=46420"}],"wp:featuredmedia":[{"embeddable":true,"href":"https:\/\/rauchlosefreiheit.de\/it\/wp-json\/wp\/v2\/media\/46410"}],"wp:attachment":[{"href":"https:\/\/rauchlosefreiheit.de\/it\/wp-json\/wp\/v2\/media?parent=46420"}],"wp:term":[{"taxonomy":"product_brand","embeddable":true,"href":"https:\/\/rauchlosefreiheit.de\/it\/wp-json\/wp\/v2\/product_brand?post=46420"},{"taxonomy":"product_cat","embeddable":true,"href":"https:\/\/rauchlosefreiheit.de\/it\/wp-json\/wp\/v2\/product_cat?post=46420"},{"taxonomy":"product_tag","embeddable":true,"href":"https:\/\/rauchlosefreiheit.de\/it\/wp-json\/wp\/v2\/product_tag?post=46420"}],"curies":[{"name":"wp","href":"https:\/\/api.w.org\/{rel}","templated":true}]}}