{"id":4436,"date":"2015-11-27T07:19:19","date_gmt":"2015-11-27T07:19:19","guid":{"rendered":"https:\/\/rauchlosefreiheit.de\/?post_type=product&#038;p=4436"},"modified":"2019-03-05T11:22:29","modified_gmt":"2019-03-05T11:22:29","slug":"joyetech-ego-one","status":"publish","type":"product","link":"https:\/\/rauchlosefreiheit.de\/it\/shop\/joyetech-ego-one\/","title":{"rendered":"Joyetech Ego One"},"content":{"rendered":"","protected":false},"excerpt":{"rendered":"<h2>Ego Uno Piccolo ma potente<\/h2>\n<p>Il Joyetech eGo ONE offre il miglior piacere del vapore. Impressiona per il suo design sottile nelle dimensioni di una normale sigaretta. Semplice, nobile e forte sono solo alcuni aspetti dell'ego 1. Il flusso di vapore pu\u00f2 essere facilmente regolato ruotando l'anello sull'atomizzatore. Ti piace piuttosto piccolo ed elegante, o pi\u00f9 robusto? L'eGo 1 \u00e8 disponibile in due dimensioni. Riempire il liquido \u00e8 facile. Basta aprire il nebulizzatore e riempire direttamente il liquido. \u00c8 possibile caricare il Joyetech eGo ONE con la porta USB, ad es. su un computer o direttamente dalla rete elettrica. Quando la batteria \u00e8 quasi scarica, una luce LED lampeggia. Cos\u00ec non si pu\u00f2 dimenticare di ricaricare. La sigaretta E cigarette eGo \u00e8 inoltre caratterizzata da diverse guarnizioni in gomma che impediscono la fuoriuscita involontaria del liquido. Basta con le fuoriuscite. Inoltre, la batteria pu\u00f2 essere facilmente sostituita, ci sono due dimensioni: 1100 mAh e 2200 mAh. A seconda della durata della batteria. Anche pratico: potete usare la batteria pi\u00f9 piccola e portare la seconda in tasca. La eGo One \u00e8 quindi la migliore sigaretta E. \u00c8 possibile effettuare un test per la sigaretta elettronica, l'eGo ONE soddisfer\u00e0 tutte le vostre esigenze. Anche <a href=\"http:\/\/e-zigarette-test.net\/ego-one-sub-ohm\/\" target=\"_blank\" rel=\"noopener noreferrer\">e-cigarette test.net <\/a>descrive il Joyetech eGo One come una sigaretta E che non ha bisogno di fronzoli. Linee rette, un involucro in acciaio inossidabile e una buona fattura sono le caratteristiche di Joyetech. Come produttore leader di sigarette elettroniche, Joyetech rende il vapore un piacere. La soddisfazione del cliente \u00e8 la priorit\u00e0 assoluta di Joyetech. Con i diversi liquidi disponibili potete anche voi smettere di fumare le sigarette. Il passaggio \u00e8 facile, i polmoni sono risparmiati. La sigaretta E cigarette eGo pu\u00f2 competere con le sigarette nel gusto, e persino superarle. L'eGo One \u00e8 disponibile in sei colori diversi, ce n'\u00e8 per tutti i gusti. Si possono riempire liquidi con 1,8 o 2,5 ml. L'atomizzatore pu\u00f2 essere utilizzato con due teste diverse: 1,8 mm e 3,5 mm. L'eGo One \u00e8 un dispositivo per tutti. Elegante, semplice e puristico descrive al meglio l'eGo ONE. Si ottiene una fantastica esperienza di fumo, nonostante le sue piccole dimensioni. Prova la migliore sigaretta E e fai il test della sigaretta E!<\/p>\n<p><img loading=\"lazy\" decoding=\"async\" class=\"alignnone size-medium wp-image-4455\" src=\"https:\/\/rauchlosefreiheit.de\/wp-content\/uploads\/2015\/12\/ego_One_10-300x215.jpg\" alt=\"ego_One_10\" width=\"300\" height=\"215\" srcset=\"https:\/\/rauchlosefreiheit.de\/wp-content\/uploads\/2015\/12\/ego_One_10-100x72.jpg 100w, https:\/\/rauchlosefreiheit.de\/wp-content\/uploads\/2015\/12\/ego_One_10-300x215.jpg 300w, https:\/\/rauchlosefreiheit.de\/wp-content\/uploads\/2015\/12\/ego_One_10-375x269.jpg 375w, https:\/\/rauchlosefreiheit.de\/wp-content\/uploads\/2015\/12\/ego_One_10.jpg 433w\" sizes=\"auto, (max-width: 300px) 100vw, 300px\" \/><img loading=\"lazy\" decoding=\"async\" class=\"alignnone size-medium wp-image-4454\" src=\"https:\/\/rauchlosefreiheit.de\/wp-content\/uploads\/2015\/12\/ego_One_08-112x300.jpg\" alt=\"ego_One_08\" width=\"112\" height=\"300\" srcset=\"https:\/\/rauchlosefreiheit.de\/wp-content\/uploads\/2015\/12\/ego_One_08-50x133.jpg 50w, https:\/\/rauchlosefreiheit.de\/wp-content\/uploads\/2015\/12\/ego_One_08-112x300.jpg 112w, https:\/\/rauchlosefreiheit.de\/wp-content\/uploads\/2015\/12\/ego_One_08.jpg 197w\" sizes=\"auto, (max-width: 112px) 100vw, 112px\" \/><img loading=\"lazy\" decoding=\"async\" class=\"alignnone size-medium wp-image-4452\" src=\"https:\/\/rauchlosefreiheit.de\/wp-content\/uploads\/2015\/12\/ego_One_03-244x300.jpg\" alt=\"ego_One_03\" width=\"244\" height=\"300\" \/><img loading=\"lazy\" decoding=\"async\" class=\"alignnone size-medium wp-image-4453\" src=\"https:\/\/rauchlosefreiheit.de\/wp-content\/uploads\/2015\/12\/ego_One_07_03-300x296.jpg\" alt=\"ego_One_07_03\" width=\"300\" height=\"296\" \/><\/p>","protected":false},"featured_media":0,"comment_status":"open","ping_status":"closed","template":"","meta":{"_acf_changed":false,"_genesis_hide_title":false,"_genesis_hide_breadcrumbs":false,"_genesis_hide_singular_image":false,"_genesis_hide_footer_widgets":false,"_genesis_custom_body_class":"","_genesis_custom_post_class":"","_genesis_layout":""},"product_brand":[],"product_cat":[2625],"product_tag":[],"class_list":{"1":"product","2":"type-product","5":"product_cat-senza-categoria","6":"entry","8":"first","9":"instock","10":"taxable","11":"shipping-taxable","12":"purchasable","13":"product-type-variable"},"acf":[],"_links":{"self":[{"href":"https:\/\/rauchlosefreiheit.de\/it\/wp-json\/wp\/v2\/product\/4436","targetHints":{"allow":["GET"]}}],"collection":[{"href":"https:\/\/rauchlosefreiheit.de\/it\/wp-json\/wp\/v2\/product"}],"about":[{"href":"https:\/\/rauchlosefreiheit.de\/it\/wp-json\/wp\/v2\/types\/product"}],"replies":[{"embeddable":true,"href":"https:\/\/rauchlosefreiheit.de\/it\/wp-json\/wp\/v2\/comments?post=4436"}],"wp:attachment":[{"href":"https:\/\/rauchlosefreiheit.de\/it\/wp-json\/wp\/v2\/media?parent=4436"}],"wp:term":[{"taxonomy":"product_brand","embeddable":true,"href":"https:\/\/rauchlosefreiheit.de\/it\/wp-json\/wp\/v2\/product_brand?post=4436"},{"taxonomy":"product_cat","embeddable":true,"href":"https:\/\/rauchlosefreiheit.de\/it\/wp-json\/wp\/v2\/product_cat?post=4436"},{"taxonomy":"product_tag","embeddable":true,"href":"https:\/\/rauchlosefreiheit.de\/it\/wp-json\/wp\/v2\/product_tag?post=4436"}],"curies":[{"name":"wp","href":"https:\/\/api.w.org\/{rel}","templated":true}]}}