{"id":40506,"date":"2021-03-09T13:26:42","date_gmt":"2021-03-09T13:26:42","guid":{"rendered":"https:\/\/rauchlosefreiheit.de\/?post_type=product&#038;p=40506"},"modified":"2023-06-19T16:21:21","modified_gmt":"2023-06-19T16:21:21","slug":"vampire-vape-blood-sukka","status":"publish","type":"product","link":"https:\/\/rauchlosefreiheit.de\/it\/shop\/vampiro-vape-blood-sukka\/","title":{"rendered":"Vampire Vape Blood Sukka 50 ml"},"content":{"rendered":"<strong><a target=\"_blank\" href=\"https:\/\/rauchlosefreiheit.de\/it\/il-mio-conto-3\/\">Entrare<\/a> Accesso al concessionario<\/strong>","protected":false},"excerpt":{"rendered":"<p>50 ml con tiro libero di nicotina, solo \u20ac 11,60 Blood Sukka della gamma KonceptXIX \u00e8 un fantastico, morbido svapo pieno di sapore. La dolce miscela di ciliegie rosse e bacche \u00e8 perfettamente bilanciata per uno svapo rinvigorente. Uno che \u00e8 ulteriormente migliorato con un calcio di eucalipto e anice che gli d\u00e0 un morso incredibile.<\/p>","protected":false},"featured_media":40481,"comment_status":"open","ping_status":"closed","template":"","meta":{"_acf_changed":false,"_genesis_hide_title":false,"_genesis_hide_breadcrumbs":false,"_genesis_hide_singular_image":false,"_genesis_hide_footer_widgets":false,"_genesis_custom_body_class":"","_genesis_custom_post_class":"","_genesis_layout":""},"product_brand":[],"product_cat":[792,2445,3070],"product_tag":[],"class_list":{"1":"product","2":"type-product","6":"product_cat-liquid","7":"product_cat-shake-and-vape-diy-misch-set","8":"product_cat-vampire-vape","9":"entry","11":"first","12":"outofstock","13":"taxable","14":"shipping-taxable","15":"product-type-simple"},"acf":[],"_links":{"self":[{"href":"https:\/\/rauchlosefreiheit.de\/it\/wp-json\/wp\/v2\/product\/40506","targetHints":{"allow":["GET"]}}],"collection":[{"href":"https:\/\/rauchlosefreiheit.de\/it\/wp-json\/wp\/v2\/product"}],"about":[{"href":"https:\/\/rauchlosefreiheit.de\/it\/wp-json\/wp\/v2\/types\/product"}],"replies":[{"embeddable":true,"href":"https:\/\/rauchlosefreiheit.de\/it\/wp-json\/wp\/v2\/comments?post=40506"}],"wp:featuredmedia":[{"embeddable":true,"href":"https:\/\/rauchlosefreiheit.de\/it\/wp-json\/wp\/v2\/media\/40481"}],"wp:attachment":[{"href":"https:\/\/rauchlosefreiheit.de\/it\/wp-json\/wp\/v2\/media?parent=40506"}],"wp:term":[{"taxonomy":"product_brand","embeddable":true,"href":"https:\/\/rauchlosefreiheit.de\/it\/wp-json\/wp\/v2\/product_brand?post=40506"},{"taxonomy":"product_cat","embeddable":true,"href":"https:\/\/rauchlosefreiheit.de\/it\/wp-json\/wp\/v2\/product_cat?post=40506"},{"taxonomy":"product_tag","embeddable":true,"href":"https:\/\/rauchlosefreiheit.de\/it\/wp-json\/wp\/v2\/product_tag?post=40506"}],"curies":[{"name":"wp","href":"https:\/\/api.w.org\/{rel}","templated":true}]}}