{"id":39321,"date":"2020-10-22T11:50:49","date_gmt":"2020-10-22T11:50:49","guid":{"rendered":"https:\/\/rauchlosefreiheit.de\/?post_type=product&#038;p=39321"},"modified":"2023-05-30T08:14:08","modified_gmt":"2023-05-30T08:14:08","slug":"t-juice-clara-t-3-mg-ml","status":"publish","type":"product","link":"https:\/\/rauchlosefreiheit.de\/it\/shop\/t-juice-clara-t-3-mg-ml\/","title":{"rendered":"T-Juice Clara T"},"content":{"rendered":"<strong><a target=\"_blank\" href=\"https:\/\/rauchlosefreiheit.de\/it\/il-mio-conto-3\/\">Entrare<\/a> Accesso al concessionario<\/strong>","protected":false},"excerpt":{"rendered":"<h3>Sapori chiave: Bacca rossa | Uva | Mentolo<\/h3>\n<p>Clara T tiene duro con il gigante T-Juice Red Astaire con il suo tocco di un classico sapore di e-liquido. Clara T contiene una nota pi\u00f9 sottile di anice e un po' pi\u00f9 di freschezza nel gusto delle sue uve verdi. Questo e-liquido ecciter\u00e0 le vostre papille gustative e potrebbe essere l'alternativa al Red Astaire che stavate cercando.<\/p>","protected":false},"featured_media":39328,"comment_status":"open","ping_status":"closed","template":"","meta":{"_acf_changed":false,"_genesis_hide_title":false,"_genesis_hide_breadcrumbs":false,"_genesis_hide_singular_image":false,"_genesis_hide_footer_widgets":false,"_genesis_custom_body_class":"","_genesis_custom_post_class":"","_genesis_layout":""},"product_brand":[],"product_cat":[3042],"product_tag":[],"class_list":{"1":"product","2":"type-product","6":"product_cat-t-juice-e-liquid-kaufen","7":"entry","9":"first","10":"outofstock","11":"sale","12":"taxable","13":"shipping-taxable","14":"product-type-variable"},"acf":[],"_links":{"self":[{"href":"https:\/\/rauchlosefreiheit.de\/it\/wp-json\/wp\/v2\/product\/39321","targetHints":{"allow":["GET"]}}],"collection":[{"href":"https:\/\/rauchlosefreiheit.de\/it\/wp-json\/wp\/v2\/product"}],"about":[{"href":"https:\/\/rauchlosefreiheit.de\/it\/wp-json\/wp\/v2\/types\/product"}],"replies":[{"embeddable":true,"href":"https:\/\/rauchlosefreiheit.de\/it\/wp-json\/wp\/v2\/comments?post=39321"}],"wp:featuredmedia":[{"embeddable":true,"href":"https:\/\/rauchlosefreiheit.de\/it\/wp-json\/wp\/v2\/media\/39328"}],"wp:attachment":[{"href":"https:\/\/rauchlosefreiheit.de\/it\/wp-json\/wp\/v2\/media?parent=39321"}],"wp:term":[{"taxonomy":"product_brand","embeddable":true,"href":"https:\/\/rauchlosefreiheit.de\/it\/wp-json\/wp\/v2\/product_brand?post=39321"},{"taxonomy":"product_cat","embeddable":true,"href":"https:\/\/rauchlosefreiheit.de\/it\/wp-json\/wp\/v2\/product_cat?post=39321"},{"taxonomy":"product_tag","embeddable":true,"href":"https:\/\/rauchlosefreiheit.de\/it\/wp-json\/wp\/v2\/product_tag?post=39321"}],"curies":[{"name":"wp","href":"https:\/\/api.w.org\/{rel}","templated":true}]}}