{"id":38473,"date":"2020-05-09T09:10:15","date_gmt":"2020-05-09T09:10:15","guid":{"rendered":"https:\/\/rauchlosefreiheit.de\/?post_type=product&#038;p=38473"},"modified":"2020-10-16T12:44:07","modified_gmt":"2020-10-16T12:44:07","slug":"10-ml-pp-flasche-fuer-haendler","status":"publish","type":"product","link":"https:\/\/rauchlosefreiheit.de\/it\/shop\/10-ml-pp-bottiglia-rivenditore\/","title":{"rendered":"Bottiglia da 10 ml in PP per i rivenditori"},"content":{"rendered":"<p>Con questa pratica bottiglia da 10 ml, la punta \u00e8 gi\u00e0 nel tappo, cos\u00ec non dovrete mai cercare una punta corrispondente - possiamo consegnarla da magazzino, cos\u00ec non dovrete mai aspettare a lungo per la consegna. Bottiglia molto elegante per la vostra produzione di e-Liquid.<\/p>","protected":false},"excerpt":{"rendered":"<p>Bottiglia di plastica dura da 10 ml con punta nel tappo<br \/>\nTamper Evidente bottiglia - Punta sottile<br \/>\n<strong>il cappuccio in dotazione \u00e8 blu bianco<\/strong><\/p>","protected":false},"featured_media":10938,"comment_status":"open","ping_status":"closed","template":"","meta":{"_acf_changed":false,"_genesis_hide_title":false,"_genesis_hide_breadcrumbs":false,"_genesis_hide_singular_image":false,"_genesis_hide_footer_widgets":false,"_genesis_custom_body_class":"","_genesis_custom_post_class":"","_genesis_layout":""},"product_brand":[],"product_cat":[2187],"product_tag":[],"class_list":{"1":"product","2":"type-product","6":"product_cat-e-liquid-flaschen-grosshandel","7":"entry","9":"first","10":"instock","11":"taxable","12":"shipping-taxable","13":"purchasable","14":"product-type-variable","15":"has-default-attributes"},"acf":[],"_links":{"self":[{"href":"https:\/\/rauchlosefreiheit.de\/it\/wp-json\/wp\/v2\/product\/38473","targetHints":{"allow":["GET"]}}],"collection":[{"href":"https:\/\/rauchlosefreiheit.de\/it\/wp-json\/wp\/v2\/product"}],"about":[{"href":"https:\/\/rauchlosefreiheit.de\/it\/wp-json\/wp\/v2\/types\/product"}],"replies":[{"embeddable":true,"href":"https:\/\/rauchlosefreiheit.de\/it\/wp-json\/wp\/v2\/comments?post=38473"}],"wp:featuredmedia":[{"embeddable":true,"href":"https:\/\/rauchlosefreiheit.de\/it\/wp-json\/wp\/v2\/media\/10938"}],"wp:attachment":[{"href":"https:\/\/rauchlosefreiheit.de\/it\/wp-json\/wp\/v2\/media?parent=38473"}],"wp:term":[{"taxonomy":"product_brand","embeddable":true,"href":"https:\/\/rauchlosefreiheit.de\/it\/wp-json\/wp\/v2\/product_brand?post=38473"},{"taxonomy":"product_cat","embeddable":true,"href":"https:\/\/rauchlosefreiheit.de\/it\/wp-json\/wp\/v2\/product_cat?post=38473"},{"taxonomy":"product_tag","embeddable":true,"href":"https:\/\/rauchlosefreiheit.de\/it\/wp-json\/wp\/v2\/product_tag?post=38473"}],"curies":[{"name":"wp","href":"https:\/\/api.w.org\/{rel}","templated":true}]}}