{"id":38468,"date":"2020-05-04T13:56:59","date_gmt":"2020-05-04T13:56:59","guid":{"rendered":"https:\/\/rauchlosefreiheit.de\/?post_type=product&#038;p=38468"},"modified":"2020-10-16T12:44:14","modified_gmt":"2020-10-16T12:44:14","slug":"10-ml-squeeze-flasche-fuer-haendler","status":"publish","type":"product","link":"https:\/\/rauchlosefreiheit.de\/it\/shop\/bottiglia-da-10-ml-per-il-rivenditore\/","title":{"rendered":"Bottiglia da 10 ml per i rivenditori"},"content":{"rendered":"<h2>Bottiglia da 10 ml per la spremitura di LDPE Tamper Evidente Bottiglia Tamper - Punta sottile<\/h2>\n<p>Queste comodissime bottiglie di E-Liquid sono le pi\u00f9 popolari tra i piroscafi, perch\u00e9 si possono facilmente pressare a vuoto. Il colore del tappo pu\u00f2 di solito, ma non sempre, essere scelto in base ai livelli di stock. Se non volete un colore particolare, fatecelo sapere via e-mail. La scelta del colore viene sempre discussa dopo la consultazione via e-mail. Il bianco e il nero sono i colori standard.<\/p>","protected":false},"excerpt":{"rendered":"<p>Bottiglia da 10 ml in LDPE Tamper Evidente - Punta sottile<br \/>\nIl bianco e il nero sono i colori standard per i cappucci<\/p>","protected":false},"featured_media":38503,"comment_status":"open","ping_status":"closed","template":"","meta":{"_acf_changed":false,"_genesis_hide_title":false,"_genesis_hide_breadcrumbs":false,"_genesis_hide_singular_image":false,"_genesis_hide_footer_widgets":false,"_genesis_custom_body_class":"","_genesis_custom_post_class":"","_genesis_layout":""},"product_brand":[],"product_cat":[2187],"product_tag":[],"class_list":{"1":"product","2":"type-product","6":"product_cat-e-liquid-flaschen-grosshandel","7":"entry","9":"first","10":"instock","11":"taxable","12":"shipping-taxable","13":"purchasable","14":"product-type-variable"},"acf":[],"_links":{"self":[{"href":"https:\/\/rauchlosefreiheit.de\/it\/wp-json\/wp\/v2\/product\/38468","targetHints":{"allow":["GET"]}}],"collection":[{"href":"https:\/\/rauchlosefreiheit.de\/it\/wp-json\/wp\/v2\/product"}],"about":[{"href":"https:\/\/rauchlosefreiheit.de\/it\/wp-json\/wp\/v2\/types\/product"}],"replies":[{"embeddable":true,"href":"https:\/\/rauchlosefreiheit.de\/it\/wp-json\/wp\/v2\/comments?post=38468"}],"wp:featuredmedia":[{"embeddable":true,"href":"https:\/\/rauchlosefreiheit.de\/it\/wp-json\/wp\/v2\/media\/38503"}],"wp:attachment":[{"href":"https:\/\/rauchlosefreiheit.de\/it\/wp-json\/wp\/v2\/media?parent=38468"}],"wp:term":[{"taxonomy":"product_brand","embeddable":true,"href":"https:\/\/rauchlosefreiheit.de\/it\/wp-json\/wp\/v2\/product_brand?post=38468"},{"taxonomy":"product_cat","embeddable":true,"href":"https:\/\/rauchlosefreiheit.de\/it\/wp-json\/wp\/v2\/product_cat?post=38468"},{"taxonomy":"product_tag","embeddable":true,"href":"https:\/\/rauchlosefreiheit.de\/it\/wp-json\/wp\/v2\/product_tag?post=38468"}],"curies":[{"name":"wp","href":"https:\/\/api.w.org\/{rel}","templated":true}]}}