{"id":3635,"date":"2015-03-06T11:57:29","date_gmt":"2015-03-06T11:57:29","guid":{"rendered":"https:\/\/rauchlosefreiheit.de\/shop\/aspire-atlantis-2\/"},"modified":"2019-03-05T11:22:29","modified_gmt":"2019-03-05T11:22:29","slug":"aspire-atlantis","status":"publish","type":"product","link":"https:\/\/rauchlosefreiheit.de\/it\/shop\/aspirare-atlantis\/","title":{"rendered":"Aspirare Atlantis"},"content":{"rendered":"","protected":false},"excerpt":{"rendered":"<h2>Il nuovo ASPIRE ATLANTIS per un gusto migliore.<\/h2>\n<p>Il nuovo controllo di flusso del contenitore del liquido \u00e8 rivoluzionario e fornisce con le sue bobine SUB OHM per un gusto eccellente.<\/p>\n<p>Dopo il clamoroso successo del serbatoio Nautilus di Aspire, l'azienda ha ora superato se stessa con il nuovo serbatoio ASPIRE ATLANTIS, che permette un aumento delle prestazioni da 0,5 ohm fino a 30 watt.<\/p>\n<p>L'Atlantis Tank \u00e8 progettato solo per batterie ad alte prestazioni e non pu\u00f2 quindi essere utilizzato con le normali batterie ricaricabili Ergo-Style. Tra le altre cose, una batteria spinner pu\u00f2 fornire la potenza necessaria.<\/p>\n<h2><\/h2>\n<p>&nbsp;<\/p>","protected":false},"featured_media":0,"comment_status":"open","ping_status":"closed","template":"","meta":{"_acf_changed":false,"_genesis_hide_title":false,"_genesis_hide_breadcrumbs":false,"_genesis_hide_singular_image":false,"_genesis_hide_footer_widgets":false,"_genesis_custom_body_class":"","_genesis_custom_post_class":"","_genesis_layout":""},"product_brand":[],"product_cat":[2625],"product_tag":[],"class_list":{"1":"product","2":"type-product","5":"product_cat-senza-categoria","6":"entry","8":"first","9":"outofstock","10":"taxable","11":"shipping-taxable","12":"purchasable","13":"product-type-simple"},"acf":[],"_links":{"self":[{"href":"https:\/\/rauchlosefreiheit.de\/it\/wp-json\/wp\/v2\/product\/3635","targetHints":{"allow":["GET"]}}],"collection":[{"href":"https:\/\/rauchlosefreiheit.de\/it\/wp-json\/wp\/v2\/product"}],"about":[{"href":"https:\/\/rauchlosefreiheit.de\/it\/wp-json\/wp\/v2\/types\/product"}],"replies":[{"embeddable":true,"href":"https:\/\/rauchlosefreiheit.de\/it\/wp-json\/wp\/v2\/comments?post=3635"}],"wp:attachment":[{"href":"https:\/\/rauchlosefreiheit.de\/it\/wp-json\/wp\/v2\/media?parent=3635"}],"wp:term":[{"taxonomy":"product_brand","embeddable":true,"href":"https:\/\/rauchlosefreiheit.de\/it\/wp-json\/wp\/v2\/product_brand?post=3635"},{"taxonomy":"product_cat","embeddable":true,"href":"https:\/\/rauchlosefreiheit.de\/it\/wp-json\/wp\/v2\/product_cat?post=3635"},{"taxonomy":"product_tag","embeddable":true,"href":"https:\/\/rauchlosefreiheit.de\/it\/wp-json\/wp\/v2\/product_tag?post=3635"}],"curies":[{"name":"wp","href":"https:\/\/api.w.org\/{rel}","templated":true}]}}