{"id":3633,"date":"2015-03-06T11:57:28","date_gmt":"2015-03-06T11:57:28","guid":{"rendered":"https:\/\/rauchlosefreiheit.de\/shop\/cloutank-m4-2\/"},"modified":"2019-03-05T11:23:03","modified_gmt":"2019-03-05T11:23:03","slug":"cloutank-m4","status":"publish","type":"product","link":"https:\/\/rauchlosefreiheit.de\/it\/shop\/cloutank-m4\/","title":{"rendered":"Cloutank M4"},"content":{"rendered":"","protected":false},"excerpt":{"rendered":"<h2>Offerta! Cloupor Cloutank M4, sistema di controllo della ventilazione.<\/h2>\n<p>Materiale essiccato e pressato nello stesso evaporatore<\/p>\n<p>Il Cloupor Cloutank M4 ha una funzione 2 in 1 aggiungendo un nuovo accessorio al popolare Cloupor Cloutank M3, che pu\u00f2 anche bruciare materiale essiccato o pressato. Un altro miglioramento sono le batterie di cottura pi\u00f9 grandi, il serbatoio pi\u00f9 grande e soprattutto il nuovo sistema di controllo della ventilazione, che garantisce una buona circolazione dell'aria e una combustione uniforme del materiale.<\/p>\n<p><strong><a title=\"prodotto originale\" href=\"http:\/\/cloupor.com\" target=\"_blank\" rel=\"noopener noreferrer\">Controlla con la verifica dell'autenticit\u00e0 online. Guarda Cloupor.com in basso a destra nella pagina<\/a><\/strong><\/p>","protected":false},"featured_media":0,"comment_status":"open","ping_status":"closed","template":"","meta":{"_acf_changed":false,"_genesis_hide_title":false,"_genesis_hide_breadcrumbs":false,"_genesis_hide_singular_image":false,"_genesis_hide_footer_widgets":false,"_genesis_custom_body_class":"","_genesis_custom_post_class":"","_genesis_layout":""},"product_brand":[],"product_cat":[2625],"product_tag":[],"class_list":{"1":"product","2":"type-product","5":"product_cat-senza-categoria","6":"entry","8":"first","9":"outofstock","10":"sale","11":"taxable","12":"shipping-taxable","13":"purchasable","14":"product-type-simple"},"acf":[],"_links":{"self":[{"href":"https:\/\/rauchlosefreiheit.de\/it\/wp-json\/wp\/v2\/product\/3633","targetHints":{"allow":["GET"]}}],"collection":[{"href":"https:\/\/rauchlosefreiheit.de\/it\/wp-json\/wp\/v2\/product"}],"about":[{"href":"https:\/\/rauchlosefreiheit.de\/it\/wp-json\/wp\/v2\/types\/product"}],"replies":[{"embeddable":true,"href":"https:\/\/rauchlosefreiheit.de\/it\/wp-json\/wp\/v2\/comments?post=3633"}],"wp:attachment":[{"href":"https:\/\/rauchlosefreiheit.de\/it\/wp-json\/wp\/v2\/media?parent=3633"}],"wp:term":[{"taxonomy":"product_brand","embeddable":true,"href":"https:\/\/rauchlosefreiheit.de\/it\/wp-json\/wp\/v2\/product_brand?post=3633"},{"taxonomy":"product_cat","embeddable":true,"href":"https:\/\/rauchlosefreiheit.de\/it\/wp-json\/wp\/v2\/product_cat?post=3633"},{"taxonomy":"product_tag","embeddable":true,"href":"https:\/\/rauchlosefreiheit.de\/it\/wp-json\/wp\/v2\/product_tag?post=3633"}],"curies":[{"name":"wp","href":"https:\/\/api.w.org\/{rel}","templated":true}]}}