{"id":3632,"date":"2015-03-06T11:57:28","date_gmt":"2015-03-06T11:57:28","guid":{"rendered":"https:\/\/rauchlosefreiheit.de\/shop\/cloutank-m4-kit-2\/"},"modified":"2019-03-05T11:23:04","modified_gmt":"2019-03-05T11:23:04","slug":"cloutank-m4-satz","status":"publish","type":"product","link":"https:\/\/rauchlosefreiheit.de\/it\/shop\/cloutank-m4-set\/","title":{"rendered":"Set serbatoio a bocca M4"},"content":{"rendered":"","protected":false},"excerpt":{"rendered":"<h2>Offerta! Pacchetto Starter M4 Cloutank M4!<\/h2>\n<p>Con nuovo controllo della ventilazione, batteria migliorata e serbatoio per foglie secche<\/p>\n<p>Il nuovo Cloutank M4 \u00e8 stato dotato di numerosi miglioramenti: le serpentine di riscaldamento sono pi\u00f9 lunghe ed efficienti, il controllo della ventilazione \u00e8 nuovo, le prestazioni dei filtri sono state migliorate e il vaso per le foglie secche \u00e8 stato ampliato, il design \u00e8 stato rivisto e migliorato, cos\u00ec come la nuova batteria F1, che si adatta perfettamente al sistema Cloutank. Un sistema discreto e popolare - disponibile anche come variante monouso.<\/p>\n<p>Il Cloutank M4 \u00e8 l'ultimo modello per l'utilizzo di lame a secco, in acciaio temprato e vetro Pyrex e il particolare design permette di spostare le lame nel serbatoio senza svitarlo, in modo che tutto il contenuto possa essere utilizzato e bruciato; dopo l'uso il serbatoio viene svitato e spinto verso il basso, che lo pulisce automaticamente; la confezione contiene 3 serbatoi intercambiabili (per materiale secco) che durano molto a lungo rispetto ad altre marche, insieme ad un semplice manuale d'uso e ad una vasta gamma di accessori, questo \u00e8 il miglior design attualmente disponibile sul mercato.<\/p>\n<p>Dettagli dell'evaporatore Cloutank M4:<\/p>\n<ul>\n<li>Il serbatoio e le serpentine di riscaldamento possono essere smontati per la pulizia.<\/li>\n<li>Il design brevettato Cloutank M4 consente al consumatore di miscelare il materiale secco senza svitare il serbatoio.<\/li>\n<li>Con il pulsante \"one-push\" il serbatoio Cloutank M4 Tank pu\u00f2 essere pulito facilmente e senza attrezzi.<\/li>\n<li>Tutte le parti sono avvitate singolarmente e non viene utilizzata colla, il che fa bene alla salute.<\/li>\n<li>La capacit\u00e0 rispetto al modello Cloutank M3 \u00e8 notevolmente superiore.<\/li>\n<li>L'evaporatore M4 contiene un doppio filtro che garantisce il fumo puro.<\/li>\n<li>Con nuovo sistema di controllo della ventilazione<\/li>\n<li>La nuova batteria F1 con protezione di carica e tensione regolabile per diversi sistemi.<\/li>\n<\/ul>","protected":false},"featured_media":0,"comment_status":"open","ping_status":"closed","template":"","meta":{"_acf_changed":false,"_genesis_hide_title":false,"_genesis_hide_breadcrumbs":false,"_genesis_hide_singular_image":false,"_genesis_hide_footer_widgets":false,"_genesis_custom_body_class":"","_genesis_custom_post_class":"","_genesis_layout":""},"product_brand":[],"product_cat":[2625],"product_tag":[],"class_list":{"1":"product","2":"type-product","5":"product_cat-senza-categoria","6":"entry","8":"first","9":"outofstock","10":"sale","11":"taxable","12":"shipping-taxable","13":"purchasable","14":"product-type-simple"},"acf":[],"_links":{"self":[{"href":"https:\/\/rauchlosefreiheit.de\/it\/wp-json\/wp\/v2\/product\/3632","targetHints":{"allow":["GET"]}}],"collection":[{"href":"https:\/\/rauchlosefreiheit.de\/it\/wp-json\/wp\/v2\/product"}],"about":[{"href":"https:\/\/rauchlosefreiheit.de\/it\/wp-json\/wp\/v2\/types\/product"}],"replies":[{"embeddable":true,"href":"https:\/\/rauchlosefreiheit.de\/it\/wp-json\/wp\/v2\/comments?post=3632"}],"wp:attachment":[{"href":"https:\/\/rauchlosefreiheit.de\/it\/wp-json\/wp\/v2\/media?parent=3632"}],"wp:term":[{"taxonomy":"product_brand","embeddable":true,"href":"https:\/\/rauchlosefreiheit.de\/it\/wp-json\/wp\/v2\/product_brand?post=3632"},{"taxonomy":"product_cat","embeddable":true,"href":"https:\/\/rauchlosefreiheit.de\/it\/wp-json\/wp\/v2\/product_cat?post=3632"},{"taxonomy":"product_tag","embeddable":true,"href":"https:\/\/rauchlosefreiheit.de\/it\/wp-json\/wp\/v2\/product_tag?post=3632"}],"curies":[{"name":"wp","href":"https:\/\/api.w.org\/{rel}","templated":true}]}}