{"id":3631,"date":"2015-03-06T11:57:28","date_gmt":"2015-03-06T11:57:28","guid":{"rendered":"https:\/\/rauchlosefreiheit.de\/shop\/doseerspuit\/"},"modified":"2024-01-05T08:20:58","modified_gmt":"2024-01-05T08:20:58","slug":"spritze-3-ml","status":"publish","type":"product","link":"https:\/\/rauchlosefreiheit.de\/it\/shop\/siringa-3-ml\/","title":{"rendered":"Siringa 3 ml"},"content":{"rendered":"","protected":false},"excerpt":{"rendered":"<h2>Pratiche siringhe per il riempimento del serbatoio.<\/h2>\n<p>Con questi sprite puoi riempire il tuo serbatoio in modo semplice e pulito.<\/p>\n<p>Una volta miscelata la miscela a proprio gusto, \u00e8 il momento di cuocerla a vapore. Fate attenzione a non ferirvi con questa piccola siringa, che ha una capacit\u00e0 di 3 ml, in quanto la nicotina aggiunta \u00e8 velenosa. Quindi riempite semplicemente il serbatoio della vostra e-sigaretta elettronica senza perdere o sgocciolare il liquido.<\/p>","protected":false},"featured_media":3779,"comment_status":"open","ping_status":"closed","template":"","meta":{"_acf_changed":false,"_genesis_hide_title":false,"_genesis_hide_breadcrumbs":false,"_genesis_hide_singular_image":false,"_genesis_hide_footer_widgets":false,"_genesis_custom_body_class":"","_genesis_custom_post_class":"","_genesis_layout":""},"product_brand":[],"product_cat":[786],"product_tag":[],"class_list":{"1":"product","2":"type-product","6":"product_cat-e-zigaretten-zubehoer","7":"entry","9":"first","10":"outofstock","11":"taxable","12":"shipping-taxable","13":"purchasable","14":"product-type-simple"},"acf":[],"_links":{"self":[{"href":"https:\/\/rauchlosefreiheit.de\/it\/wp-json\/wp\/v2\/product\/3631","targetHints":{"allow":["GET"]}}],"collection":[{"href":"https:\/\/rauchlosefreiheit.de\/it\/wp-json\/wp\/v2\/product"}],"about":[{"href":"https:\/\/rauchlosefreiheit.de\/it\/wp-json\/wp\/v2\/types\/product"}],"replies":[{"embeddable":true,"href":"https:\/\/rauchlosefreiheit.de\/it\/wp-json\/wp\/v2\/comments?post=3631"}],"wp:featuredmedia":[{"embeddable":true,"href":"https:\/\/rauchlosefreiheit.de\/it\/wp-json\/wp\/v2\/media\/3779"}],"wp:attachment":[{"href":"https:\/\/rauchlosefreiheit.de\/it\/wp-json\/wp\/v2\/media?parent=3631"}],"wp:term":[{"taxonomy":"product_brand","embeddable":true,"href":"https:\/\/rauchlosefreiheit.de\/it\/wp-json\/wp\/v2\/product_brand?post=3631"},{"taxonomy":"product_cat","embeddable":true,"href":"https:\/\/rauchlosefreiheit.de\/it\/wp-json\/wp\/v2\/product_cat?post=3631"},{"taxonomy":"product_tag","embeddable":true,"href":"https:\/\/rauchlosefreiheit.de\/it\/wp-json\/wp\/v2\/product_tag?post=3631"}],"curies":[{"name":"wp","href":"https:\/\/api.w.org\/{rel}","templated":true}]}}