{"id":3625,"date":"2015-03-06T11:57:27","date_gmt":"2015-03-06T11:57:27","guid":{"rendered":"https:\/\/rauchlosefreiheit.de\/shop\/innokin-itaste-ep\/"},"modified":"2019-03-05T11:25:16","modified_gmt":"2019-03-05T11:25:16","slug":"innokin-itaste-ep","status":"publish","type":"product","link":"https:\/\/rauchlosefreiheit.de\/it\/shop\/innokin-itaste-ep\/","title":{"rendered":"Innokin itaste ep"},"content":{"rendered":"","protected":false},"excerpt":{"rendered":"<h2>L'elegante Innokin Itaste EP<\/h2>\n<p>Questo pacchetto di base con la sigaretta elettronica a forma di penna attira sguardi ammirati.<\/p>\n<p>Per sopravvivere in un mercato altamente competitivo come quello delle e-sigarette, sono essenziali il progresso tecnologico e l'innovazione. Questo \u00e8 esattamente ci\u00f2 su cui Innokin si \u00e8 concentrata quando \u00e8 stato sviluppato il nuovo iTaste EP. La potente ed elegante e-sigaretta con la sua forma insolita fa battere pi\u00f9 velocemente il cuore del vaporizzatore elettrico.<\/p>\n<p>&nbsp;<\/p>\n<p>Poich\u00e9 la batteria \u00e8 protetta contro i cortocircuiti, la sicurezza \u00e8 garantita e il livello di carica della batteria \u00e8 indicato da un LED. La e-sigaretta elettronica \u00e8 dotata di una batteria ai polimeri di litio da 650mAh. Per attivare o disattivare la penna, premere brevemente il pulsante 3 volte. Il pulsante viene tenuto premuto per ogni trazione per rilasciare l'esperienza di vapore. La penna funziona con una tensione continua di 3,5 volt.<\/p>\n<p>&nbsp;<\/p>\n<ul>\n<li>Il pacchetto iniziale a 33 Euro include:<\/li>\n<li>1 batteria<\/li>\n<li>2 iClear 10 Clearomizers<\/li>\n<li>1 caricabatterie USB<\/li>\n<li>1 manuale<\/li>\n<\/ul>","protected":false},"featured_media":0,"comment_status":"open","ping_status":"closed","template":"","meta":{"_acf_changed":false,"_genesis_hide_title":false,"_genesis_hide_breadcrumbs":false,"_genesis_hide_singular_image":false,"_genesis_hide_footer_widgets":false,"_genesis_custom_body_class":"","_genesis_custom_post_class":"","_genesis_layout":""},"product_brand":[],"product_cat":[2625],"product_tag":[],"class_list":{"1":"product","2":"type-product","5":"product_cat-senza-categoria","6":"entry","8":"first","9":"outofstock","10":"taxable","11":"shipping-taxable","12":"purchasable","13":"product-type-simple"},"acf":[],"_links":{"self":[{"href":"https:\/\/rauchlosefreiheit.de\/it\/wp-json\/wp\/v2\/product\/3625","targetHints":{"allow":["GET"]}}],"collection":[{"href":"https:\/\/rauchlosefreiheit.de\/it\/wp-json\/wp\/v2\/product"}],"about":[{"href":"https:\/\/rauchlosefreiheit.de\/it\/wp-json\/wp\/v2\/types\/product"}],"replies":[{"embeddable":true,"href":"https:\/\/rauchlosefreiheit.de\/it\/wp-json\/wp\/v2\/comments?post=3625"}],"wp:attachment":[{"href":"https:\/\/rauchlosefreiheit.de\/it\/wp-json\/wp\/v2\/media?parent=3625"}],"wp:term":[{"taxonomy":"product_brand","embeddable":true,"href":"https:\/\/rauchlosefreiheit.de\/it\/wp-json\/wp\/v2\/product_brand?post=3625"},{"taxonomy":"product_cat","embeddable":true,"href":"https:\/\/rauchlosefreiheit.de\/it\/wp-json\/wp\/v2\/product_cat?post=3625"},{"taxonomy":"product_tag","embeddable":true,"href":"https:\/\/rauchlosefreiheit.de\/it\/wp-json\/wp\/v2\/product_tag?post=3625"}],"curies":[{"name":"wp","href":"https:\/\/api.w.org\/{rel}","templated":true}]}}