{"id":3624,"date":"2015-03-06T11:57:27","date_gmt":"2015-03-06T11:57:27","guid":{"rendered":"https:\/\/rauchlosefreiheit.de\/shop\/innokin-itaste-mvp-2-0\/"},"modified":"2019-03-05T11:24:36","modified_gmt":"2019-03-05T11:24:36","slug":"innokin-itaste-mvp-2-0","status":"publish","type":"product","link":"https:\/\/rauchlosefreiheit.de\/it\/shop\/innokin-itaste-mvp-2-0\/","title":{"rendered":"Innokin itaste mvp 2.0 a soli \u20ac 36"},"content":{"rendered":"","protected":false},"excerpt":{"rendered":"<h2>Innokin Itaste Mvp 2.0 - l'eccezionale<\/h2>\n<p>La linea Innokin Itaste Mvp 2.0 offre il giusto \"outfit\" per ogni gusto.<\/p>\n<p>Il successore del leggendario Innokin iTaste MVP ha ora un look completamente nuovo: scegliete tra le eccezionali stampe della nuova linea e scegliete il vostro modello preferito.<\/p>\n<p>&nbsp;<\/p>\n<p>L'Mvp 2.0 offre anche altri vantaggi:<\/p>\n<ul>\n<li>modalit\u00e0 watt e volt variabili<br \/>\ndisplay blu a tre cifre<br \/>\npulsante fuoco migliorato<br \/>\nMisurazione della resistenza del vostro evaporatore<\/li>\n<\/ul>\n<p>&nbsp;<\/p>\n<p>Il portabatteria iTaste MVP 2.0 VV\/VW non solo pu\u00f2 caricare vapore, ma \u00e8 anche in grado di caricare molti altri dispositivi utilizzando il cavo adattatore USB incluso. L'adattatore USB pu\u00f2 essere utilizzato per caricare un iPhone e molti altri dispositivi con una porta USB, \u00e8 anche compatibile con gli evaporatori eGo, CE4 e 510, ed \u00e8 incluso anche un cono per coprire la porta 510.<\/p>","protected":false},"featured_media":0,"comment_status":"open","ping_status":"closed","template":"","meta":{"_acf_changed":false,"_genesis_hide_title":false,"_genesis_hide_breadcrumbs":false,"_genesis_hide_singular_image":false,"_genesis_hide_footer_widgets":false,"_genesis_custom_body_class":"","_genesis_custom_post_class":"","_genesis_layout":""},"product_brand":[],"product_cat":[2625],"product_tag":[],"class_list":{"1":"product","2":"type-product","5":"product_cat-senza-categoria","6":"entry","8":"first","9":"outofstock","10":"taxable","11":"shipping-taxable","12":"purchasable","13":"product-type-simple"},"acf":[],"_links":{"self":[{"href":"https:\/\/rauchlosefreiheit.de\/it\/wp-json\/wp\/v2\/product\/3624","targetHints":{"allow":["GET"]}}],"collection":[{"href":"https:\/\/rauchlosefreiheit.de\/it\/wp-json\/wp\/v2\/product"}],"about":[{"href":"https:\/\/rauchlosefreiheit.de\/it\/wp-json\/wp\/v2\/types\/product"}],"replies":[{"embeddable":true,"href":"https:\/\/rauchlosefreiheit.de\/it\/wp-json\/wp\/v2\/comments?post=3624"}],"wp:attachment":[{"href":"https:\/\/rauchlosefreiheit.de\/it\/wp-json\/wp\/v2\/media?parent=3624"}],"wp:term":[{"taxonomy":"product_brand","embeddable":true,"href":"https:\/\/rauchlosefreiheit.de\/it\/wp-json\/wp\/v2\/product_brand?post=3624"},{"taxonomy":"product_cat","embeddable":true,"href":"https:\/\/rauchlosefreiheit.de\/it\/wp-json\/wp\/v2\/product_cat?post=3624"},{"taxonomy":"product_tag","embeddable":true,"href":"https:\/\/rauchlosefreiheit.de\/it\/wp-json\/wp\/v2\/product_tag?post=3624"}],"curies":[{"name":"wp","href":"https:\/\/api.w.org\/{rel}","templated":true}]}}