{"id":3622,"date":"2015-03-06T11:57:27","date_gmt":"2015-03-06T11:57:27","guid":{"rendered":"https:\/\/rauchlosefreiheit.de\/shop\/jade-glass-tank-2\/"},"modified":"2024-01-05T08:49:07","modified_gmt":"2024-01-05T08:49:07","slug":"jade-glass-tank","status":"publish","type":"product","link":"https:\/\/rauchlosefreiheit.de\/it\/shop\/serbatoio-in-vetro-di-giada\/","title":{"rendered":"Serbatoio di vetro di giada"},"content":{"rendered":"","protected":false},"excerpt":{"rendered":"<h2>Il nuovo serbatoio in vetro di lusso per specialisti<\/h2>\n<p>Offre la possibilit\u00e0 di evaporare sia il materiale essiccato che pressato<\/p>\n<p>Questo bellissimo e speciale vaporizzatore in vetro di giada pesa solo 30 grammi e ha una garanzia di tre mesi. La sua capacit\u00e0 \u00e8 di 2,4 ml ed \u00e8 prodotto in molti colori diversi. Le bobine di riscaldamento sono intercambiabili e il vaporizzatore \u00e8 certificato CE, RohS.<\/p>","protected":false},"featured_media":0,"comment_status":"open","ping_status":"closed","template":"","meta":{"_acf_changed":false,"_genesis_hide_title":false,"_genesis_hide_breadcrumbs":false,"_genesis_hide_singular_image":false,"_genesis_hide_footer_widgets":false,"_genesis_custom_body_class":"","_genesis_custom_post_class":"","_genesis_layout":""},"product_brand":[],"product_cat":[2625],"product_tag":[],"class_list":{"1":"product","2":"type-product","5":"product_cat-senza-categoria","6":"pa_wahlen-sie-ihre-farbe-grun","7":"pa_wahlen-sie-ihre-farbe-schwarz","8":"pa_wahlen-sie-ihre-farbe-weiss","9":"entry","11":"first","12":"outofstock","13":"taxable","14":"shipping-taxable","15":"purchasable","16":"product-type-variable"},"acf":[],"_links":{"self":[{"href":"https:\/\/rauchlosefreiheit.de\/it\/wp-json\/wp\/v2\/product\/3622","targetHints":{"allow":["GET"]}}],"collection":[{"href":"https:\/\/rauchlosefreiheit.de\/it\/wp-json\/wp\/v2\/product"}],"about":[{"href":"https:\/\/rauchlosefreiheit.de\/it\/wp-json\/wp\/v2\/types\/product"}],"replies":[{"embeddable":true,"href":"https:\/\/rauchlosefreiheit.de\/it\/wp-json\/wp\/v2\/comments?post=3622"}],"wp:attachment":[{"href":"https:\/\/rauchlosefreiheit.de\/it\/wp-json\/wp\/v2\/media?parent=3622"}],"wp:term":[{"taxonomy":"product_brand","embeddable":true,"href":"https:\/\/rauchlosefreiheit.de\/it\/wp-json\/wp\/v2\/product_brand?post=3622"},{"taxonomy":"product_cat","embeddable":true,"href":"https:\/\/rauchlosefreiheit.de\/it\/wp-json\/wp\/v2\/product_cat?post=3622"},{"taxonomy":"product_tag","embeddable":true,"href":"https:\/\/rauchlosefreiheit.de\/it\/wp-json\/wp\/v2\/product_tag?post=3622"}],"curies":[{"name":"wp","href":"https:\/\/api.w.org\/{rel}","templated":true}]}}