{"id":3615,"date":"2015-03-06T11:57:26","date_gmt":"2015-03-06T11:57:26","guid":{"rendered":"https:\/\/rauchlosefreiheit.de\/shop\/pipetten\/"},"modified":"2024-01-22T19:59:06","modified_gmt":"2024-01-22T19:59:06","slug":"pipetten","status":"publish","type":"product","link":"https:\/\/rauchlosefreiheit.de\/it\/shop\/pipette\/","title":{"rendered":"pipette"},"content":{"rendered":"","protected":false},"excerpt":{"rendered":"<h2>Le pratiche mini-pipette<\/h2>\n<p>Le mini pipette: uno strumento indispensabile per professionisti misti<\/p>\n<p>Il vantaggio delle mini-pipette \u00e8 la loro capacit\u00e0 di 3 ml: piccole quantit\u00e0 possono essere dosate con precisione e una pipetta separata pu\u00f2 essere utilizzata per ciascun aroma. Questo impedisce agli aromi di mescolarsi inavvertitamente e garantisce un rapporto di miscelazione pulito.<\/p>","protected":false},"featured_media":3507,"comment_status":"open","ping_status":"closed","template":"","meta":{"_acf_changed":false,"_genesis_hide_title":false,"_genesis_hide_breadcrumbs":false,"_genesis_hide_singular_image":false,"_genesis_hide_footer_widgets":false,"_genesis_custom_body_class":"","_genesis_custom_post_class":"","_genesis_layout":""},"product_brand":[],"product_cat":[786],"product_tag":[],"class_list":{"1":"product","2":"type-product","6":"product_cat-e-zigaretten-zubehoer","7":"entry","9":"first","10":"outofstock","11":"taxable","12":"shipping-taxable","13":"purchasable","14":"product-type-simple"},"acf":[],"_links":{"self":[{"href":"https:\/\/rauchlosefreiheit.de\/it\/wp-json\/wp\/v2\/product\/3615","targetHints":{"allow":["GET"]}}],"collection":[{"href":"https:\/\/rauchlosefreiheit.de\/it\/wp-json\/wp\/v2\/product"}],"about":[{"href":"https:\/\/rauchlosefreiheit.de\/it\/wp-json\/wp\/v2\/types\/product"}],"replies":[{"embeddable":true,"href":"https:\/\/rauchlosefreiheit.de\/it\/wp-json\/wp\/v2\/comments?post=3615"}],"wp:featuredmedia":[{"embeddable":true,"href":"https:\/\/rauchlosefreiheit.de\/it\/wp-json\/wp\/v2\/media\/3507"}],"wp:attachment":[{"href":"https:\/\/rauchlosefreiheit.de\/it\/wp-json\/wp\/v2\/media?parent=3615"}],"wp:term":[{"taxonomy":"product_brand","embeddable":true,"href":"https:\/\/rauchlosefreiheit.de\/it\/wp-json\/wp\/v2\/product_brand?post=3615"},{"taxonomy":"product_cat","embeddable":true,"href":"https:\/\/rauchlosefreiheit.de\/it\/wp-json\/wp\/v2\/product_cat?post=3615"},{"taxonomy":"product_tag","embeddable":true,"href":"https:\/\/rauchlosefreiheit.de\/it\/wp-json\/wp\/v2\/product_tag?post=3615"}],"curies":[{"name":"wp","href":"https:\/\/api.w.org\/{rel}","templated":true}]}}