{"id":3614,"date":"2015-03-06T11:57:26","date_gmt":"2015-03-06T11:57:26","guid":{"rendered":"https:\/\/rauchlosefreiheit.de\/shop\/skull-wax-glass-globe-tank\/"},"modified":"2019-03-05T11:25:56","modified_gmt":"2019-03-05T11:25:56","slug":"skull-wax-glass-globe-tank","status":"publish","type":"product","link":"https:\/\/rauchlosefreiheit.de\/it\/shop\/cranio-cera-vetro-globo-cisterna\/","title":{"rendered":"Skull Wax Glass Globe Tank"},"content":{"rendered":"","protected":false},"excerpt":{"rendered":"<h2>Skull - il serbatoio gigante per tutte le esigenze<\/h2>\n<p>La grande vasca in vetro \u00e8 stata sviluppata appositamente per la vaporizzazione di erbe, prodotti pressati e concentrati.<\/p>\n<p>Con questo vaporizzatore dalla forma meravigliosa potrete gustare le vostre erbe aromatiche preferite - e la prima con stile! La testa di vetro alla moda assomiglia a un teschio e ne fa una dichiarazione di moda. Ma cosa pu\u00f2 questo processo di lavorazione del serbatoio?<\/p>\n<p>Per esempio, puoi goderti l'effetto dei tuoi oli vegetali o concentrati pi\u00f9 popolari senza bisogno delle piante originali - se preferisci il concentrato, avrai bisogno di molto meno che se fai il vapore con olio o prodotti pressati, o erbe essiccate; basta far cadere poche gocce di concentrato sulla serpentina di riscaldamento del tuo vaporizzatore, davvero poco, poi premi il pulsante di accensione della batteria a vapore, la serpentina si scalda e vaporizza il concentrato.<\/p>\n<p>Uno dei motivi per vaporizzare le vostre erbe preferite invece di fumarle \u00e8 che potete usarle meglio: per esempio, i fumatori di erbe ne hanno bisogno di molto di pi\u00f9 dell'olio o del concentrato per ottenere lo stesso effetto. Il vaporizzatore \u00e8 anche molto discreto, perch\u00e9 il vapore \u00e8 assolutamente inodore, a differenza del fumo, mentre le persone nella stessa stanza non sentono il vapore, una delle caratteristiche pi\u00f9 tangibili che i nostri clienti hanno sulla colla del cranio.<\/p>","protected":false},"featured_media":0,"comment_status":"open","ping_status":"closed","template":"","meta":{"_acf_changed":false,"_genesis_hide_title":false,"_genesis_hide_breadcrumbs":false,"_genesis_hide_singular_image":false,"_genesis_hide_footer_widgets":false,"_genesis_custom_body_class":"","_genesis_custom_post_class":"","_genesis_layout":""},"product_brand":[],"product_cat":[2625],"product_tag":[],"class_list":{"1":"product","2":"type-product","5":"product_cat-senza-categoria","6":"pa_wahlen-sie-ihre-farbe-blau","7":"pa_wahlen-sie-ihre-farbe-grun","8":"entry","10":"first","11":"outofstock","12":"taxable","13":"shipping-taxable","14":"purchasable","15":"product-type-variable"},"acf":[],"_links":{"self":[{"href":"https:\/\/rauchlosefreiheit.de\/it\/wp-json\/wp\/v2\/product\/3614","targetHints":{"allow":["GET"]}}],"collection":[{"href":"https:\/\/rauchlosefreiheit.de\/it\/wp-json\/wp\/v2\/product"}],"about":[{"href":"https:\/\/rauchlosefreiheit.de\/it\/wp-json\/wp\/v2\/types\/product"}],"replies":[{"embeddable":true,"href":"https:\/\/rauchlosefreiheit.de\/it\/wp-json\/wp\/v2\/comments?post=3614"}],"wp:attachment":[{"href":"https:\/\/rauchlosefreiheit.de\/it\/wp-json\/wp\/v2\/media?parent=3614"}],"wp:term":[{"taxonomy":"product_brand","embeddable":true,"href":"https:\/\/rauchlosefreiheit.de\/it\/wp-json\/wp\/v2\/product_brand?post=3614"},{"taxonomy":"product_cat","embeddable":true,"href":"https:\/\/rauchlosefreiheit.de\/it\/wp-json\/wp\/v2\/product_cat?post=3614"},{"taxonomy":"product_tag","embeddable":true,"href":"https:\/\/rauchlosefreiheit.de\/it\/wp-json\/wp\/v2\/product_tag?post=3614"}],"curies":[{"name":"wp","href":"https:\/\/api.w.org\/{rel}","templated":true}]}}