{"id":3610,"date":"2015-03-06T11:57:25","date_gmt":"2015-03-06T11:57:25","guid":{"rendered":"https:\/\/rauchlosefreiheit.de\/shop\/vision-vapros-ibox-2\/"},"modified":"2019-03-05T11:28:00","modified_gmt":"2019-03-05T11:28:00","slug":"vision-vapros-ibox","status":"publish","type":"product","link":"https:\/\/rauchlosefreiheit.de\/it\/shop\/vision-vapros-ibox\/","title":{"rendered":"Visione Vapros iBox"},"content":{"rendered":"","protected":false},"excerpt":{"rendered":"<h2>Offerta! Visione Vapros iBox<\/h2>\n<p>Visione Vapros iBox &#8211; 1500mAh VP \/ VW Mod Mod<\/p>\n<p>Vision Vapros iBox \u00e8 un nuovo Box-style Mod Vision CIGS. Ha una batteria integrata da 1500mAh con tensione e wattaggio regolabili. La resistenza pu\u00f2 essere bassa fino a 0.5ohms alta fino a 1.8 ohms.<\/p>\n<p>Contenuto della confezione:<br \/>\n1 x iBox mod<br \/>\n1 x Micro-USB caricabatterie<br \/>\n1 x alimentatore a spina<br \/>\n1 x scheda di garanzia (6 mesi)<br \/>\n1 x manuale<br \/>\n1 scatola di imballaggio x-packaging box<\/p>\n<p>Caratteristiche<br \/>\nCapacit\u00e0: 1500mAh<br \/>\ndimensioni: 95 (L) * 54,3 (L) * 18,4 (A) mm<br \/>\nPeso netto: 245 g<br \/>\nTensione di uscita: 3.0 ~ 6.0V<br \/>\nPotenza di uscita: 3 ~ 25w<br \/>\nCampo di resistenza: 0,5 ~ 1,8ohm<br \/>\nCut-Off-Time Range: 8 ~ 18 secondi<\/p>\n<p>Operazione:<br \/>\nAccensione\/Spegnimento: quando l'iBox viene spento per accendere il pulsante circolare centrale per 2 secondi. Dopo l'accensione, premere il pulsante centrale per 2 secondi, quindi verr\u00e0 visualizzata la console di gestione, che visualizza 6 icone. \u00c8 possibile selezionare qualsiasi icona ruotando il pulsante centrale. Disattivare, selezionare il primo sottomenu e fare clic una volta sul pulsante Invio.<br \/>\nModalit\u00e0 VP \/ Exchange VW: Queste due modalit\u00e0 possono essere modificate con un semplice clic sul pulsante centrale.<br \/>\nGestione del tempo: Utilizzare il filatoio per selezionare la seconda icona e premere il pulsante centrale per raggiungerla. Quindi \u00e8 possibile ripristinare il tempo attraverso il filatoio, e fare clic sul pulsante Invio per arrivare alla sezione successiva.<br \/>\nControllo alimentazione esterna: Usare la rotella per selezionare la terza icona e cliccare sul pulsante centrale per entrare. Subito dopo lo scatto si ritorna all'interfaccia principale con un segnale luminoso sulla schermata principale. Per disattivarla, ripetere la procedura.<br \/>\nControllo di protezione di resistenza: Utilizzare il filatoio, selezionare la quarta icona e premere il pulsante centrale per entrare. La gamma di impostazione \u00e8 da 0,5 ohm a 1,8ohm. Una volta impostato, con valore pi\u00f9 basso in ohm quindi impostare il limite di allarme con cartomizer, il dispositivo sar\u00e0 &#822222;Resistance Protection&#8220; rapporto sulla schermata principale e fermare l'interruttore di alimentazione per lavorare.<br \/>\nControllo dell'ora di spegnimento: Utilizzare il filatoio per selezionare la quinta icona, quindi fare clic sul pulsante centrale. L'intervallo di impostazione \u00e8 compreso tra 8-18 secondi. Dopo aver impostato la durata dell'alimentazione configurata (come indicato dall'orologio in funzione, se si fa scorrere il pulsante a scorrimento sul lato), il dispositivo interromper\u00e0 l'alimentazione di uscita per motivi di sicurezza.<br \/>\nEsci: usa la rotella per selezionare la sesta icona e clicca sul pulsante centrale per passare dalla console di gestione al menu principale.<br \/>\nRicarica del dispositivo: la ricarica \u00e8 possibile solo utilizzando il cavo USB o utilizzando sia il cavo USB che l'adattatore di alimentazione.<\/p>","protected":false},"featured_media":0,"comment_status":"open","ping_status":"closed","template":"","meta":{"_acf_changed":false,"_genesis_hide_title":false,"_genesis_hide_breadcrumbs":false,"_genesis_hide_singular_image":false,"_genesis_hide_footer_widgets":false,"_genesis_custom_body_class":"","_genesis_custom_post_class":"","_genesis_layout":""},"product_brand":[],"product_cat":[2625],"product_tag":[],"class_list":{"1":"product","2":"type-product","5":"product_cat-senza-categoria","6":"entry","8":"first","9":"instock","10":"sale","11":"taxable","12":"shipping-taxable","13":"purchasable","14":"product-type-simple"},"acf":[],"_links":{"self":[{"href":"https:\/\/rauchlosefreiheit.de\/it\/wp-json\/wp\/v2\/product\/3610","targetHints":{"allow":["GET"]}}],"collection":[{"href":"https:\/\/rauchlosefreiheit.de\/it\/wp-json\/wp\/v2\/product"}],"about":[{"href":"https:\/\/rauchlosefreiheit.de\/it\/wp-json\/wp\/v2\/types\/product"}],"replies":[{"embeddable":true,"href":"https:\/\/rauchlosefreiheit.de\/it\/wp-json\/wp\/v2\/comments?post=3610"}],"wp:attachment":[{"href":"https:\/\/rauchlosefreiheit.de\/it\/wp-json\/wp\/v2\/media?parent=3610"}],"wp:term":[{"taxonomy":"product_brand","embeddable":true,"href":"https:\/\/rauchlosefreiheit.de\/it\/wp-json\/wp\/v2\/product_brand?post=3610"},{"taxonomy":"product_cat","embeddable":true,"href":"https:\/\/rauchlosefreiheit.de\/it\/wp-json\/wp\/v2\/product_cat?post=3610"},{"taxonomy":"product_tag","embeddable":true,"href":"https:\/\/rauchlosefreiheit.de\/it\/wp-json\/wp\/v2\/product_tag?post=3610"}],"curies":[{"name":"wp","href":"https:\/\/api.w.org\/{rel}","templated":true}]}}