{"id":34137,"date":"2019-08-20T14:44:02","date_gmt":"2019-08-20T14:44:02","guid":{"rendered":"https:\/\/rauchlosefreiheit.de\/?post_type=product&#038;p=34137"},"modified":"2024-05-29T07:30:02","modified_gmt":"2024-05-29T07:30:02","slug":"mi-pod-leistungsstarkes-und-schoenes-pod-system","status":"publish","type":"product","link":"https:\/\/rauchlosefreiheit.de\/it\/shop\/mi-pod-sistema-pod-potente-e-bello\/","title":{"rendered":"Mi Pod potente e bellissimo sistema pod"},"content":{"rendered":"<p>Il Mi-Pod ha ricevuto un aggiornamento! Uno dei sistemi di pod pi\u00f9 popolari sembrava avere alcuni problemi di qualit\u00e0 con circa 5% delle unit\u00e0 originali nel primo e nel secondo round, ma Smoking Vapor lo not\u00f2 e torn\u00f2 al tavolo da disegno. Ora il Mi-Pod \u00e8 a prova di perdite, non attiva il fuoco automatico ed \u00e8 &amp; #8211; come allarme spoiler &amp; #8211; una foschia a tutto tondo impressionante.<\/p>\n<p>Questo aggiornamento ha avuto luogo all&#039;inizio dell&#039;anno. Quindi, se hai recentemente ottenuto un Mi-pod, controlla il tuo numero di serie nel dispositivo tra il LED e il foro di ventilazione centrale. I dispositivi con numero di serie 20180523 o superiore vengono aggiornati e non presentano difetti di progettazione. Questi problemi hanno interessato solo 5% di Mi-Pod di lotti precedenti e i pod revisionati dovrebbero comunque risolvere la maggior parte dei problemi. Tuttavia, se cos\u00ec non fosse, SV \u00e8 pi\u00f9 che disposto a sostituire il tuo Mi-Pod per te.<\/p>","protected":false},"excerpt":{"rendered":"<p>Dimensioni: 51 mm x 13,5 mm x 60 mm<br \/>\nTensione di uscita: 3.0 e #8211; 4,2 volt<br \/>\nCorrente massima: 15 amp<br \/>\nGamma di resistenza della cartuccia: 1,3 ohm<br \/>\nBatteria: batteria al litio integrata da 950 mAh con elevato consumo energetico<\/p>","protected":false},"featured_media":33759,"comment_status":"open","ping_status":"closed","template":"","meta":{"_acf_changed":false,"_genesis_hide_title":false,"_genesis_hide_breadcrumbs":false,"_genesis_hide_singular_image":false,"_genesis_hide_footer_widgets":false,"_genesis_custom_body_class":"","_genesis_custom_post_class":"","_genesis_layout":""},"product_brand":[],"product_cat":[2416],"product_tag":[2407,2394],"class_list":{"1":"product","2":"type-product","6":"product_cat-pod-geraete","7":"product_tag-mi-pod","8":"product_tag-pod-system","9":"entry","11":"first","12":"outofstock","13":"taxable","14":"shipping-taxable","15":"purchasable","16":"product-type-simple"},"acf":[],"_links":{"self":[{"href":"https:\/\/rauchlosefreiheit.de\/it\/wp-json\/wp\/v2\/product\/34137","targetHints":{"allow":["GET"]}}],"collection":[{"href":"https:\/\/rauchlosefreiheit.de\/it\/wp-json\/wp\/v2\/product"}],"about":[{"href":"https:\/\/rauchlosefreiheit.de\/it\/wp-json\/wp\/v2\/types\/product"}],"replies":[{"embeddable":true,"href":"https:\/\/rauchlosefreiheit.de\/it\/wp-json\/wp\/v2\/comments?post=34137"}],"wp:featuredmedia":[{"embeddable":true,"href":"https:\/\/rauchlosefreiheit.de\/it\/wp-json\/wp\/v2\/media\/33759"}],"wp:attachment":[{"href":"https:\/\/rauchlosefreiheit.de\/it\/wp-json\/wp\/v2\/media?parent=34137"}],"wp:term":[{"taxonomy":"product_brand","embeddable":true,"href":"https:\/\/rauchlosefreiheit.de\/it\/wp-json\/wp\/v2\/product_brand?post=34137"},{"taxonomy":"product_cat","embeddable":true,"href":"https:\/\/rauchlosefreiheit.de\/it\/wp-json\/wp\/v2\/product_cat?post=34137"},{"taxonomy":"product_tag","embeddable":true,"href":"https:\/\/rauchlosefreiheit.de\/it\/wp-json\/wp\/v2\/product_tag?post=34137"}],"curies":[{"name":"wp","href":"https:\/\/api.w.org\/{rel}","templated":true}]}}