{"id":34128,"date":"2019-08-20T14:37:12","date_gmt":"2019-08-20T14:37:12","guid":{"rendered":"https:\/\/rauchlosefreiheit.de\/?post_type=product&#038;p=34128"},"modified":"2021-03-28T19:00:23","modified_gmt":"2021-03-28T19:00:23","slug":"smok-infinix-2-pod-system","status":"publish","type":"product","link":"https:\/\/rauchlosefreiheit.de\/it\/shop\/smok-sistema-pod\/","title":{"rendered":"Sistema di pod Smok Infinix 2"},"content":{"rendered":"<p>Uno SMOK MTL Vape suona come un ossimoro, ma questa \u00e8 una cosa in questo momento. I Cloud Kings hanno recentemente rilasciato tre mod ricaricabili per pod MTL, e ognuna \u00e8 come un prodotto non SMOK esistente. SMOK Fit ricorda un JUUL ricaricabile, il badge SMOK ROLO \u00e8 fondamentalmente una goccia di suorin sbagliata e SMOK Infinx \u00e8 il doppelganger del Phix.<\/p>\n<p>Infinix ha una batteria da 250 mAh e una rimozione automatica MTL. Viene fornito in un kit con due tamponi ricaricabili da 2 ml e un flacone di ricarica con ago da 15 ml. Guardando Infinix, \u00e8 facile credere di vedere Pod Vape di MLV (in particolare il colore Gun Metal), ma ci sono differenze che li rendono diversi.<\/p>","protected":false},"excerpt":{"rendered":"<p>Colori: canna di fucile<br \/>\nMateriale: lega di zinco + PC<br \/>\nDimensioni: 110 x 19,5 x 11 mm<br \/>\nPeso: 22 g<br \/>\nCapacit\u00e0 della batteria: 250 mAh<br \/>\nGamma di potenza: 10-16 W.<br \/>\nPotenza in standby: meno di 200 uA<br \/>\nTensione in ingresso: 3,3-4,2 V.<br \/>\nCapacit\u00e0 del Pod E-Juice\/E-Liquido: 2 ml<\/p>","protected":false},"featured_media":33766,"comment_status":"open","ping_status":"closed","template":"","meta":{"_acf_changed":false,"_genesis_hide_title":false,"_genesis_hide_breadcrumbs":false,"_genesis_hide_singular_image":false,"_genesis_hide_footer_widgets":false,"_genesis_custom_body_class":"","_genesis_custom_post_class":"","_genesis_layout":""},"product_brand":[],"product_cat":[2416],"product_tag":[2394,2400],"class_list":{"1":"product","2":"type-product","6":"product_cat-pod-geraete","7":"product_tag-pod-system","8":"product_tag-smok-infinix-2","9":"pa_wahlen-sie-ihre-farbe-grau","10":"entry","12":"first","13":"outofstock","14":"taxable","15":"shipping-taxable","16":"purchasable","17":"product-type-variable"},"acf":[],"_links":{"self":[{"href":"https:\/\/rauchlosefreiheit.de\/it\/wp-json\/wp\/v2\/product\/34128","targetHints":{"allow":["GET"]}}],"collection":[{"href":"https:\/\/rauchlosefreiheit.de\/it\/wp-json\/wp\/v2\/product"}],"about":[{"href":"https:\/\/rauchlosefreiheit.de\/it\/wp-json\/wp\/v2\/types\/product"}],"replies":[{"embeddable":true,"href":"https:\/\/rauchlosefreiheit.de\/it\/wp-json\/wp\/v2\/comments?post=34128"}],"wp:featuredmedia":[{"embeddable":true,"href":"https:\/\/rauchlosefreiheit.de\/it\/wp-json\/wp\/v2\/media\/33766"}],"wp:attachment":[{"href":"https:\/\/rauchlosefreiheit.de\/it\/wp-json\/wp\/v2\/media?parent=34128"}],"wp:term":[{"taxonomy":"product_brand","embeddable":true,"href":"https:\/\/rauchlosefreiheit.de\/it\/wp-json\/wp\/v2\/product_brand?post=34128"},{"taxonomy":"product_cat","embeddable":true,"href":"https:\/\/rauchlosefreiheit.de\/it\/wp-json\/wp\/v2\/product_cat?post=34128"},{"taxonomy":"product_tag","embeddable":true,"href":"https:\/\/rauchlosefreiheit.de\/it\/wp-json\/wp\/v2\/product_tag?post=34128"}],"curies":[{"name":"wp","href":"https:\/\/api.w.org\/{rel}","templated":true}]}}