{"id":34105,"date":"2019-08-20T14:14:31","date_gmt":"2019-08-20T14:14:31","guid":{"rendered":"https:\/\/rauchlosefreiheit.de\/?post_type=product&#038;p=34105"},"modified":"2025-06-21T17:36:22","modified_gmt":"2025-06-21T17:36:22","slug":"innokin-eq-pod-kit-system","status":"publish","type":"product","link":"https:\/\/rauchlosefreiheit.de\/it\/shop\/innokin-eq-pod-kit-system\/","title":{"rendered":"Innokin EQ Pod Kit System"},"content":{"rendered":"<p>Gli equalizzatori sono dotati di un pod. I pod EQ originali avevano le bobine del plesso a 0,5 ohm e il pod EQ ha le bobine PLEX3D da 0,48 ohm, che dovrebbero riscaldarsi e raffreddarsi pi\u00f9 velocemente &amp; #8211; che \u00e8 commercializzato per prolungare la durata della bobina.<\/p>\n<p>I pod Innokin EQ sono pod drop-in magnetizzati con un sistema di ricarica rapido e fluido (che adoro!). Sebbene i baccelli abbiano una tonalit\u00e0 scura, in realt\u00e0 \u00e8 abbastanza facile vedere il contenuto di succo con solo un po &#039;di luce. E con quasi l&#039;intera manica sulla custodia, non \u00e8 necessario rimuoverlo per verificare la quantit\u00e0 di succo rimasta, anche quando \u00e8 vuota.<\/p>","protected":false},"excerpt":{"rendered":"<p>Dimensioni &amp; #8211; 85 mm da<br \/>\nBatteria integrata da 800 mAh<br \/>\nGamma di potenza in uscita: 11,5-15,5 W.<br \/>\n3 livelli di potenza<br \/>\nCostruzione del telaio in lega di zinco<br \/>\nindicatore di batteria a LED<br \/>\nPulsante di scatto intuitivo<br \/>\nCapacit\u00e0 del baccello da 2 ml<br \/>\nSistema di riempimento inferiore e #8211; Cappuccio a rotazione inferiore<br \/>\nCompatibile con pod EQ<br \/>\ncopribocchino<br \/>\nBobina Innokin EQ PLEX3D<br \/>\nCompatibile con i pod Innokin EQ<br \/>\nporta microUSB<br \/>\nDisponibile in viola \/ grigio \/ celeste \/ nero<\/p>","protected":false},"featured_media":33774,"comment_status":"open","ping_status":"closed","template":"","meta":{"_acf_changed":false,"_genesis_hide_title":false,"_genesis_hide_breadcrumbs":false,"_genesis_hide_singular_image":false,"_genesis_hide_footer_widgets":false,"_genesis_custom_body_class":"","_genesis_custom_post_class":"","_genesis_layout":""},"product_brand":[],"product_cat":[2416],"product_tag":[2393,2394],"class_list":{"1":"product","2":"type-product","6":"product_cat-pod-geraete","7":"product_tag-innokin-eq","8":"product_tag-pod-system","9":"pa_wahlen-sie-ihre-farbe-silber","10":"pa_wahlen-sie-ihre-farbe-violett","11":"entry","13":"first","14":"outofstock","15":"taxable","16":"shipping-taxable","17":"purchasable","18":"product-type-variable"},"acf":[],"_links":{"self":[{"href":"https:\/\/rauchlosefreiheit.de\/it\/wp-json\/wp\/v2\/product\/34105","targetHints":{"allow":["GET"]}}],"collection":[{"href":"https:\/\/rauchlosefreiheit.de\/it\/wp-json\/wp\/v2\/product"}],"about":[{"href":"https:\/\/rauchlosefreiheit.de\/it\/wp-json\/wp\/v2\/types\/product"}],"replies":[{"embeddable":true,"href":"https:\/\/rauchlosefreiheit.de\/it\/wp-json\/wp\/v2\/comments?post=34105"}],"wp:featuredmedia":[{"embeddable":true,"href":"https:\/\/rauchlosefreiheit.de\/it\/wp-json\/wp\/v2\/media\/33774"}],"wp:attachment":[{"href":"https:\/\/rauchlosefreiheit.de\/it\/wp-json\/wp\/v2\/media?parent=34105"}],"wp:term":[{"taxonomy":"product_brand","embeddable":true,"href":"https:\/\/rauchlosefreiheit.de\/it\/wp-json\/wp\/v2\/product_brand?post=34105"},{"taxonomy":"product_cat","embeddable":true,"href":"https:\/\/rauchlosefreiheit.de\/it\/wp-json\/wp\/v2\/product_cat?post=34105"},{"taxonomy":"product_tag","embeddable":true,"href":"https:\/\/rauchlosefreiheit.de\/it\/wp-json\/wp\/v2\/product_tag?post=34105"}],"curies":[{"name":"wp","href":"https:\/\/api.w.org\/{rel}","templated":true}]}}