{"id":14761,"date":"2019-04-03T12:50:17","date_gmt":"2019-04-03T12:50:17","guid":{"rendered":"https:\/\/rauchlosefreiheit.de\/?post_type=product&#038;p=14761"},"modified":"2021-05-18T10:59:30","modified_gmt":"2021-05-18T10:59:30","slug":"la-tabaccheria-special-blend-harmonium-tabak-extrakt-aroma","status":"publish","type":"product","link":"https:\/\/rauchlosefreiheit.de\/it\/shop\/la-tabaccheria-special-blend-aroma-estratto-di-tabacco-harmonium\/","title":{"rendered":"La Tabaccheria Miscela Speciale Harmonium Aroma Estratto Di Tabacco"},"content":{"rendered":"<p>Descrizione del prodotto:<\/p>\n<p>Estratto di tabacco Non \u00e8 cibo. Non usare Non usarlo cos\u00ec com&#039;\u00e8. Utilizzare a una diluizione di 5-15% per liquidi per inalazione (basi neutre) per sigarette elettroniche (ECig), sigari elettronici (ECigar) e tubi elettronici (EPipe).<\/p>\n<p>ingredienti:<\/p>\n<p>Glicole propilenico USP \/ EP \/ E1520, estratto di tabacco.<\/p>\n<p>avvertenze:<\/p>\n<p>Leggere l'etichetta prima dell'uso. Non \u00e8 cibo. Non ingerire Utilizzare cos\u00ec com'\u00e8. Per la sigaretta elettronica in base neutra diluire a 5-15%. Il prodotto non ha bisogno di maturare dopo la diluizione. Pu\u00f2 contenere tracce inevitabili di nicotina derivante dal processo di estrazione. Non pu\u00f2 cadere nelle mani dei bambini. In caso di RUMORI: Chiamare un CENTRO INFORMAZIONI PISONE o un medico se non si sente bene. Smaltire il prodotto\/contenitore in conformit\u00e0 con le normative nazionali.<\/p>","protected":false},"excerpt":{"rendered":"<p>Contenuto 10 ml Una sinfonia indurita al fuoco con una nota di nocciola, cocco e barrique.<\/p>","protected":false},"featured_media":14745,"comment_status":"open","ping_status":"closed","template":"","meta":{"_acf_changed":false,"_genesis_hide_title":false,"_genesis_hide_breadcrumbs":false,"_genesis_hide_singular_image":false,"_genesis_hide_footer_widgets":false,"_genesis_custom_body_class":"","_genesis_custom_post_class":"","_genesis_layout":""},"product_brand":[],"product_cat":[1860],"product_tag":[1870,1846,1844,2050],"class_list":{"1":"product","2":"type-product","6":"product_cat-linea-special-blend","7":"product_tag-harmonium","8":"product_tag-la-tabaccheria","9":"product_tag-tabak-aroma","10":"product_tag-zum-selbstmischen","11":"entry","13":"first","14":"outofstock","15":"taxable","16":"shipping-taxable","17":"purchasable","18":"product-type-simple"},"acf":[],"_links":{"self":[{"href":"https:\/\/rauchlosefreiheit.de\/it\/wp-json\/wp\/v2\/product\/14761","targetHints":{"allow":["GET"]}}],"collection":[{"href":"https:\/\/rauchlosefreiheit.de\/it\/wp-json\/wp\/v2\/product"}],"about":[{"href":"https:\/\/rauchlosefreiheit.de\/it\/wp-json\/wp\/v2\/types\/product"}],"replies":[{"embeddable":true,"href":"https:\/\/rauchlosefreiheit.de\/it\/wp-json\/wp\/v2\/comments?post=14761"}],"wp:featuredmedia":[{"embeddable":true,"href":"https:\/\/rauchlosefreiheit.de\/it\/wp-json\/wp\/v2\/media\/14745"}],"wp:attachment":[{"href":"https:\/\/rauchlosefreiheit.de\/it\/wp-json\/wp\/v2\/media?parent=14761"}],"wp:term":[{"taxonomy":"product_brand","embeddable":true,"href":"https:\/\/rauchlosefreiheit.de\/it\/wp-json\/wp\/v2\/product_brand?post=14761"},{"taxonomy":"product_cat","embeddable":true,"href":"https:\/\/rauchlosefreiheit.de\/it\/wp-json\/wp\/v2\/product_cat?post=14761"},{"taxonomy":"product_tag","embeddable":true,"href":"https:\/\/rauchlosefreiheit.de\/it\/wp-json\/wp\/v2\/product_tag?post=14761"}],"curies":[{"name":"wp","href":"https:\/\/api.w.org\/{rel}","templated":true}]}}