{"id":14756,"date":"2019-04-03T12:43:31","date_gmt":"2019-04-03T12:43:31","guid":{"rendered":"https:\/\/rauchlosefreiheit.de\/?post_type=product&#038;p=14756"},"modified":"2021-07-15T11:19:31","modified_gmt":"2021-07-15T11:19:31","slug":"la-tabaccheria-special-blend-wild-west-tabak-extrakt-aroma","status":"publish","type":"product","link":"https:\/\/rauchlosefreiheit.de\/it\/shop\/la-tabaccheria-speciale-blend-blend-wild-west-sapore-estratto-di-tabacco\/","title":{"rendered":"La Tabaccheria Miscela speciale Wild West Tobacco Extract Aroma"},"content":{"rendered":"<p>Descrizione del prodotto:<\/p>\n<p>Estratto di tabacco Non \u00e8 cibo. Non usare Non usarlo cos\u00ec com&#039;\u00e8. Utilizzare a una diluizione di 5-15% per liquidi per inalazione (basi neutre) per sigarette elettroniche (ECig), sigari elettronici (ECigar) e tubi elettronici (EPipe).<\/p>\n<p>ingredienti:<\/p>\n<p>Glicole propilenico USP \/ EP \/ E1520, estratto di tabacco.<\/p>\n<p>avvertenze:<\/p>\n<p>Leggere l&#039;etichetta prima dell&#039;uso. Non \u00e8 cibo. Non usare Non usarlo cos\u00ec com&#039;\u00e8. Per sigaretta elettronica in base neutra diluire a 5-15%. Il prodotto non deve maturare dopo la diluizione. Pu\u00f2 contenere inevitabili tracce di nicotina proveniente dal processo di estrazione. Tenere lontano dalla portata dei bambini. IN CASO DI INGESTIONE: contattare un CENTRO ANTIVELENI o un medico in caso di malessere. Smaltire il prodotto \/ contenitore in conformit\u00e0 con le normative nazionali. Conservare tra 1 \u00b0 C e 40 \u00b0 C prima dell&#039;esposizione al sole. Scheda dati di sicurezza disponibile su richiesta. Prospetto e scheda di sicurezza sul sito www.latabaccheria.net. SOLO PER IL PRODOTTO PARTICOLARE DEL CONSUMATORE FINALE. <strong>Et\u00e0 minima 18 anni<\/strong><\/p>","protected":false},"excerpt":{"rendered":"<p>Contenuto 10 ml Il profumo di una terra selvaggia, tra cui note affumicate, whisky e miele.<\/p>","protected":false},"featured_media":14749,"comment_status":"open","ping_status":"closed","template":"","meta":{"_acf_changed":false,"_genesis_hide_title":false,"_genesis_hide_breadcrumbs":false,"_genesis_hide_singular_image":false,"_genesis_hide_footer_widgets":false,"_genesis_custom_body_class":"","_genesis_custom_post_class":"","_genesis_layout":""},"product_brand":[],"product_cat":[1860],"product_tag":[1846,1844,1869,2050],"class_list":{"1":"product","2":"type-product","6":"product_cat-linea-special-blend","7":"product_tag-la-tabaccheria","8":"product_tag-tabak-aroma","9":"product_tag-wild-west","10":"product_tag-zum-selbstmischen","11":"entry","13":"first","14":"outofstock","15":"taxable","16":"shipping-taxable","17":"purchasable","18":"product-type-simple"},"acf":[],"_links":{"self":[{"href":"https:\/\/rauchlosefreiheit.de\/it\/wp-json\/wp\/v2\/product\/14756","targetHints":{"allow":["GET"]}}],"collection":[{"href":"https:\/\/rauchlosefreiheit.de\/it\/wp-json\/wp\/v2\/product"}],"about":[{"href":"https:\/\/rauchlosefreiheit.de\/it\/wp-json\/wp\/v2\/types\/product"}],"replies":[{"embeddable":true,"href":"https:\/\/rauchlosefreiheit.de\/it\/wp-json\/wp\/v2\/comments?post=14756"}],"wp:featuredmedia":[{"embeddable":true,"href":"https:\/\/rauchlosefreiheit.de\/it\/wp-json\/wp\/v2\/media\/14749"}],"wp:attachment":[{"href":"https:\/\/rauchlosefreiheit.de\/it\/wp-json\/wp\/v2\/media?parent=14756"}],"wp:term":[{"taxonomy":"product_brand","embeddable":true,"href":"https:\/\/rauchlosefreiheit.de\/it\/wp-json\/wp\/v2\/product_brand?post=14756"},{"taxonomy":"product_cat","embeddable":true,"href":"https:\/\/rauchlosefreiheit.de\/it\/wp-json\/wp\/v2\/product_cat?post=14756"},{"taxonomy":"product_tag","embeddable":true,"href":"https:\/\/rauchlosefreiheit.de\/it\/wp-json\/wp\/v2\/product_tag?post=14756"}],"curies":[{"name":"wp","href":"https:\/\/api.w.org\/{rel}","templated":true}]}}