{"id":14733,"date":"2019-04-03T10:20:12","date_gmt":"2019-04-03T10:20:12","guid":{"rendered":"https:\/\/rauchlosefreiheit.de\/?post_type=product&#038;p=14733"},"modified":"2021-06-03T12:49:07","modified_gmt":"2021-06-03T12:49:07","slug":"la-tabaccheria-basma-tabak-extrakt-aroma","status":"publish","type":"product","link":"https:\/\/rauchlosefreiheit.de\/it\/shop\/aroma-di-estratto-di-tabacco-la-tabaccheria-basma\/","title":{"rendered":"La tabaccheria Basma aroma estratto di tabacco"},"content":{"rendered":"<strong><a target=\"_blank\" href=\"https:\/\/rauchlosefreiheit.de\/it\/il-mio-conto-3\/\">Entrare<\/a> Accesso al concessionario<\/strong>","protected":false},"excerpt":{"rendered":"<p>Contenuto 10 ml La Basma \u00e8 un tabacco orientale della classe Sun Curato al Sole; la Basma \u00e8 generalmente un tabacco di difficile coltivazione e quindi di una certa rarit\u00e0; abbiamo selezionato il Basma Greco, considerato il pi\u00f9 pregiato dei Basma; i restanti tabacchi orientali mantengono le caratteristiche classiche di una piccola foglia, ma molto aromatico; la Basma allo svapo \u00e8 corposa, complessa e con una punta di dolcezza, che si sviluppa in un gusto piccante e con un retrogusto leggermente amarosa.<\/p>","protected":false},"featured_media":38321,"comment_status":"open","ping_status":"closed","template":"","meta":{"_acf_changed":false,"_genesis_hide_title":false,"_genesis_hide_breadcrumbs":false,"_genesis_hide_singular_image":false,"_genesis_hide_footer_widgets":false,"_genesis_custom_body_class":"","_genesis_custom_post_class":"","_genesis_layout":""},"product_brand":[],"product_cat":[1859],"product_tag":[1867,1846,1844,2050],"class_list":{"1":"product","2":"type-product","6":"product_cat-linea-elite","7":"product_tag-basma","8":"product_tag-la-tabaccheria","9":"product_tag-tabak-aroma","10":"product_tag-zum-selbstmischen","11":"entry","13":"first","14":"outofstock","15":"taxable","16":"shipping-taxable","17":"product-type-simple"},"acf":[],"_links":{"self":[{"href":"https:\/\/rauchlosefreiheit.de\/it\/wp-json\/wp\/v2\/product\/14733","targetHints":{"allow":["GET"]}}],"collection":[{"href":"https:\/\/rauchlosefreiheit.de\/it\/wp-json\/wp\/v2\/product"}],"about":[{"href":"https:\/\/rauchlosefreiheit.de\/it\/wp-json\/wp\/v2\/types\/product"}],"replies":[{"embeddable":true,"href":"https:\/\/rauchlosefreiheit.de\/it\/wp-json\/wp\/v2\/comments?post=14733"}],"wp:featuredmedia":[{"embeddable":true,"href":"https:\/\/rauchlosefreiheit.de\/it\/wp-json\/wp\/v2\/media\/38321"}],"wp:attachment":[{"href":"https:\/\/rauchlosefreiheit.de\/it\/wp-json\/wp\/v2\/media?parent=14733"}],"wp:term":[{"taxonomy":"product_brand","embeddable":true,"href":"https:\/\/rauchlosefreiheit.de\/it\/wp-json\/wp\/v2\/product_brand?post=14733"},{"taxonomy":"product_cat","embeddable":true,"href":"https:\/\/rauchlosefreiheit.de\/it\/wp-json\/wp\/v2\/product_cat?post=14733"},{"taxonomy":"product_tag","embeddable":true,"href":"https:\/\/rauchlosefreiheit.de\/it\/wp-json\/wp\/v2\/product_tag?post=14733"}],"curies":[{"name":"wp","href":"https:\/\/api.w.org\/{rel}","templated":true}]}}