{"id":14714,"date":"2019-04-03T09:54:51","date_gmt":"2019-04-03T09:54:51","guid":{"rendered":"https:\/\/rauchlosefreiheit.de\/?post_type=product&#038;p=14714"},"modified":"2021-03-01T12:52:33","modified_gmt":"2021-03-01T12:52:33","slug":"la-tabaccheria-mata-fina-tabak-extrakt-aroma","status":"publish","type":"product","link":"https:\/\/rauchlosefreiheit.de\/it\/shop\/la-tabaccheria-mata-fina-tabacco-estratto\/","title":{"rendered":"La tabaccheria Mata Fina aroma di tabacco"},"content":{"rendered":"<strong><a target=\"_blank\" href=\"https:\/\/rauchlosefreiheit.de\/it\/il-mio-conto-3\/\">Entrare<\/a> Accesso al concessionario<\/strong>","protected":false},"excerpt":{"rendered":"<p>Contenuto 10 ml La Mata Fina, chiamata la \"prima donna\" del tabacco da sigaro, \u00e8 un tabacco di qualit\u00e0 superiore prodotto nello stato brasiliano di Bahia e viene utilizzato per produrre molti sigari di qualit\u00e0. Definisce il \"Prima Donna\" per le sue propriet\u00e0 aromatiche davvero notevoli, ma allo stesso tempo molto delicate. La Mata Fina appartiene alla classe Dark Air Cured. I tabacchi di questa classe sono utilizzati per la produzione di sigari, vengono trattati con aria e sottoposti a fermentazione, dopodich\u00e9 le foglie assumono un colore estremamente scuro e propriet\u00e0 aromatiche molto particolari. La Mata Fina che selezioniamo \u00e8 un involucro cresciuto al sole o un tabacco da fasciatura coltivato al sole. Questi tabacchi si differenziano dagli involucri Shade-Grown proprio perch\u00e9 la cultura del sole fa s\u00ec che queste piante producano un aroma pi\u00f9 forte rispetto agli Shades, che sono pi\u00f9 morbidi e neutri. Nella fabbricazione dei sigari, le fascette sono definite come la foglia esterna, legano la fascia inferiore e riempiono il riempimento. L'estratto di tabacco Mata Fina della nostra linea Elite \u00e8 un compagno inseparabile per chi cerca un aroma davvero distintivo, delicato e sensuale allo stesso tempo, e come un elegante \"Prima Donna\" al vostro fianco, vi accompagner\u00e0 nella giornata.<\/p>","protected":false},"featured_media":10967,"comment_status":"open","ping_status":"closed","template":"","meta":{"_acf_changed":false,"_genesis_hide_title":false,"_genesis_hide_breadcrumbs":false,"_genesis_hide_singular_image":false,"_genesis_hide_footer_widgets":false,"_genesis_custom_body_class":"","_genesis_custom_post_class":"","_genesis_layout":""},"product_brand":[],"product_cat":[1859],"product_tag":[1846,1864,1844,2050],"class_list":{"1":"product","2":"type-product","6":"product_cat-linea-elite","7":"product_tag-la-tabaccheria","8":"product_tag-mata-fina","9":"product_tag-tabak-aroma","10":"product_tag-zum-selbstmischen","11":"entry","13":"first","14":"outofstock","15":"taxable","16":"shipping-taxable","17":"product-type-simple"},"acf":[],"_links":{"self":[{"href":"https:\/\/rauchlosefreiheit.de\/it\/wp-json\/wp\/v2\/product\/14714","targetHints":{"allow":["GET"]}}],"collection":[{"href":"https:\/\/rauchlosefreiheit.de\/it\/wp-json\/wp\/v2\/product"}],"about":[{"href":"https:\/\/rauchlosefreiheit.de\/it\/wp-json\/wp\/v2\/types\/product"}],"replies":[{"embeddable":true,"href":"https:\/\/rauchlosefreiheit.de\/it\/wp-json\/wp\/v2\/comments?post=14714"}],"wp:featuredmedia":[{"embeddable":true,"href":"https:\/\/rauchlosefreiheit.de\/it\/wp-json\/wp\/v2\/media\/10967"}],"wp:attachment":[{"href":"https:\/\/rauchlosefreiheit.de\/it\/wp-json\/wp\/v2\/media?parent=14714"}],"wp:term":[{"taxonomy":"product_brand","embeddable":true,"href":"https:\/\/rauchlosefreiheit.de\/it\/wp-json\/wp\/v2\/product_brand?post=14714"},{"taxonomy":"product_cat","embeddable":true,"href":"https:\/\/rauchlosefreiheit.de\/it\/wp-json\/wp\/v2\/product_cat?post=14714"},{"taxonomy":"product_tag","embeddable":true,"href":"https:\/\/rauchlosefreiheit.de\/it\/wp-json\/wp\/v2\/product_tag?post=14714"}],"curies":[{"name":"wp","href":"https:\/\/api.w.org\/{rel}","templated":true}]}}