{"id":14702,"date":"2019-04-03T09:17:18","date_gmt":"2019-04-03T09:17:18","guid":{"rendered":"https:\/\/rauchlosefreiheit.de\/?post_type=product&#038;p=14702"},"modified":"2021-06-14T07:30:21","modified_gmt":"2021-06-14T07:30:21","slug":"la-tabaccheria-bezuki-tabak-extrakt-aroma","status":"publish","type":"product","link":"https:\/\/rauchlosefreiheit.de\/it\/shop\/la-tabaccheria-bezuki-tabak-estratto\/","title":{"rendered":"Aroma estratto di tabacco La Tabaccheria Bezuki"},"content":{"rendered":"<strong><a target=\"_blank\" href=\"https:\/\/rauchlosefreiheit.de\/it\/il-mio-conto-3\/\">Entrare<\/a> Accesso al concessionario<\/strong>","protected":false},"excerpt":{"rendered":"<p>Contenuto 10 ml Il Bezuki \u00e8 un tipico tabacco indonesiano, una terra benedetta dal sole, suolo vulcanico e sufficiente umidit\u00e0, propriet\u00e0 ideali per la coltivazione e il mantenimento di questo tabacco davvero speciale. Il Bezuki appartiene alla classe Dark Air Cured; i tabacchi di questa classe sono utilizzati per la produzione di sigari, sono trattati con aria e sottoposti a un processo di fermentazione, dopo di che le foglie assumono un colore decisamente scuro e propriet\u00e0 aromatiche molto pronunciate; il Bezuki \u00e8 utilizzato per la produzione di molti sigari, sia come involucro (Cigar External Band) che come involucro.<\/p>","protected":false},"featured_media":10956,"comment_status":"open","ping_status":"closed","template":"","meta":{"_acf_changed":false,"_genesis_hide_title":false,"_genesis_hide_breadcrumbs":false,"_genesis_hide_singular_image":false,"_genesis_hide_footer_widgets":false,"_genesis_custom_body_class":"","_genesis_custom_post_class":"","_genesis_layout":""},"product_brand":[],"product_cat":[1859],"product_tag":[1862,1846,1844,2050],"class_list":{"1":"product","2":"type-product","6":"product_cat-linea-elite","7":"product_tag-bezuki","8":"product_tag-la-tabaccheria","9":"product_tag-tabak-aroma","10":"product_tag-zum-selbstmischen","11":"entry","13":"first","14":"outofstock","15":"taxable","16":"shipping-taxable","17":"product-type-simple"},"acf":[],"_links":{"self":[{"href":"https:\/\/rauchlosefreiheit.de\/it\/wp-json\/wp\/v2\/product\/14702","targetHints":{"allow":["GET"]}}],"collection":[{"href":"https:\/\/rauchlosefreiheit.de\/it\/wp-json\/wp\/v2\/product"}],"about":[{"href":"https:\/\/rauchlosefreiheit.de\/it\/wp-json\/wp\/v2\/types\/product"}],"replies":[{"embeddable":true,"href":"https:\/\/rauchlosefreiheit.de\/it\/wp-json\/wp\/v2\/comments?post=14702"}],"wp:featuredmedia":[{"embeddable":true,"href":"https:\/\/rauchlosefreiheit.de\/it\/wp-json\/wp\/v2\/media\/10956"}],"wp:attachment":[{"href":"https:\/\/rauchlosefreiheit.de\/it\/wp-json\/wp\/v2\/media?parent=14702"}],"wp:term":[{"taxonomy":"product_brand","embeddable":true,"href":"https:\/\/rauchlosefreiheit.de\/it\/wp-json\/wp\/v2\/product_brand?post=14702"},{"taxonomy":"product_cat","embeddable":true,"href":"https:\/\/rauchlosefreiheit.de\/it\/wp-json\/wp\/v2\/product_cat?post=14702"},{"taxonomy":"product_tag","embeddable":true,"href":"https:\/\/rauchlosefreiheit.de\/it\/wp-json\/wp\/v2\/product_tag?post=14702"}],"curies":[{"name":"wp","href":"https:\/\/api.w.org\/{rel}","templated":true}]}}