{"id":14583,"date":"2019-04-02T11:53:23","date_gmt":"2019-04-02T11:53:23","guid":{"rendered":"https:\/\/rauchlosefreiheit.de\/?post_type=product&#038;p=14583"},"modified":"2021-03-22T09:43:08","modified_gmt":"2021-03-22T09:43:08","slug":"la-tabaccheria-balkan-mixture-tabak-extrakt-aroma","status":"publish","type":"product","link":"https:\/\/rauchlosefreiheit.de\/it\/shop\/la-tabaccheria-balkan-mixture-estratto\/","title":{"rendered":"La Tabaccheria balkan mixture"},"content":{"rendered":"<strong><a target=\"_blank\" href=\"https:\/\/rauchlosefreiheit.de\/it\/il-mio-conto-3\/\">Entrare<\/a> Accesso al concessionario<\/strong>","protected":false},"excerpt":{"rendered":"<p>Contenuto 10 ml La miscela balcanica \u00e8 spesso considerata una EM (miscela inglese) per la sua buona dose di Latakia e ha interpretazioni e ricette altrettanto diverse. la costante \u00e8 una forte presenza di Orientale, accompagnata da Virginia e Latakia e spesso da altre variet\u00e0. abbiamo interpretato questa miscela per fare le note dei protagonisti orientali. questa miscela \u00e8 la quintessenza dell'Orientale, le cui note speziate spiccano contro le aromatiche e fumose Latakia e quelle dolci della Virginia. una miscela aromatica che accompagna i vapori pi\u00f9 esigenti per tutta la giornata. a completare la sinfonia di aromi, le note barrique completano il gusto di una delle miscele pi\u00f9 sofisticate.<\/p>","protected":false},"featured_media":10965,"comment_status":"open","ping_status":"closed","template":"","meta":{"_acf_changed":false,"_genesis_hide_title":false,"_genesis_hide_breadcrumbs":false,"_genesis_hide_singular_image":false,"_genesis_hide_footer_widgets":false,"_genesis_custom_body_class":"","_genesis_custom_post_class":"","_genesis_layout":""},"product_brand":[],"product_cat":[1858,1584],"product_tag":[1857,1846,1844,2050],"class_list":{"1":"product","2":"type-product","6":"product_cat-linea-estratti","7":"product_cat-tabak-aroma-direkt-von-der-pflanze","8":"product_tag-balkan-mixture","9":"product_tag-la-tabaccheria","10":"product_tag-tabak-aroma","11":"product_tag-zum-selbstmischen","12":"entry","14":"first","15":"outofstock","16":"taxable","17":"shipping-taxable","18":"product-type-simple"},"acf":[],"_links":{"self":[{"href":"https:\/\/rauchlosefreiheit.de\/it\/wp-json\/wp\/v2\/product\/14583","targetHints":{"allow":["GET"]}}],"collection":[{"href":"https:\/\/rauchlosefreiheit.de\/it\/wp-json\/wp\/v2\/product"}],"about":[{"href":"https:\/\/rauchlosefreiheit.de\/it\/wp-json\/wp\/v2\/types\/product"}],"replies":[{"embeddable":true,"href":"https:\/\/rauchlosefreiheit.de\/it\/wp-json\/wp\/v2\/comments?post=14583"}],"wp:featuredmedia":[{"embeddable":true,"href":"https:\/\/rauchlosefreiheit.de\/it\/wp-json\/wp\/v2\/media\/10965"}],"wp:attachment":[{"href":"https:\/\/rauchlosefreiheit.de\/it\/wp-json\/wp\/v2\/media?parent=14583"}],"wp:term":[{"taxonomy":"product_brand","embeddable":true,"href":"https:\/\/rauchlosefreiheit.de\/it\/wp-json\/wp\/v2\/product_brand?post=14583"},{"taxonomy":"product_cat","embeddable":true,"href":"https:\/\/rauchlosefreiheit.de\/it\/wp-json\/wp\/v2\/product_cat?post=14583"},{"taxonomy":"product_tag","embeddable":true,"href":"https:\/\/rauchlosefreiheit.de\/it\/wp-json\/wp\/v2\/product_tag?post=14583"}],"curies":[{"name":"wp","href":"https:\/\/api.w.org\/{rel}","templated":true}]}}