{"id":14579,"date":"2019-04-02T11:48:43","date_gmt":"2019-04-02T11:48:43","guid":{"rendered":"https:\/\/rauchlosefreiheit.de\/?post_type=product&#038;p=14579"},"modified":"2021-07-05T11:28:23","modified_gmt":"2021-07-05T11:28:23","slug":"la-tabaccheria-english-mixture-tabak-extrakt-aroma","status":"publish","type":"product","link":"https:\/\/rauchlosefreiheit.de\/it\/shop\/la-tabaccheria-english-mixture-estratto\/","title":{"rendered":"La Tabaccheria Miscela inglese aroma di estratto di tabacco"},"content":{"rendered":"<strong><a target=\"_blank\" href=\"https:\/\/rauchlosefreiheit.de\/it\/il-mio-conto-3\/\">Entrare<\/a> Accesso al concessionario<\/strong>","protected":false},"excerpt":{"rendered":"<p>Contenuto 10 ml Il Mixture English Mixture ha diverse interpretazioni e ricette, tra classico e moderno. La costante \u00e8 una forte presenza di Latakia, accompagnata da Virginia, orientale e spesso altre variet\u00e0. Abbiamo interpretato questa miscela nel modo pi\u00f9 equilibrato e ricercato la migliore ricetta per le &#8222;buone note&#8220; dei protagonisti di Latakia. Questa miscela \u00e8 la quintessenza di Latakia, un trionfo degli aromi in evoluzione e la persistenza degli stessi anche dopo l'espirazione.<\/p>","protected":false},"featured_media":10969,"comment_status":"open","ping_status":"closed","template":"","meta":{"_acf_changed":false,"_genesis_hide_title":false,"_genesis_hide_breadcrumbs":false,"_genesis_hide_singular_image":false,"_genesis_hide_footer_widgets":false,"_genesis_custom_body_class":"","_genesis_custom_post_class":"","_genesis_layout":""},"product_brand":[],"product_cat":[1858,1584],"product_tag":[1856,1846,1844,2050],"class_list":{"1":"product","2":"type-product","6":"product_cat-linea-estratti","7":"product_cat-tabak-aroma-direkt-von-der-pflanze","8":"product_tag-english-mixture","9":"product_tag-la-tabaccheria","10":"product_tag-tabak-aroma","11":"product_tag-zum-selbstmischen","12":"entry","14":"first","15":"outofstock","16":"taxable","17":"shipping-taxable","18":"product-type-simple"},"acf":[],"_links":{"self":[{"href":"https:\/\/rauchlosefreiheit.de\/it\/wp-json\/wp\/v2\/product\/14579","targetHints":{"allow":["GET"]}}],"collection":[{"href":"https:\/\/rauchlosefreiheit.de\/it\/wp-json\/wp\/v2\/product"}],"about":[{"href":"https:\/\/rauchlosefreiheit.de\/it\/wp-json\/wp\/v2\/types\/product"}],"replies":[{"embeddable":true,"href":"https:\/\/rauchlosefreiheit.de\/it\/wp-json\/wp\/v2\/comments?post=14579"}],"wp:featuredmedia":[{"embeddable":true,"href":"https:\/\/rauchlosefreiheit.de\/it\/wp-json\/wp\/v2\/media\/10969"}],"wp:attachment":[{"href":"https:\/\/rauchlosefreiheit.de\/it\/wp-json\/wp\/v2\/media?parent=14579"}],"wp:term":[{"taxonomy":"product_brand","embeddable":true,"href":"https:\/\/rauchlosefreiheit.de\/it\/wp-json\/wp\/v2\/product_brand?post=14579"},{"taxonomy":"product_cat","embeddable":true,"href":"https:\/\/rauchlosefreiheit.de\/it\/wp-json\/wp\/v2\/product_cat?post=14579"},{"taxonomy":"product_tag","embeddable":true,"href":"https:\/\/rauchlosefreiheit.de\/it\/wp-json\/wp\/v2\/product_tag?post=14579"}],"curies":[{"name":"wp","href":"https:\/\/api.w.org\/{rel}","templated":true}]}}