{"id":14575,"date":"2019-04-02T11:44:24","date_gmt":"2019-04-02T11:44:24","guid":{"rendered":"https:\/\/rauchlosefreiheit.de\/?post_type=product&#038;p=14575"},"modified":"2021-05-03T09:00:58","modified_gmt":"2021-05-03T09:00:58","slug":"la-tabaccheria-american-blend-tabak-extrakt-aroma","status":"publish","type":"product","link":"https:\/\/rauchlosefreiheit.de\/it\/shop\/la-tabaccheria-american-blend-estratto\/","title":{"rendered":"La Tabaccheria Aroma di estratto di tabacco in miscela americana"},"content":{"rendered":"<strong><a target=\"_blank\" href=\"https:\/\/rauchlosefreiheit.de\/it\/il-mio-conto-3\/\">Entrare<\/a> Accesso al concessionario<\/strong>","protected":false},"excerpt":{"rendered":"<p>Contenuto 10 ml L&#039;American Blend Blend \u00e8 composta principalmente da Virginia, accompagnata da Burley e l&#039;Oriental. Questa miscela \u00e8 la Virginia per antonomasia che \u00e8 in equilibrio tra asciutto e amabile. Per completare la sinfonia di aromi, le note della barrique completano il gusto di una delle miscele pi\u00f9 classiche.<\/p>","protected":false},"featured_media":10957,"comment_status":"open","ping_status":"closed","template":"","meta":{"_acf_changed":false,"_genesis_hide_title":false,"_genesis_hide_breadcrumbs":false,"_genesis_hide_singular_image":false,"_genesis_hide_footer_widgets":false,"_genesis_custom_body_class":"","_genesis_custom_post_class":"","_genesis_layout":""},"product_brand":[],"product_cat":[1858,1584],"product_tag":[1855,1846,1844,2050],"class_list":{"1":"product","2":"type-product","6":"product_cat-linea-estratti","7":"product_cat-tabak-aroma-direkt-von-der-pflanze","8":"product_tag-american-blend","9":"product_tag-la-tabaccheria","10":"product_tag-tabak-aroma","11":"product_tag-zum-selbstmischen","12":"entry","14":"first","15":"outofstock","16":"taxable","17":"shipping-taxable","18":"product-type-simple"},"acf":[],"_links":{"self":[{"href":"https:\/\/rauchlosefreiheit.de\/it\/wp-json\/wp\/v2\/product\/14575","targetHints":{"allow":["GET"]}}],"collection":[{"href":"https:\/\/rauchlosefreiheit.de\/it\/wp-json\/wp\/v2\/product"}],"about":[{"href":"https:\/\/rauchlosefreiheit.de\/it\/wp-json\/wp\/v2\/types\/product"}],"replies":[{"embeddable":true,"href":"https:\/\/rauchlosefreiheit.de\/it\/wp-json\/wp\/v2\/comments?post=14575"}],"wp:featuredmedia":[{"embeddable":true,"href":"https:\/\/rauchlosefreiheit.de\/it\/wp-json\/wp\/v2\/media\/10957"}],"wp:attachment":[{"href":"https:\/\/rauchlosefreiheit.de\/it\/wp-json\/wp\/v2\/media?parent=14575"}],"wp:term":[{"taxonomy":"product_brand","embeddable":true,"href":"https:\/\/rauchlosefreiheit.de\/it\/wp-json\/wp\/v2\/product_brand?post=14575"},{"taxonomy":"product_cat","embeddable":true,"href":"https:\/\/rauchlosefreiheit.de\/it\/wp-json\/wp\/v2\/product_cat?post=14575"},{"taxonomy":"product_tag","embeddable":true,"href":"https:\/\/rauchlosefreiheit.de\/it\/wp-json\/wp\/v2\/product_tag?post=14575"}],"curies":[{"name":"wp","href":"https:\/\/api.w.org\/{rel}","templated":true}]}}