{"id":14571,"date":"2019-04-02T11:35:12","date_gmt":"2019-04-02T11:35:12","guid":{"rendered":"https:\/\/rauchlosefreiheit.de\/?post_type=product&#038;p=14571"},"modified":"2021-08-12T06:11:06","modified_gmt":"2021-08-12T06:11:06","slug":"la-tabaccheria-black-cavendish-tabak-extrakt-aroma","status":"publish","type":"product","link":"https:\/\/rauchlosefreiheit.de\/it\/shop\/la-tabaccheria-black-cavendish-estratto\/","title":{"rendered":"La Tabaccheria Black Cavendish black extract aroma"},"content":{"rendered":"<strong><a target=\"_blank\" href=\"https:\/\/rauchlosefreiheit.de\/it\/il-mio-conto-3\/\">Entrare<\/a> Accesso al concessionario<\/strong>","protected":false},"excerpt":{"rendered":"<p>Contenuto 10 ml Black Cavendish invece di una variet\u00e0 di tabacco. Le variet\u00e0 pi\u00f9 utilizzate sono le variet\u00e0 Virginia e\/o Burley. Il metodo consiste nell'aromatizzare il tabacco o nell'esercitare una forte pressione per produrre gli zuccheri naturali. Le qualit\u00e0 aromatiche del nostro Black Cavendish Tobacco Extract si abbinano perfettamente con fragranze dolci e secche, adatte ad ogni momento della giornata.<\/p>","protected":false},"featured_media":38323,"comment_status":"open","ping_status":"closed","template":"","meta":{"_acf_changed":false,"_genesis_hide_title":false,"_genesis_hide_breadcrumbs":false,"_genesis_hide_singular_image":false,"_genesis_hide_footer_widgets":false,"_genesis_custom_body_class":"","_genesis_custom_post_class":"","_genesis_layout":""},"product_brand":[],"product_cat":[1858,1584],"product_tag":[1854,1846,1844,2050],"class_list":{"1":"product","2":"type-product","6":"product_cat-linea-estratti","7":"product_cat-tabak-aroma-direkt-von-der-pflanze","8":"product_tag-black-cavendish","9":"product_tag-la-tabaccheria","10":"product_tag-tabak-aroma","11":"product_tag-zum-selbstmischen","12":"entry","14":"first","15":"outofstock","16":"taxable","17":"shipping-taxable","18":"product-type-simple"},"acf":[],"_links":{"self":[{"href":"https:\/\/rauchlosefreiheit.de\/it\/wp-json\/wp\/v2\/product\/14571","targetHints":{"allow":["GET"]}}],"collection":[{"href":"https:\/\/rauchlosefreiheit.de\/it\/wp-json\/wp\/v2\/product"}],"about":[{"href":"https:\/\/rauchlosefreiheit.de\/it\/wp-json\/wp\/v2\/types\/product"}],"replies":[{"embeddable":true,"href":"https:\/\/rauchlosefreiheit.de\/it\/wp-json\/wp\/v2\/comments?post=14571"}],"wp:featuredmedia":[{"embeddable":true,"href":"https:\/\/rauchlosefreiheit.de\/it\/wp-json\/wp\/v2\/media\/38323"}],"wp:attachment":[{"href":"https:\/\/rauchlosefreiheit.de\/it\/wp-json\/wp\/v2\/media?parent=14571"}],"wp:term":[{"taxonomy":"product_brand","embeddable":true,"href":"https:\/\/rauchlosefreiheit.de\/it\/wp-json\/wp\/v2\/product_brand?post=14571"},{"taxonomy":"product_cat","embeddable":true,"href":"https:\/\/rauchlosefreiheit.de\/it\/wp-json\/wp\/v2\/product_cat?post=14571"},{"taxonomy":"product_tag","embeddable":true,"href":"https:\/\/rauchlosefreiheit.de\/it\/wp-json\/wp\/v2\/product_tag?post=14571"}],"curies":[{"name":"wp","href":"https:\/\/api.w.org\/{rel}","templated":true}]}}