{"id":14544,"date":"2019-04-02T08:21:36","date_gmt":"2019-04-02T08:21:36","guid":{"rendered":"https:\/\/rauchlosefreiheit.de\/?post_type=product&#038;p=14544"},"modified":"2021-04-25T08:37:35","modified_gmt":"2021-04-25T08:37:35","slug":"la-tabaccheria-latakia-tabak-extrakt-aroma","status":"publish","type":"product","link":"https:\/\/rauchlosefreiheit.de\/it\/shop\/la-tabaccheria-latakia-estratto\/","title":{"rendered":"La tabaccheria Latakia estratto di tabacco aroma"},"content":{"rendered":"<strong><a target=\"_blank\" href=\"https:\/\/rauchlosefreiheit.de\/it\/il-mio-conto-3\/\">Entrare<\/a> Accesso al concessionario<\/strong>","protected":false},"excerpt":{"rendered":"<p>Contenuto 10 ml Latakia \u00e8 un tabacco della classe Fire Cured, affumicato con diverse qualit\u00e0 di legno ed erbe aromatiche, che conferiscono a questo tabacco le sue propriet\u00e0 aromatiche pi\u00f9 di ogni altro; viene utilizzato come condimento in quasi tutte le miscele di pipe e la sua bassa presenza garantisce un gusto intenso e soddisfacente. L'estratto di tabacco Latakia \u00e8 un compagno inseparabile per i fumi pi\u00f9 esigenti alla ricerca di un gusto davvero unico, intenso e aromatico.<\/p>","protected":false},"featured_media":10958,"comment_status":"open","ping_status":"closed","template":"","meta":{"_acf_changed":false,"_genesis_hide_title":false,"_genesis_hide_breadcrumbs":false,"_genesis_hide_singular_image":false,"_genesis_hide_footer_widgets":false,"_genesis_custom_body_class":"","_genesis_custom_post_class":"","_genesis_layout":""},"product_brand":[],"product_cat":[1858,1584],"product_tag":[1846,1850,1844,2050],"class_list":{"1":"product","2":"type-product","6":"product_cat-linea-estratti","7":"product_cat-tabak-aroma-direkt-von-der-pflanze","8":"product_tag-la-tabaccheria","9":"product_tag-latakia","10":"product_tag-tabak-aroma","11":"product_tag-zum-selbstmischen","12":"entry","14":"first","15":"outofstock","16":"taxable","17":"shipping-taxable","18":"product-type-simple"},"acf":[],"_links":{"self":[{"href":"https:\/\/rauchlosefreiheit.de\/it\/wp-json\/wp\/v2\/product\/14544","targetHints":{"allow":["GET"]}}],"collection":[{"href":"https:\/\/rauchlosefreiheit.de\/it\/wp-json\/wp\/v2\/product"}],"about":[{"href":"https:\/\/rauchlosefreiheit.de\/it\/wp-json\/wp\/v2\/types\/product"}],"replies":[{"embeddable":true,"href":"https:\/\/rauchlosefreiheit.de\/it\/wp-json\/wp\/v2\/comments?post=14544"}],"wp:featuredmedia":[{"embeddable":true,"href":"https:\/\/rauchlosefreiheit.de\/it\/wp-json\/wp\/v2\/media\/10958"}],"wp:attachment":[{"href":"https:\/\/rauchlosefreiheit.de\/it\/wp-json\/wp\/v2\/media?parent=14544"}],"wp:term":[{"taxonomy":"product_brand","embeddable":true,"href":"https:\/\/rauchlosefreiheit.de\/it\/wp-json\/wp\/v2\/product_brand?post=14544"},{"taxonomy":"product_cat","embeddable":true,"href":"https:\/\/rauchlosefreiheit.de\/it\/wp-json\/wp\/v2\/product_cat?post=14544"},{"taxonomy":"product_tag","embeddable":true,"href":"https:\/\/rauchlosefreiheit.de\/it\/wp-json\/wp\/v2\/product_tag?post=14544"}],"curies":[{"name":"wp","href":"https:\/\/api.w.org\/{rel}","templated":true}]}}