{"id":11050,"date":"2018-05-01T09:06:58","date_gmt":"2018-05-01T09:06:58","guid":{"rendered":"https:\/\/rauchlosefreiheit.de\/?post_type=product&#038;p=11050"},"modified":"2025-01-12T21:55:51","modified_gmt":"2025-01-12T21:55:51","slug":"nikotinsaltz-shots-20-mg-ml","status":"publish","type":"product","link":"https:\/\/rauchlosefreiheit.de\/it\/shop\/sali-di-nicotina-20mg-ml-tpd2\/","title":{"rendered":"Sali di nicotina 20 mg\/ml TPD2"},"content":{"rendered":"<strong><a target=\"_blank\" href=\"https:\/\/rauchlosefreiheit.de\/it\/il-mio-conto-3\/\">Entrare<\/a> Accesso al concessionario<\/strong>","protected":false},"excerpt":{"rendered":"<p>A proposito di Nic Salt E-Liquidi<\/p>\n<p>Il sale di nicotina, noto anche come E-Liquidi di sale di Nic, \u00e8 ottenuto dal sale naturale delle foglie di tabacco e fornisce una gola pi\u00f9 liscia e meno ruvida quando viene addomesticato. Questo permette ai nuovi vapori di utilizzare pi\u00f9 nicotina (di solito 10 o 20 mg). Anche la nicotina degli E-Liquidi di sale di nicotina viene assorbita pi\u00f9 velocemente rispetto ai tradizionali E-Liquidi a base di nicotina libera, creando un \"fix\" di nicotina pi\u00f9 simile al fumo.<\/p>","protected":false},"featured_media":37007,"comment_status":"open","ping_status":"closed","template":"","meta":{"_acf_changed":false,"_genesis_hide_title":false,"_genesis_hide_breadcrumbs":false,"_genesis_hide_singular_image":false,"_genesis_hide_footer_widgets":false,"_genesis_custom_body_class":"","_genesis_custom_post_class":"","_genesis_layout":""},"product_brand":[],"product_cat":[1579],"product_tag":[2050],"class_list":{"1":"product","2":"type-product","6":"product_cat-nikotin-shots-kaufen","7":"product_tag-zum-selbstmischen","8":"entry","10":"first","11":"instock","12":"taxable","13":"shipping-taxable","14":"product-type-variable"},"acf":[],"_links":{"self":[{"href":"https:\/\/rauchlosefreiheit.de\/it\/wp-json\/wp\/v2\/product\/11050","targetHints":{"allow":["GET"]}}],"collection":[{"href":"https:\/\/rauchlosefreiheit.de\/it\/wp-json\/wp\/v2\/product"}],"about":[{"href":"https:\/\/rauchlosefreiheit.de\/it\/wp-json\/wp\/v2\/types\/product"}],"replies":[{"embeddable":true,"href":"https:\/\/rauchlosefreiheit.de\/it\/wp-json\/wp\/v2\/comments?post=11050"}],"wp:featuredmedia":[{"embeddable":true,"href":"https:\/\/rauchlosefreiheit.de\/it\/wp-json\/wp\/v2\/media\/37007"}],"wp:attachment":[{"href":"https:\/\/rauchlosefreiheit.de\/it\/wp-json\/wp\/v2\/media?parent=11050"}],"wp:term":[{"taxonomy":"product_brand","embeddable":true,"href":"https:\/\/rauchlosefreiheit.de\/it\/wp-json\/wp\/v2\/product_brand?post=11050"},{"taxonomy":"product_cat","embeddable":true,"href":"https:\/\/rauchlosefreiheit.de\/it\/wp-json\/wp\/v2\/product_cat?post=11050"},{"taxonomy":"product_tag","embeddable":true,"href":"https:\/\/rauchlosefreiheit.de\/it\/wp-json\/wp\/v2\/product_tag?post=11050"}],"curies":[{"name":"wp","href":"https:\/\/api.w.org\/{rel}","templated":true}]}}