{"id":8336,"date":"2020-05-14T12:35:37","date_gmt":"2020-05-14T12:35:37","guid":{"rendered":"https:\/\/rauchlosefreiheit.de\/?page_id=8336"},"modified":"2020-05-14T12:35:37","modified_gmt":"2020-05-14T12:35:37","slug":"lehre-e-liquid-flaeschchen","status":"publish","type":"page","link":"https:\/\/rauchlosefreiheit.de\/it\/gage-e-liquid-flask\/","title":{"rendered":"Insegnamento E Fiale di liquido"},"content":{"rendered":"<p>Per il vostro E Liquid abbiamo fiale di calibro in diverse dimensioni e materiali, vetro o plastica. Volete conservare il vostro liquido? In questo caso \u00e8 possibile acquistare le fiale nei formati 10 o 30 ml su Rauchlosefreiheit.de  Il vetro si conserva meglio della plastica. Le fiale di vetro sono dotate di flaconi contagocce, in modo da poter ricaricare l'apparecchio in modo rapido e sicuro. Le bottiglie da 30 ml sono disponibili nei colori viola, blu o giallo-arancio, proprio come piace a voi. Inoltre, Rauchlosefreiheit.de ha anche le normali bottiglie di plastica in 10, 20 o 30 ml. Anche qui \u00e8 possibile scegliere tra diversi colori. Le fiale didattiche sono pratiche se si vuole sperimentare con le ricette di E Liquid. Oppure se si vuole distribuire una quantit\u00e0 maggiore di E Liquid e quindi avere sempre una bottiglia da portare via. Nel prossimo futuro avremo ancora pi\u00f9 fiale nel nostro assortimento. Ma le nuove fiale devono naturalmente essere una buona aggiunta, ci stiamo ancora guardando intorno. Tutte le bottiglie con contagocce con pipetta sono di vetro.<\/p>\n<p>Blu (blu satinato), rosso, verde, arancione, giallo e bianco (trasparente). Potete anche acquistare queste bottiglie in oro e argento. Presto avremo molte altre bottiglie, in molti colori e dimensioni. Inoltre, presto avremo anche bottiglie di metallo. Quindi la scelta \u00e8 sempre pi\u00f9 grande. Non sar\u00e0 pi\u00f9 possibile scegliere in base al colore, \u00e8 impossibile adeguarsi a questo al momento dell'acquisto della merce. Occasionalmente tutti vogliono solo il bianco e poi per esempio solo il rosso. Capite che a un certo punto potremmo esaurire l'uno o l'altro colore, e purtroppo non \u00e8 possibile ordinare solo tappi.<\/p>\n<p>&nbsp;<\/p>","protected":false},"excerpt":{"rendered":"<p>Per il tuo e-liquid, abbiamo fiale di diverse dimensioni e materiali, vetro o plastica. Vuoi conservare il tuo liquido? In questo caso, puoi comprare le tue fiale nelle misure 10 o 30 ml su smokelessfree.com.  Il vetro si conserva meglio della plastica. Le fiale di vetro sono dotate di flaconi contagocce, in modo da poter riempire rapidamente il ...<\/p>","protected":false},"author":1,"featured_media":0,"parent":0,"menu_order":0,"comment_status":"closed","ping_status":"closed","template":"","meta":{"_acf_changed":false,"_genesis_hide_title":false,"_genesis_hide_breadcrumbs":false,"_genesis_hide_singular_image":false,"_genesis_hide_footer_widgets":false,"_genesis_custom_body_class":"","_genesis_custom_post_class":"","_genesis_layout":"","footnotes":""},"class_list":{"1":"page","2":"type-page","5":"entry"},"acf":[],"_links":{"self":[{"href":"https:\/\/rauchlosefreiheit.de\/it\/wp-json\/wp\/v2\/pages\/8336","targetHints":{"allow":["GET"]}}],"collection":[{"href":"https:\/\/rauchlosefreiheit.de\/it\/wp-json\/wp\/v2\/pages"}],"about":[{"href":"https:\/\/rauchlosefreiheit.de\/it\/wp-json\/wp\/v2\/types\/page"}],"author":[{"embeddable":true,"href":"https:\/\/rauchlosefreiheit.de\/it\/wp-json\/wp\/v2\/users\/1"}],"replies":[{"embeddable":true,"href":"https:\/\/rauchlosefreiheit.de\/it\/wp-json\/wp\/v2\/comments?post=8336"}],"version-history":[{"count":1,"href":"https:\/\/rauchlosefreiheit.de\/it\/wp-json\/wp\/v2\/pages\/8336\/revisions"}],"predecessor-version":[{"id":38632,"href":"https:\/\/rauchlosefreiheit.de\/it\/wp-json\/wp\/v2\/pages\/8336\/revisions\/38632"}],"wp:attachment":[{"href":"https:\/\/rauchlosefreiheit.de\/it\/wp-json\/wp\/v2\/media?parent=8336"}],"curies":[{"name":"wp","href":"https:\/\/api.w.org\/{rel}","templated":true}]}}