{"id":6670,"date":"2017-03-31T09:31:16","date_gmt":"2017-03-31T09:31:16","guid":{"rendered":"https:\/\/rauchlosefreiheit.de\/?page_id=6670"},"modified":"2024-09-30T13:44:22","modified_gmt":"2024-09-30T13:44:22","slug":"impressum","status":"publish","type":"page","link":"https:\/\/rauchlosefreiheit.de\/it\/impronta\/","title":{"rendered":"Informazioni"},"content":{"rendered":"<h2>Informazioni generali<\/h2>\n<h3>Informazioni secondo \u00a7 5 TMG:<\/h3>\n<h3>Informazioni sull'azienda<\/h3>\n<p>Skindeep BV (GMBH)<br \/>\nHertog Hendriklaan 7A 3743DL Baarn<br \/>\nPaesi Bassi<br \/>\nNumero BTW (IVA): NL858344567B01<\/p>\n<h3>Rappresentata da:<\/h3>\n<p>Theo Jan Papen<\/p>\n<h3>Contatto:<\/h3>\n<table>\n<tbody>\n<tr>\n<td>telefono:<\/td>\n<td>0174 4369466<\/td>\n<\/tr>\n<tr>\n<td>E-mail:<\/td>\n<td>info@rauchlosefreiheit.de<\/td>\n<\/tr>\n<\/tbody>\n<\/table>\n<h3>Registrati:<\/h3>\n<p>Iscrizione nel registro di commercio.<br \/>\nTribunale di registrazione: Amersfoort <a href=\"https:\/\/www.kvk.nl\/english\/\" target=\"_blank\" rel=\"noopener\">https:\/\/www.kvk.nl\/english\/<\/a><br \/>\nNumero di registrazione: HRB 70497893<\/p>\n<p>Direttore esecutivo:<\/p>\n<p>Theo -Jan Papen<br \/>\nOdette Spierenburg<\/p>\n<p>Registro commerciale: HRB 70497893<br \/>\nNumero di identificazione dell'imposta sulle vendite: NL858344567B01<\/p>\n<p>La Commissione europea fornisce una piattaforma per la risoluzione delle controversie online (OS), che potete trovare qui https:\/\/ec.europa.eu\/consumers\/odr\/.<br \/>\nSiamo pronti a partecipare a una procedura di conciliazione extragiudiziale davanti a un comitato di arbitrato dei consumatori.<br \/>\nL'organo competente \u00e8 il Collegio arbitrale universale del governo federale presso il Zentrum Schlichtung e.V., Stra\u00dfburger Stra\u00dfe 8, 77694 Kehl am Rhein, www.universalschlichtungsstelle.de..<\/p>","protected":false},"excerpt":{"rendered":"<p>Informazioni generali Informazioni ai sensi del \u00a7 5 TMG: Dati aziendali Skindeep BV (GMBH) Hertog Hendriklaan 7A 3743DL Baarn Paesi Bassi Numero BTW (IVA): NL858344567B01 Rappresentato da: Theo Jan Papen Contatto: Telefono: 0174 4369466 E-mail: info@rauchlosefreiheit.de Iscrizione nel registro: Iscrizione nel registro delle imprese. Tribunale: Amersfoort https:\/\/www.kvk.nl\/english\/ Numero di registro: HRB 70497893 Amministratore delegato: Theo -Jan Papen Odette Spierenburg Registro delle imprese: HRB 70497893 Numero di partita IVA: NL858344567B01 L'Unione Europea ...<\/p>","protected":false},"author":1,"featured_media":0,"parent":0,"menu_order":0,"comment_status":"closed","ping_status":"closed","template":"","meta":{"_acf_changed":false,"_genesis_hide_title":false,"_genesis_hide_breadcrumbs":false,"_genesis_hide_singular_image":false,"_genesis_hide_footer_widgets":false,"_genesis_custom_body_class":"","_genesis_custom_post_class":"","_genesis_layout":"","footnotes":""},"class_list":{"1":"page","2":"type-page","5":"entry"},"acf":[],"_links":{"self":[{"href":"https:\/\/rauchlosefreiheit.de\/it\/wp-json\/wp\/v2\/pages\/6670","targetHints":{"allow":["GET"]}}],"collection":[{"href":"https:\/\/rauchlosefreiheit.de\/it\/wp-json\/wp\/v2\/pages"}],"about":[{"href":"https:\/\/rauchlosefreiheit.de\/it\/wp-json\/wp\/v2\/types\/page"}],"author":[{"embeddable":true,"href":"https:\/\/rauchlosefreiheit.de\/it\/wp-json\/wp\/v2\/users\/1"}],"replies":[{"embeddable":true,"href":"https:\/\/rauchlosefreiheit.de\/it\/wp-json\/wp\/v2\/comments?post=6670"}],"version-history":[{"count":7,"href":"https:\/\/rauchlosefreiheit.de\/it\/wp-json\/wp\/v2\/pages\/6670\/revisions"}],"predecessor-version":[{"id":64213,"href":"https:\/\/rauchlosefreiheit.de\/it\/wp-json\/wp\/v2\/pages\/6670\/revisions\/64213"}],"wp:attachment":[{"href":"https:\/\/rauchlosefreiheit.de\/it\/wp-json\/wp\/v2\/media?parent=6670"}],"curies":[{"name":"wp","href":"https:\/\/api.w.org\/{rel}","templated":true}]}}