{"id":504,"date":"2014-12-09T20:58:53","date_gmt":"2014-12-09T20:58:53","guid":{"rendered":"https:\/\/rauchlosefreiheit.de\/?page_id=504"},"modified":"2021-05-21T11:57:51","modified_gmt":"2021-05-21T11:57:51","slug":"cart-3","status":"publish","type":"page","link":"https:\/\/rauchlosefreiheit.de\/it\/carrello-3\/","title":{"rendered":"carrello della spesa"},"content":{"rendered":"<p>Pronto per la spedizione immediata, tempo di consegna 1-3 giorni<\/p>\n<p><strong>Degno di nota<\/strong><br \/>\nSe l'ordine include beni la cui vendita \u00e8 soggetta a restrizioni di et\u00e0, ci assicuriamo che il cliente abbia raggiunto l'et\u00e0 minima richiesta utilizzando una procedura affidabile che include un controllo dell'identit\u00e0 personale e dell'et\u00e0. L'addetto alla consegna consegner\u00e0 la merce solo dopo il controllo dell'et\u00e0 e solo al cliente in persona.<\/p>","protected":false},"excerpt":{"rendered":"<p>Pronto per la spedizione immediata, tempo di consegna 1-3 giorni Da notare Se il tuo ordine include beni la cui vendita \u00e8 soggetta a restrizioni di et\u00e0, ci assicuriamo che il cliente abbia raggiunto l'et\u00e0 minima richiesta utilizzando una procedura affidabile che prevede un controllo dell'identit\u00e0 personale e dell'et\u00e0. L'addetto alla consegna consegner\u00e0 la merce solo dopo il controllo dell'et\u00e0 e solo alla persona che ha effettuato l'ordine personalmente.<\/p>","protected":false},"author":1,"featured_media":0,"parent":0,"menu_order":0,"comment_status":"closed","ping_status":"open","template":"","meta":{"_acf_changed":false,"_genesis_hide_title":false,"_genesis_hide_breadcrumbs":false,"_genesis_hide_singular_image":false,"_genesis_hide_footer_widgets":false,"_genesis_custom_body_class":"","_genesis_custom_post_class":"","_genesis_layout":"","footnotes":""},"class_list":{"1":"page","2":"type-page","5":"entry"},"acf":[],"_links":{"self":[{"href":"https:\/\/rauchlosefreiheit.de\/it\/wp-json\/wp\/v2\/pages\/504","targetHints":{"allow":["GET"]}}],"collection":[{"href":"https:\/\/rauchlosefreiheit.de\/it\/wp-json\/wp\/v2\/pages"}],"about":[{"href":"https:\/\/rauchlosefreiheit.de\/it\/wp-json\/wp\/v2\/types\/page"}],"author":[{"embeddable":true,"href":"https:\/\/rauchlosefreiheit.de\/it\/wp-json\/wp\/v2\/users\/1"}],"replies":[{"embeddable":true,"href":"https:\/\/rauchlosefreiheit.de\/it\/wp-json\/wp\/v2\/comments?post=504"}],"version-history":[{"count":2,"href":"https:\/\/rauchlosefreiheit.de\/it\/wp-json\/wp\/v2\/pages\/504\/revisions"}],"predecessor-version":[{"id":41469,"href":"https:\/\/rauchlosefreiheit.de\/it\/wp-json\/wp\/v2\/pages\/504\/revisions\/41469"}],"wp:attachment":[{"href":"https:\/\/rauchlosefreiheit.de\/it\/wp-json\/wp\/v2\/media?parent=504"}],"curies":[{"name":"wp","href":"https:\/\/api.w.org\/{rel}","templated":true}]}}