{"id":4367,"date":"2015-11-15T13:17:08","date_gmt":"2015-11-15T13:17:08","guid":{"rendered":"https:\/\/rauchlosefreiheit.de\/?page_id=4367"},"modified":"2020-05-14T12:36:23","modified_gmt":"2020-05-14T12:36:23","slug":"liquid-aromen","status":"publish","type":"page","link":"https:\/\/rauchlosefreiheit.de\/it\/sapori-liquidi\/","title":{"rendered":"Aromi Liquidi"},"content":{"rendered":"<p>Sie lieben es E-Zigarette zu rauchen und wechseln gerne die Geschmacksrichtungen? Sie m\u00f6chten Ihr Liquid selber mischen und ben\u00f6tigen hierf\u00fcr verschiedene Aromen? Sie probieren gerne etwas Neues aus und experimentieren mit Aromen?<\/p>\n<h2>Flavour Art und the Perfumers Apprentice Liquid Aromen<\/h2>\n<p>Rauchlosefreiheit.de bietet Ihnen eine gro\u00dfe Anzahl von verschiedenen Liquid Aromen. Sei es zum Beispiel Mango, Kokosnuss, Kaffee, Cappuccino, Banana Cream, Pizza oder Zitrone. Bei uns werden Sie garantiert f\u00fcndig. Viele unserer K\u00e4ufer experimentieren auch mit den Aromen. Aus verschiedenen Fruchtaromen kann man zum Beispiel ein leckeres Tropicalaroma machen. Man muss einfach etwas kreativ sein und schon kann man dem Geschmack seine eigene Note verleihen. Nat\u00fcrlich k\u00f6nnen Sie in unserem Onlineshop nicht nur Liquid Aromen kaufen. Wir bieten Ihnen auch eine gro\u00dfe Bandbreite an E-Zigaretten, Vaporizer und <a href=\"https:\/\/rauchlosefreiheit.de\/e-zigarette-zubehoer\/\">E-Zigaretten Zubeh\u00f6r<\/a> an. Wenn Sie ein Neueinsteiger sind, was das Thema E-Zigaretten und Vaporizer anbelangt, dann stehen wir Ihnen gerne per Telefon oder E-Mail zur Seite und beantworten Ihre offenen Fragen. Rauchlosefreiheit.de ist ein zertifizierter Onlineshop und steht f\u00fcr Qualit\u00e4t. Wir halten unser Wort. F\u00fcr uns steht der Kunde im Focus. Der Kunde ist K\u00f6nig und wir tun alles, um Ihre Bed\u00fcrfnisse in Sachen von E-Zigaretten und Vaporizer nachzukommen.<\/p>\n<h2>Liquid Aromen kombinieren<\/h2>\n<p>In unserem Shop bieten wir Ihnen unz\u00e4hlig viele Liquid Aromen\u00a0 in verschiedenen Sorten an. Bei uns im <a href=\"\/E-Zigaretten-Liquid-Shop\/\">E-Zigaretten Liquid Shop<\/a> k\u00f6nnen Sie zum Beispiel die Sorten Vanille, Passionsfrucht, Tabak, wei\u00dfe Schokolade, Mango, Menthol, Apfel, Zitrone und viele mehr bekommen. Wir empfehlen verschiedene Liquid \u00a0Aromen zu kombinieren. Kombinieren Sie zum Beispiel einmal Apfel mit Mango. Sie werden ein wahres Geschmackserlebnis genie\u00dfen. Probieren Sie einfach verschiedene Kombinationen aus. Die besten Kombinationen sind meistens die wildesten. Mit unserem E-Liquid Rechner k\u00f6nnen Sie genau berechnen wie viel Sie von welcher Fl\u00fcssigkeit nehmen m\u00fcssen, um letzten Endes ein gutes Liquid zu bekommen. Dampfen Sie oft mit Nikotin, dann werden sie mehr Nikotin nehmen m\u00fcssen und die anderen Mengen daran anpassen m\u00fcssen. Unser Rechner berechnet Ihnen das genaue Mischverh\u00e4ltnis. Nach Ihrem Ankauf w\u00fcrden wir uns freuen, wenn Sie unseren Shop bewerten und uns Ihre E-Zigaretten Erfahrung mitteilen w\u00fcrden.<\/p>\n<p>Bestellen Sie jetzt Liquid Aromen und kombinieren Sie diese so, sodass Sie ein Feuerwerk der Geschm\u00e4cker erleben werden.<\/p>\n<p>&nbsp;<\/p>\n<p style=\"text-align: justify;\"><strong><img loading=\"lazy\" decoding=\"async\" class=\"size-full wp-image-4792 alignleft\" src=\"https:\/\/rauchlosefreiheit.de\/wp-content\/uploads\/2016\/04\/flavourart.png\" alt=\"flavourart\" width=\"202\" height=\"60\" \/><br \/>\n<\/strong><\/p>\n<p>&nbsp;<\/p>\n<p>&nbsp;<\/p>\n<p>[su_button url=&#8220;\u00a0https:\/\/rauchlosefreiheit.de\/shop\/flavour-art-aromen&#8220; background=&#8220;#69bdf4&#8243; color=&#8220;#00000&#8243;]Flavour Art Aromen kaufen ?[\/su_button]<\/p>\n<p>&nbsp;<\/p>\n<p>[su_panel]<strong>Flavour Art Aromen<\/strong> &#8211; <span style=\"font-size: 14pt;\">7 Leaves Tobacco- Flavour Art Banana Flavour Art-Black Fire Flavour Art- Blackberry Flavour Art- Caramel Original Flavour Art- Chocolate Flavour Art- Citrus Mix Flavour Art- Cola Flavour Art- Cuban Supreme Flavour Art- Lavendel Flavour Art- Maxx Blend Tobacco Flavour Art- Menthol Arctic Flavour Art- Meringue Flavour Art- Papaya Flavour Art- Peppermint Flavour Art- Reggae Night Tobacco Flavour Art- Rosen Flavour Art- Royal Tobacco Flavour Art- RY4 Tobacco Flavour Art- Spearmint Flavour Art- Strawberry Flavour Art- Summer Clouds Tobacco Flavour Art- Veilchen Flavour Art- Virginia Tobacco Flavour Art- Wald Beeren Mix Flavour Art<\/span>[\/su_panel]<\/p>\n<p><img loading=\"lazy\" decoding=\"async\" class=\"size-full wp-image-4794 alignleft\" src=\"https:\/\/rauchlosefreiheit.de\/wp-content\/uploads\/2016\/04\/logo.png\" alt=\"logo\" width=\"118\" height=\"118\" srcset=\"https:\/\/rauchlosefreiheit.de\/wp-content\/uploads\/2016\/04\/logo-80x80.png 80w, https:\/\/rauchlosefreiheit.de\/wp-content\/uploads\/2016\/04\/logo-100x100.png 100w, https:\/\/rauchlosefreiheit.de\/wp-content\/uploads\/2016\/04\/logo.png 118w\" sizes=\"auto, (max-width: 118px) 100vw, 118px\" \/><\/p>\n<p>&nbsp;<\/p>\n<p>&nbsp;<\/p>\n<p>&nbsp;<\/p>\n<p>&nbsp;<\/p>\n<p>[su_button url=&#8220;https:\/\/rauchlosefreiheit.de\/shop\/liquid-aromen&#8220; background=&#8220;#69bdf4&#8243; color=&#8220;#00000&#8243;]TPA Aromen kaufen ?[\/su_button]<\/p>\n<p>&nbsp;<\/p>\n<p>[su_panel]<strong>the Perfumers Apprentice<\/strong>\u00a0&#8211; <span style=\"font-size: 14pt;\">7 Leaves Tobacco- Flavour Art Banana Flavour Art-Black Fire Flavour Art- Blackberry Flavour Art- Caramel Original Flavour Art- Chocolate Flavour Art- Citrus Mix Flavour Art- Cola Flavour Art- Cuban Supreme Flavour Art- Lavendel Flavour Art- Maxx Blend Tobacco Flavour Art- Menthol Arctic Flavour Art- Meringue Flavour Art- Papaya Flavour Art- Peppermint Flavour Art- Reggae Night Tobacco Flavour Art- Rosen Flavour Art- Royal Tobacco Flavour Art- RY4 Tobacco Flavour Art- Spearmint Flavour Art- Strawberry Flavour Art- Summer Clouds Tobacco Flavour Art- Veilchen Flavour Art- Virginia Tobacco Flavour Art- Wald Beeren Mix Flavour Art<\/span> [\/su_panel]<\/p>\n<p><strong>\u00a0<\/strong><\/p>\n<p style=\"text-align: justify;\"><strong>\u00a0<\/strong><\/p>\n<p>&nbsp;<\/p>\n<p>&nbsp;<\/p>\n<p><img loading=\"lazy\" decoding=\"async\" class=\"aligncenter size-full wp-image-4500\" src=\"https:\/\/rauchlosefreiheit.de\/wp-content\/uploads\/2015\/12\/shutterstock_270566.jpg\" alt=\"vapor no smoke\" width=\"1000\" height=\"150\" srcset=\"https:\/\/rauchlosefreiheit.de\/wp-content\/uploads\/2015\/12\/shutterstock_270566-100x15.jpg 100w, https:\/\/rauchlosefreiheit.de\/wp-content\/uploads\/2015\/12\/shutterstock_270566-300x45.jpg 300w, https:\/\/rauchlosefreiheit.de\/wp-content\/uploads\/2015\/12\/shutterstock_270566-500x75.jpg 500w, https:\/\/rauchlosefreiheit.de\/wp-content\/uploads\/2015\/12\/shutterstock_270566-768x115.jpg 768w, https:\/\/rauchlosefreiheit.de\/wp-content\/uploads\/2015\/12\/shutterstock_270566.jpg 1000w\" sizes=\"auto, (max-width: 1000px) 100vw, 1000px\" \/><\/p>\n","protected":false},"excerpt":{"rendered":"<p>Ami fumare le sigarette elettroniche e ti piace cambiare gusti? Vuoi mescolare il tuo liquido e hai bisogno di diversi aromi per questo? Ti piace provare qualcosa di nuovo e sperimentare i sapori? Flavour Art and the Perfumers Apprentice Liquid Flavours Smokelessfree.com ti offre un gran numero di aromi liquidi diversi. Che sia per esempio Mango, ...<\/p>","protected":false},"author":1,"featured_media":0,"parent":0,"menu_order":0,"comment_status":"closed","ping_status":"closed","template":"","meta":{"_acf_changed":false,"_genesis_hide_title":false,"_genesis_hide_breadcrumbs":false,"_genesis_hide_singular_image":false,"_genesis_hide_footer_widgets":false,"_genesis_custom_body_class":"","_genesis_custom_post_class":"","_genesis_layout":"","footnotes":""},"class_list":{"1":"page","2":"type-page","5":"entry"},"acf":[],"_links":{"self":[{"href":"https:\/\/rauchlosefreiheit.de\/it\/wp-json\/wp\/v2\/pages\/4367","targetHints":{"allow":["GET"]}}],"collection":[{"href":"https:\/\/rauchlosefreiheit.de\/it\/wp-json\/wp\/v2\/pages"}],"about":[{"href":"https:\/\/rauchlosefreiheit.de\/it\/wp-json\/wp\/v2\/types\/page"}],"author":[{"embeddable":true,"href":"https:\/\/rauchlosefreiheit.de\/it\/wp-json\/wp\/v2\/users\/1"}],"replies":[{"embeddable":true,"href":"https:\/\/rauchlosefreiheit.de\/it\/wp-json\/wp\/v2\/comments?post=4367"}],"version-history":[{"count":1,"href":"https:\/\/rauchlosefreiheit.de\/it\/wp-json\/wp\/v2\/pages\/4367\/revisions"}],"predecessor-version":[{"id":38633,"href":"https:\/\/rauchlosefreiheit.de\/it\/wp-json\/wp\/v2\/pages\/4367\/revisions\/38633"}],"wp:attachment":[{"href":"https:\/\/rauchlosefreiheit.de\/it\/wp-json\/wp\/v2\/media?parent=4367"}],"curies":[{"name":"wp","href":"https:\/\/api.w.org\/{rel}","templated":true}]}}