{"id":4365,"date":"2015-11-15T13:15:33","date_gmt":"2015-11-15T13:15:33","guid":{"rendered":"https:\/\/rauchlosefreiheit.de\/?page_id=4365"},"modified":"2020-05-14T12:30:15","modified_gmt":"2020-05-14T12:30:15","slug":"e-zigaretten-liquid-shop","status":"publish","type":"page","link":"https:\/\/rauchlosefreiheit.de\/it\/e-zigaretten-liquid-shop\/","title":{"rendered":"Negozio di sigarette elettroniche"},"content":{"rendered":"<p>Stai cercando un nuovo liquido per la tua sigaretta elettronica? Ti piacerebbe provare un nuovo gusto? Hai mai mescolato il tuo liquido? Sapevi che se mescoli il liquido da solo, puoi risparmiare un&#039;incredibile quantit\u00e0 di denaro?<\/p>\n<h2>Negozio di liquidi per sigarette elettroniche Rauchlosesfreiheit.de<\/h2>\n<p>Fai da te. Mescolare il proprio liquido. Ordinate nicotina, aromi, PG e VG attraverso il nostro esclusivo E-Cigarette Liquid Shop e calcolate il rapporto di miscelazione con il nostro E-Liquid Calculator. Stabilite voi stessi quanta nicotina volete usare. Pi\u00f9 grandi sono le quantit\u00e0 che si acquistano nel negozio, pi\u00f9 si risparmia. \u00c8 anche possibile che si mescolino sapori diversi tra loro. Per esempio, combinare mango e pesca e iniziare un'esperienza di frutta esclusiva. Oltre ai liquidi e agli aromi, \u00e8 possibile scegliere, ad esempio, anche <a href=\"\/it\/E-Zigaretten-Startersets\/\">Set di sigarette elettroniche<\/a> o comprare vaporizzatori. Vi offriamo per il vostro <a href=\"https:\/\/rauchlosefreiheit.de\/it\/accessori-per-e-zigarette\/\">Accessori per sigaretta elettronica<\/a> e vari pezzi di ricambio. Sfoglia il nostro negozio online e scopri i vari dispositivi. Dal momento che siamo un negozio certificato, possiamo garantirvi la qualit\u00e0 e un controllo sicuro. Nel nostro paese di origine, i Paesi Bassi, abbiamo gi\u00e0 stabilito una vasta e solida base di clienti che si distingue per i nostri prodotti e la nostra collaborazione. Molti clienti apprezzano il nostro negozio di sigarette elettroniche.<\/p>\n<h2>\u00a0Negozio di sigarette elettroniche certificate<\/h2>\n<p>Rauchlosefreiheit.de \u00e8 un negozio online certificato. Ci\u00f2 significa che possiamo soddisfare determinati standard di qualit\u00e0 e quindi dimostrare ai nostri clienti che siamo sinonimo di qualit\u00e0 e consegna rapida. Nel nostro negozio di liquidi per sigarette elettroniche ricevi tutti gli ingredienti per un liquido perfetto. Utilizzando il calcolatore di e-liquid, \u00e8 possibile calcolare facilmente la quantit\u00e0 di miscelazione. La calcolatrice pu\u00f2 essere scaricata per dispositivi Android e Apple. Cerca semplicemente nell&#039;app o nel PlayStore il calcolatore di e-liquid e puoi iniziare a mixare. Dopo aver ricevuto la merce, dai una valutazione e parlaci della tua <a href=\"\/it\/E-Zigaretten-Erfahrungen\/\">Esperienze di sigarette elettroniche<\/a>. Non esitate a contattarci per telefono o per e-mail. Provate una nuova esperienza di fumo. Mescolate il vostro liquido secondo i vostri gusti<\/p>\n<p>Ordina ora tutti gli elementi per il tuo liquido nel nostro negozio di liquidi per sigarette elettroniche e risparmia tempo e denaro!<\/p>\n<p><img loading=\"lazy\" decoding=\"async\" class=\"aligncenter size-full wp-image-4500\" src=\"https:\/\/rauchlosefreiheit.de\/wp-content\/uploads\/2015\/12\/shutterstock_270566.jpg\" alt=\"vapore non fumo\" width=\"1000\" height=\"150\" srcset=\"https:\/\/rauchlosefreiheit.de\/wp-content\/uploads\/2015\/12\/shutterstock_270566-100x15.jpg 100w, https:\/\/rauchlosefreiheit.de\/wp-content\/uploads\/2015\/12\/shutterstock_270566-300x45.jpg 300w, https:\/\/rauchlosefreiheit.de\/wp-content\/uploads\/2015\/12\/shutterstock_270566-500x75.jpg 500w, https:\/\/rauchlosefreiheit.de\/wp-content\/uploads\/2015\/12\/shutterstock_270566-768x115.jpg 768w, https:\/\/rauchlosefreiheit.de\/wp-content\/uploads\/2015\/12\/shutterstock_270566.jpg 1000w\" sizes=\"auto, (max-width: 1000px) 100vw, 1000px\" \/><\/p>\n<p>&nbsp;<\/p>","protected":false},"excerpt":{"rendered":"<p>Stai cercando un nuovo liquido per la tua sigaretta elettronica? Vuoi provare un nuovo sapore? Hai mai mescolato il tuo liquido? Sapevate che se mescolate il liquido da soli, potete risparmiare una quantit\u00e0 incredibile di denaro? Negozio di liquidi per sigarette elettroniche Rauchlosefreiheit.de DIY- Do It Yourself. Mescola il tuo ...<\/p>","protected":false},"author":1,"featured_media":0,"parent":0,"menu_order":0,"comment_status":"closed","ping_status":"closed","template":"","meta":{"_acf_changed":false,"_genesis_hide_title":false,"_genesis_hide_breadcrumbs":false,"_genesis_hide_singular_image":false,"_genesis_hide_footer_widgets":false,"_genesis_custom_body_class":"","_genesis_custom_post_class":"","_genesis_layout":"","footnotes":""},"class_list":{"1":"page","2":"type-page","5":"entry"},"acf":[],"_links":{"self":[{"href":"https:\/\/rauchlosefreiheit.de\/it\/wp-json\/wp\/v2\/pages\/4365","targetHints":{"allow":["GET"]}}],"collection":[{"href":"https:\/\/rauchlosefreiheit.de\/it\/wp-json\/wp\/v2\/pages"}],"about":[{"href":"https:\/\/rauchlosefreiheit.de\/it\/wp-json\/wp\/v2\/types\/page"}],"author":[{"embeddable":true,"href":"https:\/\/rauchlosefreiheit.de\/it\/wp-json\/wp\/v2\/users\/1"}],"replies":[{"embeddable":true,"href":"https:\/\/rauchlosefreiheit.de\/it\/wp-json\/wp\/v2\/comments?post=4365"}],"version-history":[{"count":1,"href":"https:\/\/rauchlosefreiheit.de\/it\/wp-json\/wp\/v2\/pages\/4365\/revisions"}],"predecessor-version":[{"id":38627,"href":"https:\/\/rauchlosefreiheit.de\/it\/wp-json\/wp\/v2\/pages\/4365\/revisions\/38627"}],"wp:attachment":[{"href":"https:\/\/rauchlosefreiheit.de\/it\/wp-json\/wp\/v2\/media?parent=4365"}],"curies":[{"name":"wp","href":"https:\/\/api.w.org\/{rel}","templated":true}]}}