{"id":4361,"date":"2015-11-14T16:09:46","date_gmt":"2015-11-14T16:09:46","guid":{"rendered":"https:\/\/rauchlosefreiheit.de\/?page_id=4361"},"modified":"2021-03-18T08:23:24","modified_gmt":"2021-03-18T08:23:24","slug":"e-zigarette-erfahrungen","status":"publish","type":"page","link":"https:\/\/rauchlosefreiheit.de\/it\/esperienze-con-le-sigarette-elettroniche\/","title":{"rendered":"Esperienze di sigarette elettroniche"},"content":{"rendered":"<p>Sei interessato all'argomento e-sigaretta?  Siete alla ricerca di rapporti sulle esperienze di e-sigaretta e volete sapere se \u00e8 possibile confrontare la fumata di una e-sigaretta con il fumo di una normale sigaretta?<\/p>\n<h2>Ci sono molte testimonianze diverse di e-sigarette<\/h2>\n<p>La cottura a vapore di un\u00a0<a href=\"\/it\/elektronischen-Zigarette\/\">sigaretta elettronica<\/a> non pu\u00f2 essere messo a parole, bisogna provarlo una volta sola.  Ci sono molte testimonianze diverse, di cui potremmo parlarvi ora, ma il fatto \u00e8 che la sigaretta elettronica ha molti vantaggi. Un grande vantaggio \u00e8 che si pu\u00f2 anche cuocere a vapore la sigaretta elettronica in camere per non fumatori. Vapore \u00e8 una parola chiave molto importante. La sigaretta elettronica funziona secondo il principio della vaporizzazione. Ci\u00f2 significa che il liquido viene riscaldato a bassa temperatura. Questo fa s\u00ec che si vaporizzi e che possa essere inalato. Le sostanze tossiche, come il catrame, non entrano quindi nei polmoni. Pertanto, vaporizzare una sigaretta elettronica \u00e8 pi\u00f9 sano che fumare una sigaretta convenzionale. Inoltre, \u00e8 possibile ridurre il consumo di nicotina con una sigaretta elettronica. Quindi, se siete fortemente dipendenti dalla nicotina, potete semplicemente mescolare il vostro liquido da soli e ridurre gradualmente il contenuto di nicotina.  \u00c8 difficile dire quale sia ora la migliore sigaretta elettronica. Se siete interessati a un <a href=\"\/it\/E-Zigaretten-Starterset\/\">Set per l'accensione della sigaretta elettronica<\/a> Se avete delle mini e-sigarette, assicuratevi di non comprarne. La durata della batteria \u00e8 molto breve e appena sufficiente per un normale consumatore.<\/p>\n<h2>Testimonianze e suggerimenti sulle sigarette elettroniche<\/h2>\n<p>La sigaretta elettronica come fase intermedia per smettere di fumare. Questo \u00e8 il principio che si sente dire pi\u00f9 volte nei rapporti sulle esperienze di e-sigaretta. Molte persone ne sono entusiaste. Chi ordina da noi, non vede l'ora di alzare finalmente il pacco in mano. Spesso il pacchetto viene aperto direttamente e la sigaretta elettronica viene assemblata. E poi \u00e8 l\u00ec. Il primo momento in cui si accende una sigaretta elettronica. Spesso si sente dire che all'inizio \u00e8 divertente, perch\u00e9 la sigaretta elettronica non \u00e8 leggera come quella normale, ma la sensazione di vapore convince tutti. I nostri acquirenti sono entusiasti di poter finalmente fumare di nuovo nell'appartamento.  Questa libert\u00e0 senza fumo \u00e8 incredibile. Molti dei nostri acquirenti stanno gradualmente riducendo al minimo il contenuto di nicotina e cercando di diventare liberi dal fumo.  Il fatto \u00e8 che fumare una sigaretta elettronica \u00e8 pi\u00f9 sano che fumare una sigaretta normale. Che ora il <a href=\"\/it\/beste-E-Zigarette\/\">migliore sigaretta elettronica<\/a> ognuno la pensa diversamente. Vi preghiamo di inviarci il vostro rapporto di esperienza di e-sigaretta.<\/p>\n<p>Acquista ora la tua e-sigaretta tramite il nostro negozio online e inviaci il tuo personale <a href=\"\/it\/E-Zigaretten\/\">E-sigarette<\/a> Rapporto sul campo.<\/p>\n<p><img loading=\"lazy\" decoding=\"async\" class=\"aligncenter size-full wp-image-4500\" src=\"https:\/\/rauchlosefreiheit.de\/wp-content\/uploads\/2015\/12\/shutterstock_270566.jpg\" alt=\"vapore non fumo\" width=\"1000\" height=\"150\" srcset=\"https:\/\/rauchlosefreiheit.de\/wp-content\/uploads\/2015\/12\/shutterstock_270566-100x15.jpg 100w, https:\/\/rauchlosefreiheit.de\/wp-content\/uploads\/2015\/12\/shutterstock_270566-300x45.jpg 300w, https:\/\/rauchlosefreiheit.de\/wp-content\/uploads\/2015\/12\/shutterstock_270566-500x75.jpg 500w, https:\/\/rauchlosefreiheit.de\/wp-content\/uploads\/2015\/12\/shutterstock_270566-768x115.jpg 768w, https:\/\/rauchlosefreiheit.de\/wp-content\/uploads\/2015\/12\/shutterstock_270566.jpg 1000w\" sizes=\"auto, (max-width: 1000px) 100vw, 1000px\" \/><\/p>","protected":false},"excerpt":{"rendered":"<p>Sei interessato all'argomento delle sigarette elettroniche?  Sei alla ricerca di testimonianze di sigarette elettroniche e vorresti sapere se \u00e8 possibile paragonare lo svapo di una sigaretta elettronica con il fumo di una sigaretta normale? Ci sono molte testimonianze diverse di sigarette elettroniche Non si pu\u00f2 mettere in parole il vaping di una sigaretta elettronica, bisogna provarlo una volta.  Ci sono molti ...<\/p>","protected":false},"author":1,"featured_media":0,"parent":0,"menu_order":0,"comment_status":"closed","ping_status":"closed","template":"","meta":{"_acf_changed":false,"_genesis_hide_title":false,"_genesis_hide_breadcrumbs":false,"_genesis_hide_singular_image":false,"_genesis_hide_footer_widgets":false,"_genesis_custom_body_class":"","_genesis_custom_post_class":"","_genesis_layout":"","footnotes":""},"class_list":{"1":"page","2":"type-page","5":"entry"},"acf":[],"_links":{"self":[{"href":"https:\/\/rauchlosefreiheit.de\/it\/wp-json\/wp\/v2\/pages\/4361","targetHints":{"allow":["GET"]}}],"collection":[{"href":"https:\/\/rauchlosefreiheit.de\/it\/wp-json\/wp\/v2\/pages"}],"about":[{"href":"https:\/\/rauchlosefreiheit.de\/it\/wp-json\/wp\/v2\/types\/page"}],"author":[{"embeddable":true,"href":"https:\/\/rauchlosefreiheit.de\/it\/wp-json\/wp\/v2\/users\/1"}],"replies":[{"embeddable":true,"href":"https:\/\/rauchlosefreiheit.de\/it\/wp-json\/wp\/v2\/comments?post=4361"}],"version-history":[{"count":1,"href":"https:\/\/rauchlosefreiheit.de\/it\/wp-json\/wp\/v2\/pages\/4361\/revisions"}],"predecessor-version":[{"id":38623,"href":"https:\/\/rauchlosefreiheit.de\/it\/wp-json\/wp\/v2\/pages\/4361\/revisions\/38623"}],"wp:attachment":[{"href":"https:\/\/rauchlosefreiheit.de\/it\/wp-json\/wp\/v2\/media?parent=4361"}],"curies":[{"name":"wp","href":"https:\/\/api.w.org\/{rel}","templated":true}]}}